{"id":12636,"date":"2025-06-12T08:02:25","date_gmt":"2025-06-12T06:02:25","guid":{"rendered":"https:\/\/candeebaar.ee\/?post_type=product&#038;p=12636"},"modified":"2026-04-12T22:31:06","modified_gmt":"2026-04-12T20:31:06","slug":"sausa-krasviela-violeta-8-g-partikas-krasvielu","status":"publish","type":"product","link":"https:\/\/candeebaar.ee\/lv\/veikals\/sausa-krasviela-violeta-8-g-partikas-krasvielu\/","title":{"rendered":"Saus\u0101 kr\u0101sviela violeta 8g p\u0101rtikas kr\u0101svielas"},"content":{"rendered":"<p>\u016aden\u012b \u0161\u0137\u012bsto\u0161a saus\u0101 p\u0101rtikas kr\u0101sviela \u201cViolet\u201d.<br \/>\nLieto\u0161ana: iz\u0161\u0137\u012bdiniet nepiecie\u0161amo kr\u0101svielas daudzumu neliel\u0101 \u016bdens vai cita \u0161\u0137idruma daudzum\u0101, p\u0113c tam ievadiet to produkt\u0101. Ieteicam\u0101 deva 0,003%-0,007% no produkta svara.<br \/>\nSast\u0101vs: E122, E133, E151. Uzglab\u0101t saus\u0101, v\u0113s\u0101 viet\u0101. Der\u012bguma termi\u0146\u0161 4 gadi no ra\u017eo\u0161anas datuma.<br \/>\n*Var negat\u012bvi ietekm\u0113t b\u0113rnu aktivit\u0101ti un uzman\u012bbu.<br \/>\nMasa: 8g<br \/>\nRa\u017eot\u0101js: Food Colours, Polija<\/p>","protected":false},"excerpt":{"rendered":"<p>Saus\u0101 p\u0101rtikas kr\u0101sviela \u016bden\u012b \u0161\u0137\u012bsto\u0161a \u201cViolet\u201d. Lieto\u0161ana: nepiecie\u0161amo kr\u0101svielas daudzumu iz\u0161\u0137\u012bdiniet neliel\u0101 \u016bdens vai cita \u0161\u0137idruma daudzum\u0101 un p\u0113c tam pievienojiet to produktam. Ieteicam\u0101 deva 0,003%-0,007% no produkta svara. Sast\u0101vs: E122, E133, E151. Uzglab\u0101t saus\u0101, v\u0113s\u0101 viet\u0101. Der\u012bguma termi\u0146\u0161 4 gadi no ra\u017eo\u0161anas datuma. *Var b\u016bt [\u2026]<\/p>","protected":false},"featured_media":12637,"template":"","meta":{"_seopress_robots_primary_cat":"none","_seopress_titles_title":"","_seopress_titles_desc":"","_seopress_robots_index":""},"product_brand":[],"product_cat":[15,112,106],"product_tag":[],"class_list":{"0":"post-12636","1":"product","2":"type-product","3":"status-publish","4":"has-post-thumbnail","6":"product_cat-all-products","7":"product_cat-powder-water-soluble","8":"product_cat-new","10":"first","11":"instock","12":"taxable","13":"shipping-taxable","14":"purchasable","15":"product-type-simple"},"_links":{"self":[{"href":"https:\/\/candeebaar.ee\/lv\/wp-json\/wp\/v2\/product\/12636","targetHints":{"allow":["GET"]}}],"collection":[{"href":"https:\/\/candeebaar.ee\/lv\/wp-json\/wp\/v2\/product"}],"about":[{"href":"https:\/\/candeebaar.ee\/lv\/wp-json\/wp\/v2\/types\/product"}],"version-history":[{"count":1,"href":"https:\/\/candeebaar.ee\/lv\/wp-json\/wp\/v2\/product\/12636\/revisions"}],"predecessor-version":[{"id":12638,"href":"https:\/\/candeebaar.ee\/lv\/wp-json\/wp\/v2\/product\/12636\/revisions\/12638"}],"wp:featuredmedia":[{"embeddable":true,"href":"https:\/\/candeebaar.ee\/lv\/wp-json\/wp\/v2\/media\/12637"}],"wp:attachment":[{"href":"https:\/\/candeebaar.ee\/lv\/wp-json\/wp\/v2\/media?parent=12636"}],"wp:term":[{"taxonomy":"product_brand","embeddable":true,"href":"https:\/\/candeebaar.ee\/lv\/wp-json\/wp\/v2\/product_brand?post=12636"},{"taxonomy":"product_cat","embeddable":true,"href":"https:\/\/candeebaar.ee\/lv\/wp-json\/wp\/v2\/product_cat?post=12636"},{"taxonomy":"product_tag","embeddable":true,"href":"https:\/\/candeebaar.ee\/lv\/wp-json\/wp\/v2\/product_tag?post=12636"}],"curies":[{"name":"wp","href":"https:\/\/api.w.org\/{rel}","templated":true}]}}