{"id":12668,"date":"2025-06-16T13:12:19","date_gmt":"2025-06-16T11:12:19","guid":{"rendered":"https:\/\/candeebaar.ee\/?post_type=product&#038;p=12668"},"modified":"2026-04-06T08:35:44","modified_gmt":"2026-04-06T06:35:44","slug":"agars-1200-500-g","status":"publish","type":"product","link":"https:\/\/candeebaar.ee\/lv\/veikals\/agars-1200-500-g\/","title":{"rendered":"Agars-agars 1200 ziedi 500g"},"content":{"rendered":"<p>Agaru-agaru izmanto k\u0101 biezin\u0101t\u0101ju zef\u012bru, \u017eelejas, \u201cPutna piena\u201d un citu pagatavo\u0161anai.<br \/>\nAugu b\u0101zes \u017eelat\u012bna aizst\u0101j\u0113js bez kr\u0101sas un smar\u017eas.<br \/>\nSp\u0113ks ir <strong>\u00a01200 zied<\/strong>.<br \/>\nMasa: 500g<br \/>\nSast\u0101vs uz 100 g:<br \/>\nUzturv\u0113rt\u012bba: 1411kJ\/336kcal<br \/>\nOlbaltumvielas: 6,2g<br \/>\nTauki: 0,3 g<br \/>\nOg\u013chidr\u0101ti (cukuri): 73,2g (3g)<br \/>\n\u0160\u0137iedra: 7,7g<br \/>\nUzglab\u0101t saus\u0101, v\u0113s\u0101 viet\u0101, nosl\u0113gt\u0101 iepakojum\u0101. Var satur\u0113t p\u0113das: <strong>rieksti, soja, lipeklis<\/strong>.<br \/>\nRa\u017eo\u0161ana: Polija<\/p>","protected":false},"excerpt":{"rendered":"<p>Agaragaru izmanto k\u0101 biezin\u0101t\u0101ju zef\u012bru, \u017eelejas, \u201cPutnu piena\u201d un citu produktu pagatavo\u0161anai. Augu izcelsmes \u017eelat\u012bna aizst\u0101j\u0113js bez kr\u0101sas un smar\u017eas. Stiprums ir 1200 ziedi. Masa: 500 g Saturs uz 100 g: Uzturv\u0113rt\u012bba: 1411 kJ\/336 kcal Olbaltumvielas: 6,2 g Tauki: 0,3 g Og\u013chidr\u0101ti (cukuri): 73,2 g (3 g) \u0160\u0137iedrvielas: 7,7 g Uzglab\u0101t saus\u0101, v\u0113s\u0101 viet\u0101, nosl\u0113gt\u0101 iepakojum\u0101. [\u2026]<\/p>","protected":false},"featured_media":6171,"template":"","meta":{"_seopress_robots_primary_cat":"none","_seopress_titles_title":"","_seopress_titles_desc":"","_seopress_robots_index":""},"product_brand":[],"product_cat":[15,100,106],"product_tag":[],"class_list":{"0":"post-12668","1":"product","2":"type-product","3":"status-publish","4":"has-post-thumbnail","6":"product_cat-all-products","7":"product_cat-thickeners","8":"product_cat-new","10":"first","11":"instock","12":"taxable","13":"shipping-taxable","14":"purchasable","15":"product-type-simple"},"_links":{"self":[{"href":"https:\/\/candeebaar.ee\/lv\/wp-json\/wp\/v2\/product\/12668","targetHints":{"allow":["GET"]}}],"collection":[{"href":"https:\/\/candeebaar.ee\/lv\/wp-json\/wp\/v2\/product"}],"about":[{"href":"https:\/\/candeebaar.ee\/lv\/wp-json\/wp\/v2\/types\/product"}],"version-history":[{"count":1,"href":"https:\/\/candeebaar.ee\/lv\/wp-json\/wp\/v2\/product\/12668\/revisions"}],"predecessor-version":[{"id":12669,"href":"https:\/\/candeebaar.ee\/lv\/wp-json\/wp\/v2\/product\/12668\/revisions\/12669"}],"wp:featuredmedia":[{"embeddable":true,"href":"https:\/\/candeebaar.ee\/lv\/wp-json\/wp\/v2\/media\/6171"}],"wp:attachment":[{"href":"https:\/\/candeebaar.ee\/lv\/wp-json\/wp\/v2\/media?parent=12668"}],"wp:term":[{"taxonomy":"product_brand","embeddable":true,"href":"https:\/\/candeebaar.ee\/lv\/wp-json\/wp\/v2\/product_brand?post=12668"},{"taxonomy":"product_cat","embeddable":true,"href":"https:\/\/candeebaar.ee\/lv\/wp-json\/wp\/v2\/product_cat?post=12668"},{"taxonomy":"product_tag","embeddable":true,"href":"https:\/\/candeebaar.ee\/lv\/wp-json\/wp\/v2\/product_tag?post=12668"}],"curies":[{"name":"wp","href":"https:\/\/api.w.org\/{rel}","templated":true}]}}