{"id":12672,"date":"2025-06-16T13:26:54","date_gmt":"2025-06-16T11:26:54","guid":{"rendered":"https:\/\/candeebaar.ee\/?post_type=product&#038;p=12672"},"modified":"2025-09-24T09:12:19","modified_gmt":"2025-09-24T07:12:19","slug":"lapota-pasta-1000g-balta-kopija","status":"publish","type":"product","link":"https:\/\/candeebaar.ee\/lv\/veikals\/lapota-pasta-1000g-balta-kopija\/","title":{"rendered":"Laped Wonder pasta 1000g (balta)"},"content":{"rendered":"<p>Gatavs lieto\u0161anai, gluds rullfondants desertu p\u0101rkl\u0101\u0161anai, viegli kr\u0101sojams ar \u017eelejveida vai pulverveida \u016bden\u012b \u0161\u0137\u012bsto\u0161\u0101m kr\u0101sviel\u0101m.<br \/>\nSvars: 1000g<br \/>\nSast\u0101vda\u013cas: cukurs, glikozes s\u012brups, rafin\u0113ta un hidrogen\u0113ta augu e\u013c\u013ca (palmu, kokvilnas, kokosriekstu, saflora, saulespu\u0137u, babas\u016b e\u013c\u013ca, \u0161\u012b sviests un Illipe), stabiliz\u0113t\u0101js E414, E466, E412, emulgators E422, sk\u0101buma regul\u0113t\u0101js: E330, konservants: E202, aromatiz\u0113t\u0101ji<br \/>\nSast\u0101vs uz 100g:<br \/>\nEner\u0123\u0113tisk\u0101 v\u0113rt\u012bba: 389 kcal\/1577 kJ<br \/>\nTauki (pies\u0101tin\u0101tie): 4,7 (3,5) g<br \/>\nKarbon\u0101ti (cukuri): 87,8 (80,2) g<br \/>\nOlbaltumvielas: 0g<br \/>\nS\u0101ls: 0,1 g<br \/>\nUzglab\u0101t v\u0113s\u0101, tum\u0161\u0101 viet\u0101 cie\u0161i nosl\u0113gtu.<br \/>\nIeteicams l\u012bdz (partijas numurs): 04.06.2026 (24339100WIP)<br \/>\nRa\u017eo\u0161ana: Laped, It\u0101lija<\/p>","protected":false},"excerpt":{"rendered":"<p>Gatavs lieto\u0161anai gluds rullfondants desertu p\u0101rkl\u0101\u0161anai, viegli kr\u0101sojams ar \u017eelejveida vai pulverveida \u016bden\u012b \u0161\u0137\u012bsto\u0161\u0101m kr\u0101sviel\u0101m. Svars: 1000 g Sast\u0101vda\u013cas: cukurs, glikozes s\u012brups, rafin\u0113ta un hidrogen\u0113ta augu e\u013c\u013ca (palmu, kokvilnas, kokosriekstu, saflora, saulespu\u0137u, babassu e\u013c\u013ca, \u0161\u012b sviests un illipe), stabilizators E414, E466, E412, emulgators E422, sk\u0101buma regul\u0113t\u0101js: E330, konservants: E202, aromatiz\u0113t\u0101ji Saturs uz 100 g: [\u2026]<\/p>","protected":false},"featured_media":12674,"template":"","meta":{"_seopress_robots_primary_cat":"none","_seopress_titles_title":"","_seopress_titles_desc":"","_seopress_robots_index":""},"product_brand":[],"product_cat":[15,102,106],"product_tag":[],"class_list":{"0":"post-12672","1":"product","2":"type-product","3":"status-publish","4":"has-post-thumbnail","6":"product_cat-all-products","7":"product_cat-sugars","8":"product_cat-new","10":"first","11":"outofstock","12":"taxable","13":"shipping-taxable","14":"purchasable","15":"product-type-simple"},"_links":{"self":[{"href":"https:\/\/candeebaar.ee\/lv\/wp-json\/wp\/v2\/product\/12672","targetHints":{"allow":["GET"]}}],"collection":[{"href":"https:\/\/candeebaar.ee\/lv\/wp-json\/wp\/v2\/product"}],"about":[{"href":"https:\/\/candeebaar.ee\/lv\/wp-json\/wp\/v2\/types\/product"}],"version-history":[{"count":1,"href":"https:\/\/candeebaar.ee\/lv\/wp-json\/wp\/v2\/product\/12672\/revisions"}],"predecessor-version":[{"id":12675,"href":"https:\/\/candeebaar.ee\/lv\/wp-json\/wp\/v2\/product\/12672\/revisions\/12675"}],"wp:featuredmedia":[{"embeddable":true,"href":"https:\/\/candeebaar.ee\/lv\/wp-json\/wp\/v2\/media\/12674"}],"wp:attachment":[{"href":"https:\/\/candeebaar.ee\/lv\/wp-json\/wp\/v2\/media?parent=12672"}],"wp:term":[{"taxonomy":"product_brand","embeddable":true,"href":"https:\/\/candeebaar.ee\/lv\/wp-json\/wp\/v2\/product_brand?post=12672"},{"taxonomy":"product_cat","embeddable":true,"href":"https:\/\/candeebaar.ee\/lv\/wp-json\/wp\/v2\/product_cat?post=12672"},{"taxonomy":"product_tag","embeddable":true,"href":"https:\/\/candeebaar.ee\/lv\/wp-json\/wp\/v2\/product_tag?post=12672"}],"curies":[{"name":"wp","href":"https:\/\/api.w.org\/{rel}","templated":true}]}}