{"id":12726,"date":"2025-06-30T11:19:41","date_gmt":"2025-06-30T09:19:41","guid":{"rendered":"https:\/\/candeebaar.ee\/?post_type=product&#038;p=12726"},"modified":"2026-04-05T08:03:05","modified_gmt":"2026-04-05T06:03:05","slug":"sokolades-karba-18102-5cm-melna","status":"publish","type":"product","link":"https:\/\/candeebaar.ee\/lv\/veikals\/sokolades-karba-18102-5cm-melna\/","title":{"rendered":"\u0160okol\u0101des k\u0101rba 18*10*2.5cm melna"},"content":{"rendered":"<p>Viegli saliekama kartona kaste \u0161okol\u0101des t\u0101fel\u012btei.<br \/>\nIzm\u0113rs: 180*100*h25mm (logs 150*70mm)<br \/>\nMateri\u0101ls: kartons, caursp\u012bd\u012bgs plastmasas lodzi\u0146\u0161<br \/>\nKr\u0101sa: melna<\/p>","protected":false},"excerpt":{"rendered":"<p>Viegli saliekama kartona kaste \u0161okol\u0101des t\u0101fel\u012btei. Izm\u0113rs: 180*100*h25mm (lodzi\u0146\u0161 150*70mm). Materi\u0101ls: kartons, caursp\u012bd\u012bgs plastmasas lodzi\u0146\u0161. Kr\u0101sa: melna.<\/p>","protected":false},"featured_media":12806,"template":"","meta":{"_seopress_robots_primary_cat":"none","_seopress_titles_title":"","_seopress_titles_desc":"","_seopress_robots_index":""},"product_brand":[],"product_cat":[150,153,154,156,93,109,106],"product_tag":[],"class_list":{"0":"post-12726","1":"product","2":"type-product","3":"status-publish","4":"has-post-thumbnail","6":"product_cat-dessert-boxes","7":"product_cat-candy-boxes","8":"product_cat-different-style","9":"product_cat-low-boxes","10":"product_cat-gift-packaging","11":"product_cat-sale","12":"product_cat-new","14":"first","15":"instock","16":"sale","17":"taxable","18":"shipping-taxable","19":"purchasable","20":"product-type-simple"},"_links":{"self":[{"href":"https:\/\/candeebaar.ee\/lv\/wp-json\/wp\/v2\/product\/12726","targetHints":{"allow":["GET"]}}],"collection":[{"href":"https:\/\/candeebaar.ee\/lv\/wp-json\/wp\/v2\/product"}],"about":[{"href":"https:\/\/candeebaar.ee\/lv\/wp-json\/wp\/v2\/types\/product"}],"version-history":[{"count":1,"href":"https:\/\/candeebaar.ee\/lv\/wp-json\/wp\/v2\/product\/12726\/revisions"}],"predecessor-version":[{"id":12729,"href":"https:\/\/candeebaar.ee\/lv\/wp-json\/wp\/v2\/product\/12726\/revisions\/12729"}],"wp:featuredmedia":[{"embeddable":true,"href":"https:\/\/candeebaar.ee\/lv\/wp-json\/wp\/v2\/media\/12806"}],"wp:attachment":[{"href":"https:\/\/candeebaar.ee\/lv\/wp-json\/wp\/v2\/media?parent=12726"}],"wp:term":[{"taxonomy":"product_brand","embeddable":true,"href":"https:\/\/candeebaar.ee\/lv\/wp-json\/wp\/v2\/product_brand?post=12726"},{"taxonomy":"product_cat","embeddable":true,"href":"https:\/\/candeebaar.ee\/lv\/wp-json\/wp\/v2\/product_cat?post=12726"},{"taxonomy":"product_tag","embeddable":true,"href":"https:\/\/candeebaar.ee\/lv\/wp-json\/wp\/v2\/product_tag?post=12726"}],"curies":[{"name":"wp","href":"https:\/\/api.w.org\/{rel}","templated":true}]}}