{"id":12808,"date":"2025-06-30T11:20:00","date_gmt":"2025-06-30T09:20:00","guid":{"rendered":"https:\/\/candeebaar.ee\/?post_type=product&#038;p=12808"},"modified":"2026-04-13T07:56:26","modified_gmt":"2026-04-13T05:56:26","slug":"sokolades-karba-18102-5cm-rokdarbu","status":"publish","type":"product","link":"https:\/\/candeebaar.ee\/lv\/veikals\/sokolades-karba-18102-5cm-rokdarbu\/","title":{"rendered":"\u0160okol\u0101des k\u0101rba 18*10*2.5cm rokdarbs"},"content":{"rendered":"<p>Viegli saliekama kartona kaste \u0161okol\u0101des t\u0101fel\u012btei.<br \/>\nIzm\u0113rs: 180*100*h25mm (logs 150*70mm)<br \/>\nMateri\u0101ls: kartons, caursp\u012bd\u012bgs plastmasas lodzi\u0146\u0161<br \/>\nKr\u0101sa: amatniec\u012bba<\/p>","protected":false},"excerpt":{"rendered":"<p>Viegli saliekama kartona kaste \u0161okol\u0101des t\u0101fel\u012btei. Izm\u0113rs: 180*100*h25mm (logs 150*70mm). Materi\u0101ls: kartons, caursp\u012bd\u012bgs plastmasas lodzi\u0146\u0161. Kr\u0101sa: rokdarbu.<\/p>","protected":false},"featured_media":12805,"template":"","meta":{"_seopress_robots_primary_cat":"none","_seopress_titles_title":"","_seopress_titles_desc":"","_seopress_robots_index":""},"product_brand":[],"product_cat":[182,181,183,150,153,154,156,93,106],"product_tag":[],"class_list":{"0":"post-12808","1":"product","2":"type-product","3":"status-publish","4":"has-post-thumbnail","6":"product_cat-christmas","7":"product_cat-christmas-new-year","8":"product_cat-valentines-day","9":"product_cat-dessert-boxes","10":"product_cat-candy-boxes","11":"product_cat-different-style","12":"product_cat-low-boxes","13":"product_cat-gift-packaging","14":"product_cat-new","16":"first","17":"instock","18":"taxable","19":"shipping-taxable","20":"purchasable","21":"product-type-simple"},"_links":{"self":[{"href":"https:\/\/candeebaar.ee\/lv\/wp-json\/wp\/v2\/product\/12808","targetHints":{"allow":["GET"]}}],"collection":[{"href":"https:\/\/candeebaar.ee\/lv\/wp-json\/wp\/v2\/product"}],"about":[{"href":"https:\/\/candeebaar.ee\/lv\/wp-json\/wp\/v2\/types\/product"}],"version-history":[{"count":1,"href":"https:\/\/candeebaar.ee\/lv\/wp-json\/wp\/v2\/product\/12808\/revisions"}],"predecessor-version":[{"id":12811,"href":"https:\/\/candeebaar.ee\/lv\/wp-json\/wp\/v2\/product\/12808\/revisions\/12811"}],"wp:featuredmedia":[{"embeddable":true,"href":"https:\/\/candeebaar.ee\/lv\/wp-json\/wp\/v2\/media\/12805"}],"wp:attachment":[{"href":"https:\/\/candeebaar.ee\/lv\/wp-json\/wp\/v2\/media?parent=12808"}],"wp:term":[{"taxonomy":"product_brand","embeddable":true,"href":"https:\/\/candeebaar.ee\/lv\/wp-json\/wp\/v2\/product_brand?post=12808"},{"taxonomy":"product_cat","embeddable":true,"href":"https:\/\/candeebaar.ee\/lv\/wp-json\/wp\/v2\/product_cat?post=12808"},{"taxonomy":"product_tag","embeddable":true,"href":"https:\/\/candeebaar.ee\/lv\/wp-json\/wp\/v2\/product_tag?post=12808"}],"curies":[{"name":"wp","href":"https:\/\/api.w.org\/{rel}","templated":true}]}}