{"id":12810,"date":"2025-06-30T11:20:03","date_gmt":"2025-06-30T09:20:03","guid":{"rendered":"https:\/\/candeebaar.ee\/?post_type=product&#038;p=12810"},"modified":"2026-04-14T09:40:55","modified_gmt":"2026-04-14T07:40:55","slug":"sokolades-karba-18102-5cm-balta","status":"publish","type":"product","link":"https:\/\/candeebaar.ee\/lv\/veikals\/sokolades-karba-18102-5cm-balta\/","title":{"rendered":"\u0160okol\u0101des k\u0101rba 18*10*2.5cm Balta"},"content":{"rendered":"<p>Viegli saliekama kartona kaste \u0161okol\u0101des t\u0101fel\u012btei.<br \/>\nIzm\u0113rs: 180*100*h25mm (logs 150*70mm)<br \/>\nMateri\u0101ls: kartons, caursp\u012bd\u012bgs plastmasas lodzi\u0146\u0161<br \/>\nKr\u0101sa: balta<\/p>","protected":false},"excerpt":{"rendered":"<p>Viegli saliekama kartona kaste \u0161okol\u0101des t\u0101fel\u012btei. Izm\u0113rs: 180*100*h25mm (logs 150*70mm). Materi\u0101ls: kartons, caursp\u012bd\u012bgs plastmasas lodzi\u0146\u0161. Kr\u0101sa: balta.<\/p>","protected":false},"featured_media":12804,"template":"","meta":{"_seopress_robots_primary_cat":"none","_seopress_titles_title":"","_seopress_titles_desc":"","_seopress_robots_index":""},"product_brand":[],"product_cat":[183,150,153,154,156,93,106],"product_tag":[],"class_list":{"0":"post-12810","1":"product","2":"type-product","3":"status-publish","4":"has-post-thumbnail","6":"product_cat-valentines-day","7":"product_cat-dessert-boxes","8":"product_cat-candy-boxes","9":"product_cat-different-style","10":"product_cat-low-boxes","11":"product_cat-gift-packaging","12":"product_cat-new","14":"first","15":"instock","16":"taxable","17":"shipping-taxable","18":"purchasable","19":"product-type-simple"},"_links":{"self":[{"href":"https:\/\/candeebaar.ee\/lv\/wp-json\/wp\/v2\/product\/12810","targetHints":{"allow":["GET"]}}],"collection":[{"href":"https:\/\/candeebaar.ee\/lv\/wp-json\/wp\/v2\/product"}],"about":[{"href":"https:\/\/candeebaar.ee\/lv\/wp-json\/wp\/v2\/types\/product"}],"version-history":[{"count":1,"href":"https:\/\/candeebaar.ee\/lv\/wp-json\/wp\/v2\/product\/12810\/revisions"}],"predecessor-version":[{"id":12813,"href":"https:\/\/candeebaar.ee\/lv\/wp-json\/wp\/v2\/product\/12810\/revisions\/12813"}],"wp:featuredmedia":[{"embeddable":true,"href":"https:\/\/candeebaar.ee\/lv\/wp-json\/wp\/v2\/media\/12804"}],"wp:attachment":[{"href":"https:\/\/candeebaar.ee\/lv\/wp-json\/wp\/v2\/media?parent=12810"}],"wp:term":[{"taxonomy":"product_brand","embeddable":true,"href":"https:\/\/candeebaar.ee\/lv\/wp-json\/wp\/v2\/product_brand?post=12810"},{"taxonomy":"product_cat","embeddable":true,"href":"https:\/\/candeebaar.ee\/lv\/wp-json\/wp\/v2\/product_cat?post=12810"},{"taxonomy":"product_tag","embeddable":true,"href":"https:\/\/candeebaar.ee\/lv\/wp-json\/wp\/v2\/product_tag?post=12810"}],"curies":[{"name":"wp","href":"https:\/\/api.w.org\/{rel}","templated":true}]}}