{"id":12835,"date":"2025-06-30T17:50:07","date_gmt":"2025-06-30T15:50:07","guid":{"rendered":"https:\/\/candeebaar.ee\/?post_type=product&#038;p=12835"},"modified":"2026-02-23T11:38:42","modified_gmt":"2026-02-23T09:38:42","slug":"slegta-zvaigznes-sprausla-8s","status":"publish","type":"product","link":"https:\/\/candeebaar.ee\/lv\/veikals\/slegta-zvaigznes-sprausla-8s\/","title":{"rendered":"Sl\u0113gt\u0101 zvaigznes sprausla 8S"},"content":{"rendered":"<p>Met\u0101la uzgalis ar 8 tapas.<br \/>\nIzm\u0113rs: 26 * 44 mm<br \/>\nIzeja: 15 mm<\/p>","protected":false},"excerpt":{"rendered":"<p>Met\u0101la uzgalis ar 8 radz\u0113m. Izm\u0113rs: 26 * 44 mm. Caurlaid\u012bba: 15 mm.<\/p>","protected":false},"featured_media":12832,"template":"","meta":{"_seopress_robots_primary_cat":"none","_seopress_titles_title":"","_seopress_titles_desc":"","_seopress_robots_index":""},"product_brand":[],"product_cat":[15,119],"product_tag":[],"class_list":{"0":"post-12835","1":"product","2":"type-product","3":"status-publish","4":"has-post-thumbnail","6":"product_cat-all-products","7":"product_cat-closed-star","9":"first","10":"instock","11":"taxable","12":"shipping-taxable","13":"purchasable","14":"product-type-simple"},"_links":{"self":[{"href":"https:\/\/candeebaar.ee\/lv\/wp-json\/wp\/v2\/product\/12835","targetHints":{"allow":["GET"]}}],"collection":[{"href":"https:\/\/candeebaar.ee\/lv\/wp-json\/wp\/v2\/product"}],"about":[{"href":"https:\/\/candeebaar.ee\/lv\/wp-json\/wp\/v2\/types\/product"}],"version-history":[{"count":1,"href":"https:\/\/candeebaar.ee\/lv\/wp-json\/wp\/v2\/product\/12835\/revisions"}],"predecessor-version":[{"id":12836,"href":"https:\/\/candeebaar.ee\/lv\/wp-json\/wp\/v2\/product\/12835\/revisions\/12836"}],"wp:featuredmedia":[{"embeddable":true,"href":"https:\/\/candeebaar.ee\/lv\/wp-json\/wp\/v2\/media\/12832"}],"wp:attachment":[{"href":"https:\/\/candeebaar.ee\/lv\/wp-json\/wp\/v2\/media?parent=12835"}],"wp:term":[{"taxonomy":"product_brand","embeddable":true,"href":"https:\/\/candeebaar.ee\/lv\/wp-json\/wp\/v2\/product_brand?post=12835"},{"taxonomy":"product_cat","embeddable":true,"href":"https:\/\/candeebaar.ee\/lv\/wp-json\/wp\/v2\/product_cat?post=12835"},{"taxonomy":"product_tag","embeddable":true,"href":"https:\/\/candeebaar.ee\/lv\/wp-json\/wp\/v2\/product_tag?post=12835"}],"curies":[{"name":"wp","href":"https:\/\/api.w.org\/{rel}","templated":true}]}}