{"id":12845,"date":"2025-06-30T17:58:53","date_gmt":"2025-06-30T15:58:53","guid":{"rendered":"https:\/\/candeebaar.ee\/?post_type=product&#038;p=12845"},"modified":"2025-12-01T13:40:20","modified_gmt":"2025-12-01T11:40:20","slug":"sublimetas-kazenes-30g","status":"publish","type":"product","link":"https:\/\/candeebaar.ee\/lv\/veikals\/sublimetas-kazenes-30g\/","title":{"rendered":"Liofiliz\u0113tas kaze\u0146u gabali\u0146i 1-3 mm 30 g"},"content":{"rendered":"<p>\u012apa\u0161i v\u0113rt\u012bgas ir sald\u0113ti \u017e\u0101v\u0113tas kazenes. P\u0113t\u012bjumi liecina, ka \u0161\u012b oga p\u0113c \u0161\u0101das apstr\u0101des saglab\u0101 visas der\u012bg\u0101s vielas. Regul\u0101ra \u0161\u012b produkta lieto\u0161ana var stiprin\u0101t im\u016bnsist\u0113mu un papildin\u0101t mikroelementu rezerves. Zems kaloriju saturs un pozit\u012bva ietekme uz vielmai\u0146u padara ogu neaizst\u0101jamu svara normaliz\u0113\u0161anas proces\u0101. \u0160is produkts tiek akt\u012bvi izmantots vesel\u012bg\u0101 uztur\u0101 un var b\u016bt lielisks papildin\u0101jums m\u0101j\u0101s gatavotiem \u0113dieniem, piem\u0113ram, putr\u0101m, kompotiem un ceptiem izstr\u0101d\u0101jumiem. Turkl\u0101t sald\u0113ti \u017e\u0101v\u0113tas avenes ir neaizst\u0101jamas konditorejas izstr\u0101d\u0101jumu ra\u017eo\u0161an\u0101 \u2013 maizn\u012bc\u0101m, kafejn\u012bc\u0101m un desertu ra\u017eotn\u0113m. Ogas labi uzglab\u0101jas un t\u0101m nav nepiecie\u0161ami \u012bpa\u0161i temperat\u016bras apst\u0101k\u013ci. Turkl\u0101t sald\u0113ti \u017e\u0101v\u0113tu ogu izmaksas ir iev\u0113rojami zem\u0101kas sal\u012bdzin\u0101jum\u0101 ar svaigu ogu ieg\u0101di. Tas tiek pan\u0101kts, pateicoties ieg\u0101d\u0101t\u0101 produkta augstajai koncentr\u0101cijai.<br \/>\nUzglab\u0101t tum\u0161\u0101 viet\u0101 temperat\u016br\u0101, kas nep\u0101rsniedz 20\u00b0C un relat\u012bvaj\u0101 mitrum\u0101 ne vair\u0101k k\u0101 70% <strong>cie\u0161i nosl\u0113gt\u0101 iepakojum\u0101<\/strong>.<br \/>\nFrakcija: 1-3mm<br \/>\nMasa: 30g<br \/>\nSast\u0101vs: liofiliz\u0113tas kazenes<\/p>","protected":false},"excerpt":{"rendered":"<p>\u012apa\u0161i v\u0113rt\u012bgas ir liofiliz\u0113tas kazenes. P\u0113t\u012bjumi liecina, ka \u0161\u012b oga p\u0113c \u0161\u0101das apstr\u0101des saglab\u0101 visas der\u012bg\u0101s vielas. Regul\u0101ra \u0161\u012b produkta lieto\u0161ana var stiprin\u0101t im\u016bnsist\u0113mu un papildin\u0101t mikroelementu rezerves. Zems kaloriju saturs un pozit\u012bva ietekme uz vielmai\u0146u padara ogu neaizst\u0101jamu svara normaliz\u0113\u0161anas proces\u0101. [\u2026]<\/p>","protected":false},"featured_media":12826,"template":"","meta":{"_seopress_robots_primary_cat":"none","_seopress_titles_title":"","_seopress_titles_desc":"","_seopress_robots_index":""},"product_brand":[],"product_cat":[15,98,106],"product_tag":[],"class_list":{"0":"post-12845","1":"product","2":"type-product","3":"status-publish","4":"has-post-thumbnail","6":"product_cat-all-products","7":"product_cat-dry-and-sublimated-products","8":"product_cat-new","10":"first","11":"outofstock","12":"taxable","13":"shipping-taxable","14":"purchasable","15":"product-type-simple"},"_links":{"self":[{"href":"https:\/\/candeebaar.ee\/lv\/wp-json\/wp\/v2\/product\/12845","targetHints":{"allow":["GET"]}}],"collection":[{"href":"https:\/\/candeebaar.ee\/lv\/wp-json\/wp\/v2\/product"}],"about":[{"href":"https:\/\/candeebaar.ee\/lv\/wp-json\/wp\/v2\/types\/product"}],"version-history":[{"count":1,"href":"https:\/\/candeebaar.ee\/lv\/wp-json\/wp\/v2\/product\/12845\/revisions"}],"predecessor-version":[{"id":12846,"href":"https:\/\/candeebaar.ee\/lv\/wp-json\/wp\/v2\/product\/12845\/revisions\/12846"}],"wp:featuredmedia":[{"embeddable":true,"href":"https:\/\/candeebaar.ee\/lv\/wp-json\/wp\/v2\/media\/12826"}],"wp:attachment":[{"href":"https:\/\/candeebaar.ee\/lv\/wp-json\/wp\/v2\/media?parent=12845"}],"wp:term":[{"taxonomy":"product_brand","embeddable":true,"href":"https:\/\/candeebaar.ee\/lv\/wp-json\/wp\/v2\/product_brand?post=12845"},{"taxonomy":"product_cat","embeddable":true,"href":"https:\/\/candeebaar.ee\/lv\/wp-json\/wp\/v2\/product_cat?post=12845"},{"taxonomy":"product_tag","embeddable":true,"href":"https:\/\/candeebaar.ee\/lv\/wp-json\/wp\/v2\/product_tag?post=12845"}],"curies":[{"name":"wp","href":"https:\/\/api.w.org\/{rel}","templated":true}]}}