{"id":12913,"date":"2025-07-08T07:58:00","date_gmt":"2025-07-08T05:58:00","guid":{"rendered":"https:\/\/candeebaar.ee\/?post_type=product&#038;p=12913"},"modified":"2026-03-31T11:58:53","modified_gmt":"2026-03-31T09:58:53","slug":"100-zilas-kruzes","status":"publish","type":"product","link":"https:\/\/candeebaar.ee\/lv\/veikals\/100-zilas-kruzes\/","title":{"rendered":"K\u0113ksi\u0146u cep\u0161anas forma 33 gab. gai\u0161i zila"},"content":{"rendered":"<p>Pap\u012bra veidne ir lieliski piem\u0113rota k\u016bci\u0146u cep\u0161anai. Notur savu formu un neprasa papildus met\u0101la pamatni, pateicoties saloc\u012btai aug\u0161\u0113jai malai.<br \/>\nApak\u0161\u0113j\u0101 diametrs: 5 cm<br \/>\nAug\u0161da\u013cas diametrs: 6,8 cm<br \/>\nAugstums: 3,8 cm<br \/>\nKr\u0101sa: gai\u0161i zila<br \/>\nIepakojum\u0101 ir 33 gab.<\/p>","protected":false},"excerpt":{"rendered":"<p>Pap\u012bra veidne ir ide\u0101li piem\u0113rota k\u0113ksi\u0146u cep\u0161anai. Pateicoties saloc\u012btajai aug\u0161\u0113jai malai, t\u0101 saglab\u0101 savu formu un neprasa papildu met\u0101la pamatni. Apak\u0161\u0113jais diametrs: 5 cm Aug\u0161\u0113jais diametrs: 6,8 cm Augstums: 3,8 cm Kr\u0101sa: gai\u0161i zila Iepakojum\u0101 ir 33 gab.<\/p>","protected":false},"featured_media":12910,"template":"","meta":{"_seopress_robots_primary_cat":"none","_seopress_titles_title":"","_seopress_titles_desc":"","_seopress_robots_index":""},"product_brand":[],"product_cat":[15,117,90,152,106],"product_tag":[],"class_list":{"0":"post-12913","1":"product","2":"type-product","3":"status-publish","4":"has-post-thumbnail","6":"product_cat-all-products","7":"product_cat-paper","8":"product_cat-paper-cups-and-tulips","9":"product_cat-cupcakes","10":"product_cat-new","12":"first","13":"instock","14":"taxable","15":"shipping-taxable","16":"purchasable","17":"product-type-simple"},"_links":{"self":[{"href":"https:\/\/candeebaar.ee\/lv\/wp-json\/wp\/v2\/product\/12913","targetHints":{"allow":["GET"]}}],"collection":[{"href":"https:\/\/candeebaar.ee\/lv\/wp-json\/wp\/v2\/product"}],"about":[{"href":"https:\/\/candeebaar.ee\/lv\/wp-json\/wp\/v2\/types\/product"}],"version-history":[{"count":3,"href":"https:\/\/candeebaar.ee\/lv\/wp-json\/wp\/v2\/product\/12913\/revisions"}],"predecessor-version":[{"id":12935,"href":"https:\/\/candeebaar.ee\/lv\/wp-json\/wp\/v2\/product\/12913\/revisions\/12935"}],"wp:featuredmedia":[{"embeddable":true,"href":"https:\/\/candeebaar.ee\/lv\/wp-json\/wp\/v2\/media\/12910"}],"wp:attachment":[{"href":"https:\/\/candeebaar.ee\/lv\/wp-json\/wp\/v2\/media?parent=12913"}],"wp:term":[{"taxonomy":"product_brand","embeddable":true,"href":"https:\/\/candeebaar.ee\/lv\/wp-json\/wp\/v2\/product_brand?post=12913"},{"taxonomy":"product_cat","embeddable":true,"href":"https:\/\/candeebaar.ee\/lv\/wp-json\/wp\/v2\/product_cat?post=12913"},{"taxonomy":"product_tag","embeddable":true,"href":"https:\/\/candeebaar.ee\/lv\/wp-json\/wp\/v2\/product_tag?post=12913"}],"curies":[{"name":"wp","href":"https:\/\/api.w.org\/{rel}","templated":true}]}}