{"id":12985,"date":"2025-07-14T09:13:05","date_gmt":"2025-07-14T07:13:05","guid":{"rendered":"https:\/\/candeebaar.ee\/?post_type=product&#038;p=12985"},"modified":"2026-01-27T11:46:41","modified_gmt":"2026-01-27T09:46:41","slug":"silikona-lapstinu-komplekts-3-gab","status":"publish","type":"product","link":"https:\/\/candeebaar.ee\/lv\/veikals\/silikona-lapstinu-komplekts-3-gab\/","title":{"rendered":"Silikona l\u0101psti\u0146u komplekts 3 gab."},"content":{"rendered":"<p>Silikona l\u0101psti\u0146u komplekts, karstumiztur\u012bgs (l\u012bdz 230\u00b0C).<br \/>\nGarums: 310 mm, 235 mm, 155 mm<br \/>\nPlatums: 20 mm, 10 mm, 7 mm<br \/>\nMateri\u0101ls: p\u0101rtikas silikons<br \/>\nRa\u017eots: \u0136\u012bn\u0101<\/p>","protected":false},"excerpt":{"rendered":"<p>Silikona l\u0101psti\u0146u komplekts, karstumiztur\u012bgs (l\u012bdz 230\u00b0C). Garums: 310 mm, 235 mm, 155 mm. Platums: 20 mm, 10 mm, 7 mm. Materi\u0101ls: p\u0101rtikas silikons. Ra\u017eots: \u0136\u012bn\u0101.<\/p>","protected":false},"featured_media":12986,"template":"","meta":{"_seopress_robots_primary_cat":"none","_seopress_titles_title":"","_seopress_titles_desc":"","_seopress_robots_index":""},"product_brand":[],"product_cat":[15,84,106],"product_tag":[],"class_list":{"0":"post-12985","1":"product","2":"type-product","3":"status-publish","4":"has-post-thumbnail","6":"product_cat-all-products","7":"product_cat-tools","8":"product_cat-new","10":"first","11":"outofstock","12":"taxable","13":"shipping-taxable","14":"purchasable","15":"product-type-simple"},"_links":{"self":[{"href":"https:\/\/candeebaar.ee\/lv\/wp-json\/wp\/v2\/product\/12985","targetHints":{"allow":["GET"]}}],"collection":[{"href":"https:\/\/candeebaar.ee\/lv\/wp-json\/wp\/v2\/product"}],"about":[{"href":"https:\/\/candeebaar.ee\/lv\/wp-json\/wp\/v2\/types\/product"}],"version-history":[{"count":2,"href":"https:\/\/candeebaar.ee\/lv\/wp-json\/wp\/v2\/product\/12985\/revisions"}],"predecessor-version":[{"id":12988,"href":"https:\/\/candeebaar.ee\/lv\/wp-json\/wp\/v2\/product\/12985\/revisions\/12988"}],"wp:featuredmedia":[{"embeddable":true,"href":"https:\/\/candeebaar.ee\/lv\/wp-json\/wp\/v2\/media\/12986"}],"wp:attachment":[{"href":"https:\/\/candeebaar.ee\/lv\/wp-json\/wp\/v2\/media?parent=12985"}],"wp:term":[{"taxonomy":"product_brand","embeddable":true,"href":"https:\/\/candeebaar.ee\/lv\/wp-json\/wp\/v2\/product_brand?post=12985"},{"taxonomy":"product_cat","embeddable":true,"href":"https:\/\/candeebaar.ee\/lv\/wp-json\/wp\/v2\/product_cat?post=12985"},{"taxonomy":"product_tag","embeddable":true,"href":"https:\/\/candeebaar.ee\/lv\/wp-json\/wp\/v2\/product_tag?post=12985"}],"curies":[{"name":"wp","href":"https:\/\/api.w.org\/{rel}","templated":true}]}}