{"id":12989,"date":"2025-07-14T09:31:52","date_gmt":"2025-07-14T07:31:52","guid":{"rendered":"https:\/\/candeebaar.ee\/?post_type=product&#038;p=12989"},"modified":"2026-04-02T16:26:52","modified_gmt":"2026-04-02T14:26:52","slug":"dekorativa-spiedpudele-50ml","status":"publish","type":"product","link":"https:\/\/candeebaar.ee\/lv\/veikals\/dekorativa-spiedpudele-50ml\/","title":{"rendered":"Dekorat\u012bva spiedpudele 50ml"},"content":{"rendered":"<p>Viegli lietojam\u0101 m\u012bkst\u0101 pudele ir izstr\u0101d\u0101ta t\u0101, lai burtu un rot\u0101jumu veido\u0161ana b\u016btu \u013coti vienk\u0101r\u0161a. Vienk\u0101r\u0161i ielejiet \u0161\u0137idrumu, pievienojiet nepiecie\u0161amo uzgali (1 no 7) un s\u0101ciet darbu!<br \/>\nPudele: 50 ml m\u012bksta plastmasa<br \/>\nSprauslas: \u012bpa\u0161i prec\u012bzas plastmasas 1\u20130,1 mm (var piegriezt atbilsto\u0161i j\u016bsu vajadz\u012bb\u0101m) plus viena met\u0101la adatas sprausla.<\/p>","protected":false},"excerpt":{"rendered":"<p>Viegli lietojama m\u012bksta pudele ir izstr\u0101d\u0101ta, lai burtu un rot\u0101jumu veido\u0161ana b\u016btu \u013coti vienk\u0101r\u0161a. Vienk\u0101r\u0161i ielejiet \u0161\u0137idrumu, piestipriniet nepiecie\u0161amo uzgali (1 no 7) un s\u0101ciet darbu! Pudele: 50 ml m\u012bksta plastmasa. Uzga\u013ci: \u012bpa\u0161i prec\u012bza plastmasa 1\u20130,1 mm (var sagriezt atbilsto\u0161i j\u016bsu vajadz\u012bb\u0101m) plus viena met\u0101la adatas uzgalis.<\/p>","protected":false},"featured_media":12992,"template":"","meta":{"_seopress_robots_primary_cat":"none","_seopress_titles_title":"","_seopress_titles_desc":"","_seopress_robots_index":""},"product_brand":[],"product_cat":[15,122,84,106],"product_tag":[],"class_list":{"0":"post-12989","1":"product","2":"type-product","3":"status-publish","4":"has-post-thumbnail","6":"product_cat-all-products","7":"product_cat-miscellaneous","8":"product_cat-tools","9":"product_cat-new","11":"first","12":"outofstock","13":"taxable","14":"shipping-taxable","15":"purchasable","16":"product-type-simple"},"_links":{"self":[{"href":"https:\/\/candeebaar.ee\/lv\/wp-json\/wp\/v2\/product\/12989","targetHints":{"allow":["GET"]}}],"collection":[{"href":"https:\/\/candeebaar.ee\/lv\/wp-json\/wp\/v2\/product"}],"about":[{"href":"https:\/\/candeebaar.ee\/lv\/wp-json\/wp\/v2\/types\/product"}],"version-history":[{"count":1,"href":"https:\/\/candeebaar.ee\/lv\/wp-json\/wp\/v2\/product\/12989\/revisions"}],"predecessor-version":[{"id":12993,"href":"https:\/\/candeebaar.ee\/lv\/wp-json\/wp\/v2\/product\/12989\/revisions\/12993"}],"wp:featuredmedia":[{"embeddable":true,"href":"https:\/\/candeebaar.ee\/lv\/wp-json\/wp\/v2\/media\/12992"}],"wp:attachment":[{"href":"https:\/\/candeebaar.ee\/lv\/wp-json\/wp\/v2\/media?parent=12989"}],"wp:term":[{"taxonomy":"product_brand","embeddable":true,"href":"https:\/\/candeebaar.ee\/lv\/wp-json\/wp\/v2\/product_brand?post=12989"},{"taxonomy":"product_cat","embeddable":true,"href":"https:\/\/candeebaar.ee\/lv\/wp-json\/wp\/v2\/product_cat?post=12989"},{"taxonomy":"product_tag","embeddable":true,"href":"https:\/\/candeebaar.ee\/lv\/wp-json\/wp\/v2\/product_tag?post=12989"}],"curies":[{"name":"wp","href":"https:\/\/api.w.org\/{rel}","templated":true}]}}