{"id":13042,"date":"2025-07-20T10:47:33","date_gmt":"2025-07-20T08:47:33","guid":{"rendered":"https:\/\/candeebaar.ee\/?post_type=product&#038;p=13042"},"modified":"2026-02-10T08:20:57","modified_gmt":"2026-02-10T06:20:57","slug":"kukas-delis-1-cm-d58","status":"publish","type":"product","link":"https:\/\/candeebaar.ee\/lv\/veikals\/kukas-delis-1-cm-d58\/","title":{"rendered":"K\u016bkas d\u0113lis 1 cm d58"},"content":{"rendered":"<p>Pastiprin\u0101ta pamatne ar 12 mm biezumu smag\u0101m k\u0101zu tort\u0113m.<br \/>\nDiametrs: 580 mm<br \/>\nMateri\u0101ls: lamin\u0113ts pastiprin\u0101ts gofr\u0113ts kartons<br \/>\nKr\u0101sa: balta<br \/>\n<strong>Pieg\u0101de tikai ar Smartpost (Omniva kastes ir par mazu)<\/strong><\/p>","protected":false},"excerpt":{"rendered":"<p>Pastiprin\u0101ta pamatne ar 12 mm biezumu smag\u0101m k\u0101zu tort\u0113m. Diametrs: 580 mm Materi\u0101ls: lamin\u0113ts, pastiprin\u0101ts gofr\u0113ts kartons Kr\u0101sa: balta Pieg\u0101de tikai ar Smartpost starpniec\u012bbu (Omniva kastes ir par mazu)<\/p>","protected":false},"featured_media":6811,"template":"","meta":{"_seopress_robots_primary_cat":"none","_seopress_titles_title":"","_seopress_titles_desc":"","_seopress_robots_index":""},"product_brand":[],"product_cat":[180,15,148,106],"product_tag":[],"class_list":{"0":"post-13042","1":"product","2":"type-product","3":"status-publish","4":"has-post-thumbnail","6":"product_cat-wedding-products","7":"product_cat-all-products","8":"product_cat-32cm-and-bigger","9":"product_cat-new","11":"first","12":"instock","13":"taxable","14":"shipping-taxable","15":"purchasable","16":"product-type-simple"},"_links":{"self":[{"href":"https:\/\/candeebaar.ee\/lv\/wp-json\/wp\/v2\/product\/13042","targetHints":{"allow":["GET"]}}],"collection":[{"href":"https:\/\/candeebaar.ee\/lv\/wp-json\/wp\/v2\/product"}],"about":[{"href":"https:\/\/candeebaar.ee\/lv\/wp-json\/wp\/v2\/types\/product"}],"version-history":[{"count":1,"href":"https:\/\/candeebaar.ee\/lv\/wp-json\/wp\/v2\/product\/13042\/revisions"}],"predecessor-version":[{"id":13043,"href":"https:\/\/candeebaar.ee\/lv\/wp-json\/wp\/v2\/product\/13042\/revisions\/13043"}],"wp:featuredmedia":[{"embeddable":true,"href":"https:\/\/candeebaar.ee\/lv\/wp-json\/wp\/v2\/media\/6811"}],"wp:attachment":[{"href":"https:\/\/candeebaar.ee\/lv\/wp-json\/wp\/v2\/media?parent=13042"}],"wp:term":[{"taxonomy":"product_brand","embeddable":true,"href":"https:\/\/candeebaar.ee\/lv\/wp-json\/wp\/v2\/product_brand?post=13042"},{"taxonomy":"product_cat","embeddable":true,"href":"https:\/\/candeebaar.ee\/lv\/wp-json\/wp\/v2\/product_cat?post=13042"},{"taxonomy":"product_tag","embeddable":true,"href":"https:\/\/candeebaar.ee\/lv\/wp-json\/wp\/v2\/product_tag?post=13042"}],"curies":[{"name":"wp","href":"https:\/\/api.w.org\/{rel}","templated":true}]}}