{"id":13588,"date":"2025-09-19T07:53:08","date_gmt":"2025-09-19T05:53:08","guid":{"rendered":"https:\/\/candeebaar.ee\/?post_type=product&#038;p=13588"},"modified":"2026-04-17T10:42:06","modified_gmt":"2026-04-17T08:42:06","slug":"kukas-kaste-303020cm-ar-lodzina-kopiju","status":"publish","type":"product","link":"https:\/\/candeebaar.ee\/lv\/veikals\/kukas-kaste-303020cm-ar-lodzina-kopiju\/","title":{"rendered":"K\u016bkas kaste 30*30*20cm ar lodzi\u0146u"},"content":{"rendered":"<p>K\u016bku kaste ar logu.<br \/>\nIzm\u0113rs: 300 * 300 * 200 mm<br \/>\nMateri\u0101ls: kartons \u2013 0,5 mm piem\u0113rots viegl\u0101m k\u016bk\u0101m.<br \/>\nVienk\u0101r\u0161s dizains, viegli mont\u0113jams.<br \/>\nKr\u0101sa: balta<\/p>","protected":false},"excerpt":{"rendered":"<p>K\u016bkas k\u0101rba ar lodzi\u0146u. Izm\u0113rs: 300*300*200 mm Materi\u0101ls: kartons \u2013 0,5 mm piem\u0113rots viegl\u0101m k\u016bk\u0101m. Vienk\u0101r\u0161s dizains, viegli saliekams. Kr\u0101sa: balta.<\/p>","protected":false},"featured_media":7955,"template":"","meta":{"_seopress_robots_primary_cat":"none","_seopress_titles_title":"","_seopress_titles_desc":"","_seopress_robots_index":""},"product_brand":[],"product_cat":[15,134,106],"product_tag":[],"class_list":{"0":"post-13588","1":"product","2":"type-product","3":"status-publish","4":"has-post-thumbnail","6":"product_cat-all-products","7":"product_cat-30cm-base","8":"product_cat-new","10":"first","11":"instock","12":"taxable","13":"shipping-taxable","14":"purchasable","15":"product-type-simple"},"_links":{"self":[{"href":"https:\/\/candeebaar.ee\/lv\/wp-json\/wp\/v2\/product\/13588","targetHints":{"allow":["GET"]}}],"collection":[{"href":"https:\/\/candeebaar.ee\/lv\/wp-json\/wp\/v2\/product"}],"about":[{"href":"https:\/\/candeebaar.ee\/lv\/wp-json\/wp\/v2\/types\/product"}],"version-history":[{"count":1,"href":"https:\/\/candeebaar.ee\/lv\/wp-json\/wp\/v2\/product\/13588\/revisions"}],"predecessor-version":[{"id":13589,"href":"https:\/\/candeebaar.ee\/lv\/wp-json\/wp\/v2\/product\/13588\/revisions\/13589"}],"wp:featuredmedia":[{"embeddable":true,"href":"https:\/\/candeebaar.ee\/lv\/wp-json\/wp\/v2\/media\/7955"}],"wp:attachment":[{"href":"https:\/\/candeebaar.ee\/lv\/wp-json\/wp\/v2\/media?parent=13588"}],"wp:term":[{"taxonomy":"product_brand","embeddable":true,"href":"https:\/\/candeebaar.ee\/lv\/wp-json\/wp\/v2\/product_brand?post=13588"},{"taxonomy":"product_cat","embeddable":true,"href":"https:\/\/candeebaar.ee\/lv\/wp-json\/wp\/v2\/product_cat?post=13588"},{"taxonomy":"product_tag","embeddable":true,"href":"https:\/\/candeebaar.ee\/lv\/wp-json\/wp\/v2\/product_tag?post=13588"}],"curies":[{"name":"wp","href":"https:\/\/api.w.org\/{rel}","templated":true}]}}