{"id":13590,"date":"2025-09-19T08:01:37","date_gmt":"2025-09-19T06:01:37","guid":{"rendered":"https:\/\/candeebaar.ee\/?post_type=product&#038;p=13590"},"modified":"2026-04-13T16:47:50","modified_gmt":"2026-04-13T14:47:50","slug":"balta-kaste-1-keksiniem-ar-lodzina-kopiju","status":"publish","type":"product","link":"https:\/\/candeebaar.ee\/lv\/veikals\/balta-kaste-1-keksiniem-ar-lodzina-kopiju\/","title":{"rendered":"Balta kast\u012bte 1 k\u0113ksim ar lodzi\u0146u"},"content":{"rendered":"<p>Cupcake kaste.<br \/>\nTam ir \u012bpa\u0161s ieliktnis, kas dro\u0161i notur k\u0113ksi\u0146u viet\u0101. Logs izgatavots no caursp\u012bd\u012bgas plastmasas.<br \/>\nPlatums: 10 cm<br \/>\nGarums: 10 cm<br \/>\nAugstums: 6,5 cm<br \/>\nKr\u0101sa: balta<br \/>\nMateri\u0101ls: kartons<br \/>\nViegli saliekams<\/p>\n<p>&nbsp;<\/p>","protected":false},"excerpt":{"rendered":"<p>K\u0113ksi\u0146u k\u0101rba. Tai ir \u012bpa\u0161s ieliktnis, kas dro\u0161i notur k\u0113ksi\u0146u viet\u0101. Logs izgatavots no caursp\u012bd\u012bgas plastmasas. Platums: 10 cm Garums: 10 cm Augstums: 6,5 cm Kr\u0101sa: balta Materi\u0101ls: kartons Viegli saliekams &nbsp;<\/p>","protected":false},"featured_media":13592,"template":"","meta":{"_seopress_robots_primary_cat":"none","_seopress_titles_title":"","_seopress_titles_desc":"","_seopress_robots_index":""},"product_brand":[],"product_cat":[15,152,93,106],"product_tag":[],"class_list":{"0":"post-13590","1":"product","2":"type-product","3":"status-publish","4":"has-post-thumbnail","6":"product_cat-all-products","7":"product_cat-cupcakes","8":"product_cat-gift-packaging","9":"product_cat-new","11":"first","12":"instock","13":"taxable","14":"shipping-taxable","15":"purchasable","16":"product-type-simple"},"_links":{"self":[{"href":"https:\/\/candeebaar.ee\/lv\/wp-json\/wp\/v2\/product\/13590","targetHints":{"allow":["GET"]}}],"collection":[{"href":"https:\/\/candeebaar.ee\/lv\/wp-json\/wp\/v2\/product"}],"about":[{"href":"https:\/\/candeebaar.ee\/lv\/wp-json\/wp\/v2\/types\/product"}],"version-history":[{"count":1,"href":"https:\/\/candeebaar.ee\/lv\/wp-json\/wp\/v2\/product\/13590\/revisions"}],"predecessor-version":[{"id":13593,"href":"https:\/\/candeebaar.ee\/lv\/wp-json\/wp\/v2\/product\/13590\/revisions\/13593"}],"wp:featuredmedia":[{"embeddable":true,"href":"https:\/\/candeebaar.ee\/lv\/wp-json\/wp\/v2\/media\/13592"}],"wp:attachment":[{"href":"https:\/\/candeebaar.ee\/lv\/wp-json\/wp\/v2\/media?parent=13590"}],"wp:term":[{"taxonomy":"product_brand","embeddable":true,"href":"https:\/\/candeebaar.ee\/lv\/wp-json\/wp\/v2\/product_brand?post=13590"},{"taxonomy":"product_cat","embeddable":true,"href":"https:\/\/candeebaar.ee\/lv\/wp-json\/wp\/v2\/product_cat?post=13590"},{"taxonomy":"product_tag","embeddable":true,"href":"https:\/\/candeebaar.ee\/lv\/wp-json\/wp\/v2\/product_tag?post=13590"}],"curies":[{"name":"wp","href":"https:\/\/api.w.org\/{rel}","templated":true}]}}