{"id":13607,"date":"2025-09-22T07:41:24","date_gmt":"2025-09-22T05:41:24","guid":{"rendered":"https:\/\/candeebaar.ee\/?post_type=product&#038;p=13607"},"modified":"2025-10-28T10:26:38","modified_gmt":"2025-10-28T08:26:38","slug":"smidzinataji-trick-or-treat-45g","status":"publish","type":"product","link":"https:\/\/candeebaar.ee\/lv\/veikals\/smidzinataji-trick-or-treat-45g\/","title":{"rendered":"Smidzin\u0101\u0161anas \u201cTrick or Treat\u201d 45g"},"content":{"rendered":"<p>Smidzin\u0101t\u0101jus sajauc.<\/p>\n<p>Sast\u0101vda\u013cas:<\/p>\n<p>Cukurs, ciete (<strong>KVIE\u0160I<\/strong>, kukur\u016bza, kartupe\u013ci, r\u012bsi), milti (<strong>KVIE\u0160I<\/strong>, r\u012bsi), augu e\u013c\u013cas (saulespu\u0137u, rap\u0161u, kokosriekstu), augu tauki (palmu e\u013c\u013ca), glikozes s\u012brups, dekstroze, maltodekstr\u012bns, veseli <strong>PIENS<\/strong> pulveris, \u0161\u0137\u012bsto\u0161s<strong> PIENS<\/strong> olbaltumvielas, kakao sviests, kakao masa, kr\u0101svielas (E100, E110*, E120, E132, E153, E160b, E172, E174), p\u0101rtikas kr\u0101sviela (\u0101bolu sulas, burk\u0101nu sulas, paprikas, bie\u0161u sulas, citrona, acerolas \u0137ir\u0161a koncentr\u0101ts), aromatiz\u0113t\u0101js, dab\u012bgs vani\u013cas aromatiz\u0113t\u0101js, m\u0101ksl\u012bgs vani\u013cas aromatiz\u0113t\u0101js, lakricas pulveris, glaz\u016bras l\u012bdzeklis (E901, E903, E904), biezin\u0101t\u0101js (E414), emulgators (lecit\u012bns (saulespu\u0137u, rap\u0161u, SOJAS), E473), \u017eelat\u012bns (liellopu ga\u013ca), atbr\u012bvo\u0161anas l\u012bdzeklis (E470b, E553b), mitrumuztur\u0113t\u0101js (E422), sk\u0101bin\u0101t\u0101js (E330). Var satur\u0113t da\u013ci\u0146as. <strong>RIEKSTI<\/strong> un <strong>OLAS<\/strong>.<\/p>\n<p><span style=\"text-decoration: underline;\">Uztura fakti uz 100g:<\/span><\/p>\n<p>Kcal: 396; Kj: 1678; Tauki: 1,9 g; tostarp pies\u0101tin\u0101t\u0101s tauksk\u0101bes: 1,6 g; Og\u013chidr\u0101ti: 93,9 g; tostarp cukuri: 82,7; Olbaltumvielas: 0,3 g; S\u0101ls: 0,00 g<\/p>\n<p>Nav piem\u0113rots b\u0113rniem l\u012bdz 3 gadu vecumam. Da\u017ei elementi var b\u016bt gr\u016bti zobiem.<br \/>\nRa\u017eot\u0101js: V\u0101cija<br \/>\nDer\u012bguma termi\u0146\u0161: 2027. gada septembris<\/p>","protected":false},"excerpt":{"rendered":"<p>Smidzin\u0101\u0161anas mais\u012bjums. Sast\u0101vda\u013cas: cukurs, ciete (KVIE\u0160I, kukur\u016bza, kartupe\u013ci, r\u012bsi), milti (KVIE\u0160I, r\u012bsi), augu e\u013c\u013cas (saulespu\u0137u, rap\u0161u, kokosriekstu), augu tauki (palmu e\u013c\u013ca), glikozes s\u012brups, dekstroze, maltodekstr\u012bns, pilnpiena pulveris, iz\u0161\u0137\u012bdin\u0101ts PIENA prote\u012bns, kakao sviests, kakao masa, kr\u0101svielas (E100, E110*, E120, E132, E153, E160b, E172, E174), p\u0101rtikas kr\u0101sviela (\u0101bolu sulas, burk\u0101nu sulas, paprikas, bie\u0161u sulas koncentr\u0101ts, [\u2026]<\/p>","protected":false},"featured_media":13608,"template":"","meta":{"_seopress_robots_primary_cat":"none","_seopress_titles_title":"","_seopress_titles_desc":"","_seopress_robots_index":""},"product_brand":[],"product_cat":[15,104,106],"product_tag":[],"class_list":{"0":"post-13607","1":"product","2":"type-product","3":"status-publish","4":"has-post-thumbnail","6":"product_cat-all-products","7":"product_cat-sprinkles","8":"product_cat-new","10":"first","11":"outofstock","12":"taxable","13":"shipping-taxable","14":"purchasable","15":"product-type-simple"},"_links":{"self":[{"href":"https:\/\/candeebaar.ee\/lv\/wp-json\/wp\/v2\/product\/13607","targetHints":{"allow":["GET"]}}],"collection":[{"href":"https:\/\/candeebaar.ee\/lv\/wp-json\/wp\/v2\/product"}],"about":[{"href":"https:\/\/candeebaar.ee\/lv\/wp-json\/wp\/v2\/types\/product"}],"version-history":[{"count":1,"href":"https:\/\/candeebaar.ee\/lv\/wp-json\/wp\/v2\/product\/13607\/revisions"}],"predecessor-version":[{"id":13609,"href":"https:\/\/candeebaar.ee\/lv\/wp-json\/wp\/v2\/product\/13607\/revisions\/13609"}],"wp:featuredmedia":[{"embeddable":true,"href":"https:\/\/candeebaar.ee\/lv\/wp-json\/wp\/v2\/media\/13608"}],"wp:attachment":[{"href":"https:\/\/candeebaar.ee\/lv\/wp-json\/wp\/v2\/media?parent=13607"}],"wp:term":[{"taxonomy":"product_brand","embeddable":true,"href":"https:\/\/candeebaar.ee\/lv\/wp-json\/wp\/v2\/product_brand?post=13607"},{"taxonomy":"product_cat","embeddable":true,"href":"https:\/\/candeebaar.ee\/lv\/wp-json\/wp\/v2\/product_cat?post=13607"},{"taxonomy":"product_tag","embeddable":true,"href":"https:\/\/candeebaar.ee\/lv\/wp-json\/wp\/v2\/product_tag?post=13607"}],"curies":[{"name":"wp","href":"https:\/\/api.w.org\/{rel}","templated":true}]}}