{"id":13610,"date":"2025-09-22T07:48:26","date_gmt":"2025-09-22T05:48:26","guid":{"rendered":"https:\/\/candeebaar.ee\/?post_type=product&#038;p=13610"},"modified":"2026-03-21T14:36:52","modified_gmt":"2026-03-21T12:36:52","slug":"lavandas-krasu-dzirnavu-ellas-maisijums-20ml","status":"publish","type":"product","link":"https:\/\/candeebaar.ee\/lv\/veikals\/lavandas-krasu-dzirnavu-ellas-maisijums-20ml\/","title":{"rendered":"Lavanda \u2013 kr\u0101su dzirnavu e\u013c\u013cas mais\u012bjums 20ml"},"content":{"rendered":"<p>E\u013c\u013cas p\u0101rtikas kr\u0101sviela uz \u017eelejas b\u0101zes ir lieliski piem\u0113rota \u0161okol\u0101des un citu tauku mas\u0101m. L\u016bdzu, \u0146emiet v\u0113r\u0101, ka kr\u0101svielai ir nepiecie\u0161ams zin\u0101ms laiks, lai iz\u0161\u0137\u012bdin\u0101tu, t\u0101p\u0113c pievienojiet tikai nelielos daudzumos, lai ieg\u016btu optim\u0101lu rezult\u0101tu.<br \/>\nSast\u0101vda\u013cas:<br \/>\nGlicer\u012bns, rap\u0161u e\u013c\u013ca, lecit\u012bns, kr\u0101sviela (E120, E132)<br \/>\nRa\u017eo\u0161ana: Austr\u0101lija<\/p>","protected":false},"excerpt":{"rendered":"<p>G\u0113la b\u0101zes e\u013c\u013cas p\u0101rtikas kr\u0101sviela ir ide\u0101li piem\u0113rota \u0161okol\u0101dei un cit\u0101m taukain\u0101m mas\u0101m. L\u016bdzu, \u0146emiet v\u0113r\u0101, ka kr\u0101svielai nepiecie\u0161ams zin\u0101ms laiks, lai iz\u0161\u0137\u012bstu, t\u0101p\u0113c optim\u0101lam rezult\u0101tam pievienojiet tikai nelielu daudzumu. Sast\u0101vda\u013cas: glicer\u012bns, rap\u0161u e\u013c\u013ca, lecit\u012bns, kr\u0101sviela (E120, E132). Ra\u017eots: Austr\u0101lija.<\/p>","protected":false},"featured_media":13617,"template":"","meta":{"_seopress_robots_primary_cat":"none","_seopress_titles_title":"%%post_title%% %%sitetitle%%","_seopress_titles_desc":"Gel based oil food coloring is perfect for chocolate and other fat masses. Production: Australia","_seopress_robots_index":""},"product_brand":[],"product_cat":[15,176,106],"product_tag":[],"class_list":{"0":"post-13610","1":"product","2":"type-product","3":"status-publish","4":"has-post-thumbnail","6":"product_cat-all-products","7":"product_cat-gel-dyes-fat-soluble","8":"product_cat-new","10":"first","11":"instock","12":"taxable","13":"shipping-taxable","14":"purchasable","15":"product-type-simple"},"_links":{"self":[{"href":"https:\/\/candeebaar.ee\/lv\/wp-json\/wp\/v2\/product\/13610","targetHints":{"allow":["GET"]}}],"collection":[{"href":"https:\/\/candeebaar.ee\/lv\/wp-json\/wp\/v2\/product"}],"about":[{"href":"https:\/\/candeebaar.ee\/lv\/wp-json\/wp\/v2\/types\/product"}],"version-history":[{"count":1,"href":"https:\/\/candeebaar.ee\/lv\/wp-json\/wp\/v2\/product\/13610\/revisions"}],"predecessor-version":[{"id":13618,"href":"https:\/\/candeebaar.ee\/lv\/wp-json\/wp\/v2\/product\/13610\/revisions\/13618"}],"wp:featuredmedia":[{"embeddable":true,"href":"https:\/\/candeebaar.ee\/lv\/wp-json\/wp\/v2\/media\/13617"}],"wp:attachment":[{"href":"https:\/\/candeebaar.ee\/lv\/wp-json\/wp\/v2\/media?parent=13610"}],"wp:term":[{"taxonomy":"product_brand","embeddable":true,"href":"https:\/\/candeebaar.ee\/lv\/wp-json\/wp\/v2\/product_brand?post=13610"},{"taxonomy":"product_cat","embeddable":true,"href":"https:\/\/candeebaar.ee\/lv\/wp-json\/wp\/v2\/product_cat?post=13610"},{"taxonomy":"product_tag","embeddable":true,"href":"https:\/\/candeebaar.ee\/lv\/wp-json\/wp\/v2\/product_tag?post=13610"}],"curies":[{"name":"wp","href":"https:\/\/api.w.org\/{rel}","templated":true}]}}