{"id":13773,"date":"2025-10-14T12:30:18","date_gmt":"2025-10-14T10:30:18","guid":{"rendered":"https:\/\/candeebaar.ee\/?post_type=product&#038;p=13773"},"modified":"2026-04-07T02:13:49","modified_gmt":"2026-04-07T00:13:49","slug":"kakao-sviests-500-g","status":"publish","type":"product","link":"https:\/\/candeebaar.ee\/lv\/veikals\/kakao-sviests-500-g\/","title":{"rendered":"Kakao sviests 500 g"},"content":{"rendered":"<p>Kakao sviests, pilieni, bez smar\u017eas.<br \/>\nIepakojums: 500 g (+-1 g)<br \/>\n100g satur:<br \/>\nTauki: 99,8 g<br \/>\nOlbaltumvielas: 0g<br \/>\nOg\u013chidr\u0101ti: 0g<br \/>\nS\u0101ls: 0 g<br \/>\nCukurs: 0 g<br \/>\nUzturv\u0113rt\u012bba:<br \/>\n3692,6 kJ\/898,2 kcal<br \/>\nRa\u017eot\u0101js: V\u0101cija<br \/>\nUzglab\u0101t 16-18\u00b0C temperat\u016br\u0101 saus\u0101 un tum\u0161\u0101 viet\u0101.<\/p>\n<p>&nbsp;<\/p>","protected":false},"excerpt":{"rendered":"<p>Kakao sviests, pilieni, bez smar\u017eas. Iepakojums: 500g (+-1g) 100g satur: Tauki: 99,8g Olbaltumvielas: 0g Og\u013chidr\u0101ti: 0g S\u0101ls: 0g Cukurs: 0g Uzturv\u0113rt\u012bba: 3692,6 kJ\/898,2 kcal Ra\u017eot\u0101js: V\u0101cija Uzglab\u0101t 16-18\u00b0C temperat\u016br\u0101 saus\u0101 un tum\u0161\u0101 viet\u0101. &nbsp;<\/p>","protected":false},"featured_media":13771,"template":"","meta":{"_seopress_robots_primary_cat":"none","_seopress_titles_title":"","_seopress_titles_desc":"","_seopress_robots_index":""},"product_brand":[],"product_cat":[15,111,110,106],"product_tag":[],"class_list":{"0":"post-13773","1":"product","2":"type-product","3":"status-publish","4":"has-post-thumbnail","6":"product_cat-all-products","7":"product_cat-cacao-mill","8":"product_cat-callebaut","9":"product_cat-new","11":"first","12":"instock","13":"taxable","14":"shipping-taxable","15":"purchasable","16":"product-type-simple"},"_links":{"self":[{"href":"https:\/\/candeebaar.ee\/lv\/wp-json\/wp\/v2\/product\/13773","targetHints":{"allow":["GET"]}}],"collection":[{"href":"https:\/\/candeebaar.ee\/lv\/wp-json\/wp\/v2\/product"}],"about":[{"href":"https:\/\/candeebaar.ee\/lv\/wp-json\/wp\/v2\/types\/product"}],"version-history":[{"count":1,"href":"https:\/\/candeebaar.ee\/lv\/wp-json\/wp\/v2\/product\/13773\/revisions"}],"predecessor-version":[{"id":13774,"href":"https:\/\/candeebaar.ee\/lv\/wp-json\/wp\/v2\/product\/13773\/revisions\/13774"}],"wp:featuredmedia":[{"embeddable":true,"href":"https:\/\/candeebaar.ee\/lv\/wp-json\/wp\/v2\/media\/13771"}],"wp:attachment":[{"href":"https:\/\/candeebaar.ee\/lv\/wp-json\/wp\/v2\/media?parent=13773"}],"wp:term":[{"taxonomy":"product_brand","embeddable":true,"href":"https:\/\/candeebaar.ee\/lv\/wp-json\/wp\/v2\/product_brand?post=13773"},{"taxonomy":"product_cat","embeddable":true,"href":"https:\/\/candeebaar.ee\/lv\/wp-json\/wp\/v2\/product_cat?post=13773"},{"taxonomy":"product_tag","embeddable":true,"href":"https:\/\/candeebaar.ee\/lv\/wp-json\/wp\/v2\/product_tag?post=13773"}],"curies":[{"name":"wp","href":"https:\/\/api.w.org\/{rel}","templated":true}]}}