{"id":14016,"date":"2025-10-31T11:55:51","date_gmt":"2025-10-31T09:55:51","guid":{"rendered":"https:\/\/candeebaar.ee\/?post_type=product&#038;p=14016"},"modified":"2026-01-04T15:48:46","modified_gmt":"2026-01-04T13:48:46","slug":"kreppapirs-zals","status":"publish","type":"product","link":"https:\/\/candeebaar.ee\/lv\/veikals\/kreppapirs-zals\/","title":{"rendered":"Kreppap\u012brs 200*44cm Za\u013c\u0161"},"content":{"rendered":"<p>Kreppap\u012brs iepako\u0161anai un dekor\u0113\u0161anai.<br \/>\nIzm\u0113rs: 200 * 44 cm<br \/>\nKr\u0101sa: za\u013ca<\/p>","protected":false},"excerpt":{"rendered":"<p>Kreppap\u012brs iepako\u0161anai un dekor\u0113\u0161anai. Izm\u0113rs: 200*44cm Kr\u0101sa: za\u013ca<\/p>","protected":false},"featured_media":14012,"template":"","meta":{"_seopress_robots_primary_cat":"none","_seopress_titles_title":"","_seopress_titles_desc":"","_seopress_robots_index":""},"product_brand":[],"product_cat":[182,181,15,93],"product_tag":[],"class_list":{"0":"post-14016","1":"product","2":"type-product","3":"status-publish","4":"has-post-thumbnail","6":"product_cat-christmas","7":"product_cat-christmas-new-year","8":"product_cat-all-products","9":"product_cat-gift-packaging","11":"first","12":"instock","13":"taxable","14":"shipping-taxable","15":"purchasable","16":"product-type-simple"},"_links":{"self":[{"href":"https:\/\/candeebaar.ee\/lv\/wp-json\/wp\/v2\/product\/14016","targetHints":{"allow":["GET"]}}],"collection":[{"href":"https:\/\/candeebaar.ee\/lv\/wp-json\/wp\/v2\/product"}],"about":[{"href":"https:\/\/candeebaar.ee\/lv\/wp-json\/wp\/v2\/types\/product"}],"version-history":[{"count":1,"href":"https:\/\/candeebaar.ee\/lv\/wp-json\/wp\/v2\/product\/14016\/revisions"}],"predecessor-version":[{"id":14025,"href":"https:\/\/candeebaar.ee\/lv\/wp-json\/wp\/v2\/product\/14016\/revisions\/14025"}],"wp:featuredmedia":[{"embeddable":true,"href":"https:\/\/candeebaar.ee\/lv\/wp-json\/wp\/v2\/media\/14012"}],"wp:attachment":[{"href":"https:\/\/candeebaar.ee\/lv\/wp-json\/wp\/v2\/media?parent=14016"}],"wp:term":[{"taxonomy":"product_brand","embeddable":true,"href":"https:\/\/candeebaar.ee\/lv\/wp-json\/wp\/v2\/product_brand?post=14016"},{"taxonomy":"product_cat","embeddable":true,"href":"https:\/\/candeebaar.ee\/lv\/wp-json\/wp\/v2\/product_cat?post=14016"},{"taxonomy":"product_tag","embeddable":true,"href":"https:\/\/candeebaar.ee\/lv\/wp-json\/wp\/v2\/product_tag?post=14016"}],"curies":[{"name":"wp","href":"https:\/\/api.w.org\/{rel}","templated":true}]}}