{"id":14114,"date":"2025-11-06T15:01:05","date_gmt":"2025-11-06T13:01:05","guid":{"rendered":"https:\/\/candeebaar.ee\/?post_type=product&#038;p=14114"},"modified":"2026-03-07T15:21:43","modified_gmt":"2026-03-07T13:21:43","slug":"metala-gredzens-d100100mm","status":"publish","type":"product","link":"https:\/\/candeebaar.ee\/lv\/veikals\/metala-gredzens-d100100mm\/","title":{"rendered":"Met\u0101la gredzens D100*100mm"},"content":{"rendered":"<p>Ciets t\u0113rauda gredzens. Uzticams un iztur\u012bgs jebkurai lieto\u0161anai.<br \/>\nT\u0113rauda biezums: 1mm<br \/>\nAugstums: 100mm<br \/>\nDiametrs: 100mm<\/p>","protected":false},"excerpt":{"rendered":"<p>Ciets t\u0113rauda gredzens. Uzticama un iztur\u012bga jebkurai lieto\u0161anai. T\u0113rauda biezums: 1mm Augstums: 100mm Diametrs: 100mm<\/p>","protected":false},"featured_media":7527,"template":"","meta":{"_seopress_robots_primary_cat":"none","_seopress_titles_title":"","_seopress_titles_desc":"","_seopress_robots_index":""},"product_brand":[],"product_cat":[15,116,106],"product_tag":[],"class_list":{"0":"post-14114","1":"product","2":"type-product","3":"status-publish","4":"has-post-thumbnail","6":"product_cat-all-products","7":"product_cat-metal","8":"product_cat-new","10":"first","11":"instock","12":"taxable","13":"shipping-taxable","14":"purchasable","15":"product-type-simple"},"_links":{"self":[{"href":"https:\/\/candeebaar.ee\/lv\/wp-json\/wp\/v2\/product\/14114","targetHints":{"allow":["GET"]}}],"collection":[{"href":"https:\/\/candeebaar.ee\/lv\/wp-json\/wp\/v2\/product"}],"about":[{"href":"https:\/\/candeebaar.ee\/lv\/wp-json\/wp\/v2\/types\/product"}],"version-history":[{"count":1,"href":"https:\/\/candeebaar.ee\/lv\/wp-json\/wp\/v2\/product\/14114\/revisions"}],"predecessor-version":[{"id":14115,"href":"https:\/\/candeebaar.ee\/lv\/wp-json\/wp\/v2\/product\/14114\/revisions\/14115"}],"wp:featuredmedia":[{"embeddable":true,"href":"https:\/\/candeebaar.ee\/lv\/wp-json\/wp\/v2\/media\/7527"}],"wp:attachment":[{"href":"https:\/\/candeebaar.ee\/lv\/wp-json\/wp\/v2\/media?parent=14114"}],"wp:term":[{"taxonomy":"product_brand","embeddable":true,"href":"https:\/\/candeebaar.ee\/lv\/wp-json\/wp\/v2\/product_brand?post=14114"},{"taxonomy":"product_cat","embeddable":true,"href":"https:\/\/candeebaar.ee\/lv\/wp-json\/wp\/v2\/product_cat?post=14114"},{"taxonomy":"product_tag","embeddable":true,"href":"https:\/\/candeebaar.ee\/lv\/wp-json\/wp\/v2\/product_tag?post=14114"}],"curies":[{"name":"wp","href":"https:\/\/api.w.org\/{rel}","templated":true}]}}