{"id":14198,"date":"2025-11-12T09:47:17","date_gmt":"2025-11-12T07:47:17","guid":{"rendered":"https:\/\/candeebaar.ee\/?post_type=product&#038;p=14198"},"modified":"2025-12-16T13:43:33","modified_gmt":"2025-12-16T11:43:33","slug":"smidzinataji-davanu-laiks-45g","status":"publish","type":"product","link":"https:\/\/candeebaar.ee\/lv\/veikals\/smidzinataji-davanu-laiks-45g\/","title":{"rendered":"Smidzin\u0101\u0161anas \u201cD\u0101vanu laiks\u201d 45g"},"content":{"rendered":"<p>Smidzin\u0101\u0161anas deserta dekor\u0113\u0161anai.<\/p>\n<p><strong>Sast\u0101vda\u013cas<\/strong>:<\/p>\n<p>Cukurs, ciete (<strong>KVIE\u0160I<\/strong>, kukur\u016bza, kartupe\u013ci, r\u012bsi), milti (<strong>KVIE\u0160I, r\u012bsi<\/strong>), <strong>KVIE\u0160I<\/strong> manna, augu e\u013c\u013cas (saulespu\u0137u, rap\u0161u, piln\u012bb\u0101 hidrogen\u0113tas rap\u0161u, kokosriekstu), glikozes s\u012brups, dekstroze, maltodekstr\u012bns, veseli <strong>PIENS<\/strong> pulveris, kakao sviests, kakao masa, kr\u0101svielas (E100, E120, E129*, E131, E133, E160a, E172, E174), p\u0101rtikas kr\u0101sviela (\u0101bolu sulas koncentr\u0101ts, j\u0101\u0146ogu sula, burk\u0101nu sula, red\u012bsi, citrons), aromatiz\u0113t\u0101js, dab\u012bgs vani\u013cas aromatiz\u0113t\u0101js, glaz\u016bras l\u012bdzeklis (E901, E903, E904), biezin\u0101t\u0101js (E414), emulgators (lecit\u012bns (saulespu\u0137u, <strong>SOJAS<\/strong>), E473), \u017eelat\u012bns (liellopu ga\u013ca), atbr\u012bvo\u0161anos veicino\u0161s l\u012bdzeklis (E470b, E553b, E555). Var satur\u0113t p\u0113das <strong>RIEKSTI<\/strong>. *\u201dE129: Var nelabv\u0113l\u012bgi ietekm\u0113t b\u0113rnu aktivit\u0101ti un uzman\u012bbu\u201d.<\/p>\n<p><strong>Uztura fakti:<\/strong><\/p>\n<table width=\"510\">\n<tbody>\n<tr>\n<td colspan=\"2\" width=\"510\">100 g satur vid\u0113jo v\u0113rt\u012bbu:<\/td>\n<\/tr>\n<tr>\n<td width=\"200\">Ener\u0123\u0113tisk\u0101 v\u0113rt\u012bba<\/td>\n<td width=\"310\">1708 kJ \/ 405 kcal<\/td>\n<\/tr>\n<tr>\n<td width=\"200\">Olbaltumvielas<\/td>\n<td width=\"310\">0,9 g<\/td>\n<\/tr>\n<tr>\n<td width=\"200\">Tauki<\/p>\n<p>\u2013 Pies\u0101tin\u0101ts<\/td>\n<td width=\"310\">3,5 g<\/p>\n<p>\u2013 1,9 g<\/td>\n<\/tr>\n<tr>\n<td width=\"200\">Kop\u0113jais og\u013chidr\u0101tu saturs - cukurs<\/td>\n<td width=\"310\">91,7 g\u201379 g<\/td>\n<\/tr>\n<tr>\n<td width=\"200\">S\u0101ls<\/td>\n<td width=\"310\">0,1\u00a0g<\/td>\n<\/tr>\n<\/tbody>\n<\/table>\n<p style=\"font-weight: 400;\">Nav piem\u0113rots b\u0113rniem l\u012bdz 3 gadu vecumam.<br \/>\nUzglab\u0101t nosl\u0113gtu istabas temperat\u016br\u0101 un norm\u0101l\u0101 (40-75%) mitrum\u0101.<br \/>\nRa\u017eot\u0101js: V\u0101cija<br \/>\nDer\u012bguma termi\u0146\u0161: 2027. gada septembris<\/p>","protected":false},"excerpt":{"rendered":"<p>Desertu dekor\u0113\u0161anai paredz\u0113tas p\u0101rslas. Sast\u0101vda\u013cas: cukurs, ciete (KVIE\u0160I, kukur\u016bza, kartupe\u013ci, r\u012bsi), milti (KVIE\u0160I, r\u012bsi), KVIE\u0160U manna, augu e\u013c\u013cas (saulespu\u0137u, rap\u0161u, piln\u012bb\u0101 hidrogen\u0113tas rap\u0161u, kokosriekstu), glikozes s\u012brups, dekstroze, maltodekstr\u012bns, pilnpiena pulveris, kakao sviests, kakao masa, kr\u0101svielas (E100, E120, E129*, E131, E133, E160a, E172, E174), p\u0101rtikas kr\u0101sviela (\u0101bolu sulas koncentr\u0101ts, j\u0101\u0146ogu, burk\u0101nu sula, red\u012bsi, citrons), [\u2026]<\/p>","protected":false},"featured_media":14199,"template":"","meta":{"_seopress_robots_primary_cat":"none","_seopress_titles_title":"","_seopress_titles_desc":"","_seopress_robots_index":""},"product_brand":[],"product_cat":[182,181,15,104,106],"product_tag":[],"class_list":{"0":"post-14198","1":"product","2":"type-product","3":"status-publish","4":"has-post-thumbnail","6":"product_cat-christmas","7":"product_cat-christmas-new-year","8":"product_cat-all-products","9":"product_cat-sprinkles","10":"product_cat-new","12":"first","13":"outofstock","14":"taxable","15":"shipping-taxable","16":"purchasable","17":"product-type-simple"},"_links":{"self":[{"href":"https:\/\/candeebaar.ee\/lv\/wp-json\/wp\/v2\/product\/14198","targetHints":{"allow":["GET"]}}],"collection":[{"href":"https:\/\/candeebaar.ee\/lv\/wp-json\/wp\/v2\/product"}],"about":[{"href":"https:\/\/candeebaar.ee\/lv\/wp-json\/wp\/v2\/types\/product"}],"version-history":[{"count":1,"href":"https:\/\/candeebaar.ee\/lv\/wp-json\/wp\/v2\/product\/14198\/revisions"}],"predecessor-version":[{"id":14200,"href":"https:\/\/candeebaar.ee\/lv\/wp-json\/wp\/v2\/product\/14198\/revisions\/14200"}],"wp:featuredmedia":[{"embeddable":true,"href":"https:\/\/candeebaar.ee\/lv\/wp-json\/wp\/v2\/media\/14199"}],"wp:attachment":[{"href":"https:\/\/candeebaar.ee\/lv\/wp-json\/wp\/v2\/media?parent=14198"}],"wp:term":[{"taxonomy":"product_brand","embeddable":true,"href":"https:\/\/candeebaar.ee\/lv\/wp-json\/wp\/v2\/product_brand?post=14198"},{"taxonomy":"product_cat","embeddable":true,"href":"https:\/\/candeebaar.ee\/lv\/wp-json\/wp\/v2\/product_cat?post=14198"},{"taxonomy":"product_tag","embeddable":true,"href":"https:\/\/candeebaar.ee\/lv\/wp-json\/wp\/v2\/product_tag?post=14198"}],"curies":[{"name":"wp","href":"https:\/\/api.w.org\/{rel}","templated":true}]}}