{"id":14201,"date":"2025-11-12T10:01:47","date_gmt":"2025-11-12T08:01:47","guid":{"rendered":"https:\/\/candeebaar.ee\/?post_type=product&#038;p=14201"},"modified":"2025-11-28T16:00:57","modified_gmt":"2025-11-28T14:00:57","slug":"kirsu-kukas-sprinkles","status":"publish","type":"product","link":"https:\/\/candeebaar.ee\/lv\/veikals\/kirsu-kukas-sprinkles\/","title":{"rendered":"Smidzin\u0101\u0161anas \u201c\u0136ir\u0161u k\u016bka\u201d 45g"},"content":{"rendered":"<p>Smidzin\u0101\u0161anas deserta dekor\u0113\u0161anai.<\/p>\n<p><strong>Sast\u0101vda\u013cas<\/strong>:<\/p>\n<p>Cukurs, dekstroze, kukur\u016bzas ciete, dekstr\u012bns, uzp\u016bsts<strong> r\u012bsi, r\u012bsu milti, kvie\u0161u milti<\/strong>, baltais cukurs, rafin\u0113ta dezodor\u0113ta palmu e\u013c\u013ca, kokosriekstu e\u013c\u013ca, <strong>lecit\u012bns (soja)<\/strong>, magnija stear\u0101ts, karnaubvasks (E903), glaz\u016bras vielas: gumijarabiks (E414), talks (E553b), \u0161ellaka (E904). Biezin\u0101t\u0101js (E466). Aromatiz\u0113t\u0101js: vani\u013ca. P\u0101rtikas kr\u0101svielas E124, E170, E174.<br \/>\nVar satur\u0113t p\u0113das <strong>olas, piens un rieksti<\/strong>.<\/p>\n<p>Satur E124, kas var kait\u012bgi ietekm\u0113t b\u0113rnu aktivit\u0101ti un uzman\u012bbu.<\/p>\n<p><strong>Uztura fakti:<\/strong><\/p>\n<table width=\"510\">\n<tbody>\n<tr>\n<td colspan=\"2\" width=\"510\">100 g satur vid\u0113jo v\u0113rt\u012bbu:<\/td>\n<\/tr>\n<tr>\n<td width=\"200\">Ener\u0123\u0113tisk\u0101 v\u0113rt\u012bba<\/td>\n<td width=\"310\">1638 kJ \/ 391,2 kcal<\/td>\n<\/tr>\n<tr>\n<td width=\"200\">Olbaltumvielas<\/td>\n<td width=\"310\">0,4 g<\/td>\n<\/tr>\n<tr>\n<td width=\"200\">Tauki<\/p>\n<p>\u2013 Pies\u0101tin\u0101ts<\/td>\n<td width=\"310\">1,59 g<\/p>\n<p>\u2013 0,67 g<\/td>\n<\/tr>\n<tr>\n<td width=\"200\">Kop\u0113jais og\u013chidr\u0101tu saturs - cukurs<\/td>\n<td width=\"310\">93,26\u00a0g\u201373,52\u00a0g<\/td>\n<\/tr>\n<tr>\n<td width=\"200\">S\u0101ls<\/td>\n<td width=\"310\">0 g<\/td>\n<\/tr>\n<\/tbody>\n<\/table>\n<p style=\"font-weight: 400;\">Nav piem\u0113rots b\u0113rniem l\u012bdz 3 gadu vecumam. Liel\u0101kajai da\u013cai elementu iek\u0161pus\u0113 ir m\u012bksta r\u012bsu pamatne, bet da\u017ei var b\u016bt cieti.<br \/>\nUzglab\u0101t nosl\u0113gtu istabas temperat\u016br\u0101 un norm\u0101l\u0101 (40-75%) mitrum\u0101.<br \/>\nRa\u017eot\u0101js: V\u0101cija<br \/>\nDer\u012bguma termi\u0146\u0161: 2027. gada janv\u0101ris<\/p>","protected":false},"excerpt":{"rendered":"<p>Desertu dekor\u0113\u0161anai paredz\u0113tas p\u0101rslas. Sast\u0101vda\u013cas: cukurs, dekstroze, kukur\u016bzas ciete, dekstr\u012bns, uzp\u016bsti r\u012bsi, r\u012bsu milti, kvie\u0161u milti, baltais cukurs, rafin\u0113ta dezodor\u0113ta palmu e\u013c\u013ca, kokosriekstu e\u013c\u013ca, lecit\u012bns (sojas), magnija stear\u0101ts, karnaubas vasks (E903), glaz\u016bras vielas: gumijarabiks (E414), talks (E553b), \u0161ellaka (E904). Biezin\u0101t\u0101js (E466). Aromatiz\u0113t\u0101js: vani\u013ca. P\u0101rtikas kr\u0101svielas: E124, E170, 174. Var satur\u0113t olu, piena un riekstu p\u0113das. [\u2026]<\/p>","protected":false},"featured_media":14202,"template":"","meta":{"_seopress_robots_primary_cat":"none","_seopress_titles_title":"","_seopress_titles_desc":"","_seopress_robots_index":""},"product_brand":[],"product_cat":[15,104,106],"product_tag":[],"class_list":{"0":"post-14201","1":"product","2":"type-product","3":"status-publish","4":"has-post-thumbnail","6":"product_cat-all-products","7":"product_cat-sprinkles","8":"product_cat-new","10":"first","11":"outofstock","12":"taxable","13":"shipping-taxable","14":"purchasable","15":"product-type-simple"},"_links":{"self":[{"href":"https:\/\/candeebaar.ee\/lv\/wp-json\/wp\/v2\/product\/14201","targetHints":{"allow":["GET"]}}],"collection":[{"href":"https:\/\/candeebaar.ee\/lv\/wp-json\/wp\/v2\/product"}],"about":[{"href":"https:\/\/candeebaar.ee\/lv\/wp-json\/wp\/v2\/types\/product"}],"version-history":[{"count":2,"href":"https:\/\/candeebaar.ee\/lv\/wp-json\/wp\/v2\/product\/14201\/revisions"}],"predecessor-version":[{"id":14204,"href":"https:\/\/candeebaar.ee\/lv\/wp-json\/wp\/v2\/product\/14201\/revisions\/14204"}],"wp:featuredmedia":[{"embeddable":true,"href":"https:\/\/candeebaar.ee\/lv\/wp-json\/wp\/v2\/media\/14202"}],"wp:attachment":[{"href":"https:\/\/candeebaar.ee\/lv\/wp-json\/wp\/v2\/media?parent=14201"}],"wp:term":[{"taxonomy":"product_brand","embeddable":true,"href":"https:\/\/candeebaar.ee\/lv\/wp-json\/wp\/v2\/product_brand?post=14201"},{"taxonomy":"product_cat","embeddable":true,"href":"https:\/\/candeebaar.ee\/lv\/wp-json\/wp\/v2\/product_cat?post=14201"},{"taxonomy":"product_tag","embeddable":true,"href":"https:\/\/candeebaar.ee\/lv\/wp-json\/wp\/v2\/product_tag?post=14201"}],"curies":[{"name":"wp","href":"https:\/\/api.w.org\/{rel}","templated":true}]}}