{"id":14380,"date":"2025-11-27T12:22:39","date_gmt":"2025-11-27T10:22:39","guid":{"rendered":"https:\/\/candeebaar.ee\/?post_type=product&#038;p=14380"},"modified":"2026-04-06T08:35:44","modified_gmt":"2026-04-06T06:35:44","slug":"citrusauglu-amidets-pektins-100-g","status":"publish","type":"product","link":"https:\/\/candeebaar.ee\/lv\/veikals\/citrusauglu-amidets-pektins-100-g\/","title":{"rendered":"Citrusaug\u013cu amid\u0113ts pekt\u012bns 100 g"},"content":{"rendered":"<div class=\"tab-content\">\n<div id=\"desc\" class=\"tab-pane active\" role=\"tabpanel\">\n<div id=\"product-full-desc\" class=\"user-inner\" data-ng-non-bindable=\"\">\n<p style=\"padding-left: 30px;\">Sast\u0101vda\u013cas: pekt\u012bns (E440ii), dekstroze.<strong><br \/>\n<\/strong>Sast\u0101vs uz 100g:<br \/>\nEner\u0123\u0113tisk\u0101 v\u0113rt\u012bba: 1070 kJ\/256 kcal<br \/>\nTauki (pies\u0101tin\u0101tie): 1,5 g (0,5 g)<br \/>\n\u0160\u0137iedrvielas: 45 g<br \/>\nOlbaltumvielas: 5g<br \/>\nS\u0101ls: 0,01 g<br \/>\nOg\u013chidr\u0101ti (cukuri): 33 g (30 g)<br \/>\nVar satur\u0113t \u0161\u0101das vielas p\u0113das: <strong>rieksti, soja, lipeklis<\/strong><br \/>\nMasa: 100g<br \/>\nRa\u017eot\u0101js: It\u0101lija<\/p>\n<\/div>\n<\/div>\n<\/div>","protected":false},"excerpt":{"rendered":"<p>Sast\u0101vda\u013cas: pekt\u012bns (E440ii), dekstroze. Saturs uz 100 g: Ener\u0123\u0113tisk\u0101 v\u0113rt\u012bba: 1070 kJ\/256 kcal Tauki (pies\u0101tin\u0101tie): 1,5 g (0,5 g) \u0160\u0137iedrvielas: 45 g Olbaltumvielas: 5 g S\u0101ls: 0,01 g Og\u013chidr\u0101ti (cukuri): 33 g (30 g) Var satur\u0113t riekstu, sojas, glut\u0113na p\u0113das. Masa: 100 g Ra\u017eot\u0101js: It\u0101lija<\/p>","protected":false},"featured_media":14484,"template":"","meta":{"_seopress_robots_primary_cat":"none","_seopress_titles_title":"","_seopress_titles_desc":"","_seopress_robots_index":""},"product_brand":[],"product_cat":[15,100,106],"product_tag":[],"class_list":{"0":"post-14380","1":"product","2":"type-product","3":"status-publish","4":"has-post-thumbnail","6":"product_cat-all-products","7":"product_cat-thickeners","8":"product_cat-new","10":"first","11":"outofstock","12":"taxable","13":"shipping-taxable","14":"purchasable","15":"product-type-simple"},"_links":{"self":[{"href":"https:\/\/candeebaar.ee\/lv\/wp-json\/wp\/v2\/product\/14380","targetHints":{"allow":["GET"]}}],"collection":[{"href":"https:\/\/candeebaar.ee\/lv\/wp-json\/wp\/v2\/product"}],"about":[{"href":"https:\/\/candeebaar.ee\/lv\/wp-json\/wp\/v2\/types\/product"}],"version-history":[{"count":1,"href":"https:\/\/candeebaar.ee\/lv\/wp-json\/wp\/v2\/product\/14380\/revisions"}],"predecessor-version":[{"id":14485,"href":"https:\/\/candeebaar.ee\/lv\/wp-json\/wp\/v2\/product\/14380\/revisions\/14485"}],"wp:featuredmedia":[{"embeddable":true,"href":"https:\/\/candeebaar.ee\/lv\/wp-json\/wp\/v2\/media\/14484"}],"wp:attachment":[{"href":"https:\/\/candeebaar.ee\/lv\/wp-json\/wp\/v2\/media?parent=14380"}],"wp:term":[{"taxonomy":"product_brand","embeddable":true,"href":"https:\/\/candeebaar.ee\/lv\/wp-json\/wp\/v2\/product_brand?post=14380"},{"taxonomy":"product_cat","embeddable":true,"href":"https:\/\/candeebaar.ee\/lv\/wp-json\/wp\/v2\/product_cat?post=14380"},{"taxonomy":"product_tag","embeddable":true,"href":"https:\/\/candeebaar.ee\/lv\/wp-json\/wp\/v2\/product_tag?post=14380"}],"curies":[{"name":"wp","href":"https:\/\/api.w.org\/{rel}","templated":true}]}}