{"id":14444,"date":"2025-12-01T15:00:52","date_gmt":"2025-12-01T13:00:52","guid":{"rendered":"https:\/\/candeebaar.ee\/?post_type=product&#038;p=14444"},"modified":"2026-02-15T16:36:54","modified_gmt":"2026-02-15T14:36:54","slug":"zemenu-biezenis-1000g-menii","status":"publish","type":"product","link":"https:\/\/candeebaar.ee\/lv\/veikals\/zemenu-biezenis-1000g-menii\/","title":{"rendered":"Zeme\u0146u biezenis 1000g Menii"},"content":{"rendered":"<p>Zeme\u0146u biezenis, kas gatavots no dab\u012bg\u0101m og\u0101m. Lieliski piem\u0113rots musa k\u016bku, zef\u012bru, kr\u0113mu u.c. pagatavo\u0161anai.<br \/>\nMasa: 1000g<br \/>\nSast\u0101vs: Zemenes 90%, Cukurs 10%<br \/>\nNesatur gar\u0161as piedevas, kr\u0101svielas vai konservantus.<br \/>\nUzglab\u0101t tum\u0161\u0101, v\u0113s\u0101 viet\u0101.<br \/>\nDer\u012bguma termi\u0146\u0161: skat\u012bt uz iepakojuma<br \/>\nRa\u017eot\u0101js: Menii, Polija<\/p>\n<p>&nbsp;<\/p>\n<p>&nbsp;<\/p>\n<p>&nbsp;<\/p>","protected":false},"excerpt":{"rendered":"<p>Zeme\u0146u biezenis, kas gatavots no dab\u012bg\u0101m og\u0101m. Lieliski piem\u0113rots musa k\u016bku, zef\u012bru, kr\u0113mu u.c. pagatavo\u0161anai. Masa: 1000g. Sast\u0101vs: Zemenes 90%, Cukurs 10%. Nesatur aromatiz\u0113t\u0101jus, kr\u0101svielas vai konservantus. Uzglab\u0101t tum\u0161\u0101, v\u0113s\u0101 viet\u0101. Der\u012bguma termi\u0146\u0161: skat\u012bt uz iepakojuma. Ra\u017eot\u0101js: Menii, Polija. &nbsp; &nbsp; &nbsp;<\/p>","protected":false},"featured_media":14446,"template":"","meta":{"_seopress_robots_primary_cat":"none","_seopress_titles_title":"","_seopress_titles_desc":"","_seopress_robots_index":""},"product_brand":[],"product_cat":[183,15,99,106],"product_tag":[],"class_list":{"0":"post-14444","1":"product","2":"type-product","3":"status-publish","4":"has-post-thumbnail","6":"product_cat-valentines-day","7":"product_cat-all-products","8":"product_cat-fruit-purees","9":"product_cat-new","11":"first","12":"instock","13":"taxable","14":"shipping-taxable","15":"purchasable","16":"product-type-simple"},"_links":{"self":[{"href":"https:\/\/candeebaar.ee\/lv\/wp-json\/wp\/v2\/product\/14444","targetHints":{"allow":["GET"]}}],"collection":[{"href":"https:\/\/candeebaar.ee\/lv\/wp-json\/wp\/v2\/product"}],"about":[{"href":"https:\/\/candeebaar.ee\/lv\/wp-json\/wp\/v2\/types\/product"}],"version-history":[{"count":1,"href":"https:\/\/candeebaar.ee\/lv\/wp-json\/wp\/v2\/product\/14444\/revisions"}],"predecessor-version":[{"id":14447,"href":"https:\/\/candeebaar.ee\/lv\/wp-json\/wp\/v2\/product\/14444\/revisions\/14447"}],"wp:featuredmedia":[{"embeddable":true,"href":"https:\/\/candeebaar.ee\/lv\/wp-json\/wp\/v2\/media\/14446"}],"wp:attachment":[{"href":"https:\/\/candeebaar.ee\/lv\/wp-json\/wp\/v2\/media?parent=14444"}],"wp:term":[{"taxonomy":"product_brand","embeddable":true,"href":"https:\/\/candeebaar.ee\/lv\/wp-json\/wp\/v2\/product_brand?post=14444"},{"taxonomy":"product_cat","embeddable":true,"href":"https:\/\/candeebaar.ee\/lv\/wp-json\/wp\/v2\/product_cat?post=14444"},{"taxonomy":"product_tag","embeddable":true,"href":"https:\/\/candeebaar.ee\/lv\/wp-json\/wp\/v2\/product_tag?post=14444"}],"curies":[{"name":"wp","href":"https:\/\/api.w.org\/{rel}","templated":true}]}}