{"id":14461,"date":"2025-12-01T17:10:53","date_gmt":"2025-12-01T15:10:53","guid":{"rendered":"https:\/\/candeebaar.ee\/?post_type=product&#038;p=14461"},"modified":"2026-03-22T12:06:56","modified_gmt":"2026-03-22T10:06:56","slug":"kirsu-pasta-500g","status":"publish","type":"product","link":"https:\/\/candeebaar.ee\/lv\/veikals\/kirsu-pasta-500g\/","title":{"rendered":"Aug\u013cu pasta \u201c\u0136ir\u0161u\u201d 500g"},"content":{"rendered":"<p>Termostabil\u0101 aug\u013cu pasta ar \u0137ir\u0161u gar\u0161u 0,5 kg<br \/>\nProdukta apraksts<br \/>\n\u0136ir\u0161u gar\u0161as aug\u013cu kr\u0113ms ir augstas kvalit\u0101tes produkts, kas paredz\u0113ts profesion\u0101lai lieto\u0161anai konditorejas un cep\u0161anas darbos, k\u0101 ar\u012b lieliski piem\u0113rots \u0113diena gatavo\u0161anai m\u0101jas apst\u0101k\u013cos. Tam ir pat\u012bkams, intens\u012bvs \u0137ir\u0161u arom\u0101ts un gluda, vienm\u0113r\u012bga konsistence, kas atvieglo uzkl\u0101\u0161anu un vienm\u0113r\u012bgu sadali pild\u012bjumos. Pateicoties termostabilit\u0101tei, kr\u0113ms saglab\u0101 savu kr\u0101su, gar\u0161u un tekst\u016bru pat p\u0113c cep\u0161anas vai sasald\u0113\u0161anas, padarot to par ide\u0101lu sast\u0101vda\u013cu rauga izstr\u0101d\u0101jumiem, kruas\u0101niem, smil\u0161u m\u012bklai, maiz\u012bt\u0113m, desertiem un citiem saldiem cepumiem.<\/p>\n<p>Sast\u0101vs<br \/>\nProdukts ir pagatavots no dab\u012bgas \u0101bolu bieze\u0146a, kas veido 94,5 g uz 100 g kr\u0113ma. \u0160\u012bs putas satur nelielu daudzumu s\u0113ra dioks\u012bda (\u2264 0,01%). Papildus sast\u0101vda\u013c\u0101m ir baltais krist\u0101liskais cukurs maigam saldumam, \u0137ir\u0161u aromatiz\u0113t\u0101js, lai uzsv\u0113rtu aug\u013cu \u012bpatn\u0113jo gar\u0161u, un konservants k\u0101lija sorb\u0101ts, kas nodro\u0161ina ilg\u0101ku uzglab\u0101\u0161anas laiku. P\u0101rtikas kr\u0101sviela E110 pie\u0161\u0137ir kr\u0113mam pievilc\u012bgu kr\u0101su.<\/p>\n<p>Pieteikums<br \/>\nTermostabil\u0101 \u0137ir\u0161u pasta galvenok\u0101rt ir ieteicama maizes un konditorejas izstr\u0101d\u0101jumiem, kuriem nepiecie\u0161ama iztur\u012bba pret augstu temperat\u016bru. T\u0101 ir ide\u0101li piem\u0113rota k\u016bku, kruas\u0101nu, konditorejas izstr\u0101d\u0101jumu, virtu\u013cu, cepumu un smalkmaiz\u012b\u0161u pild\u012b\u0161anai. T\u0101 labi darbojas ar\u012b k\u0101 gar\u0161as sl\u0101nis k\u016bk\u0101s, k\u0101rtainaj\u0101s k\u016bk\u0101s, desertos, pank\u016bk\u0101s un vafel\u0113s. To var izmantot ar\u012b sald\u0113tos produktos, saglab\u0101jot piln\u012bgu gar\u0161u un arom\u0101tu p\u0113c atkaus\u0113\u0161anas.<\/p>\n<p>Uzglab\u0101\u0161ana<br \/>\nUzglab\u0101t v\u0113s\u0101, saus\u0101 viet\u0101, sarg\u0101t no tie\u0161iem saules stariem. P\u0113c atv\u0113r\u0161anas produktu ieteicams uzglab\u0101t ledusskap\u012b un izlietot da\u017eu dienu laik\u0101, lai saglab\u0101tu svaigumu, arom\u0101tu un piln\u012bgu gar\u0161u.<\/p>\n<p>Uzturv\u0113rt\u012bba<br \/>\nEner\u0123\u0113tisk\u0101 v\u0113rt\u012bba: 1131 kJ \/ 267 kcal uz 100 g produkta. Tauki: 0 g, pies\u0101tin\u0101t\u0101s tauksk\u0101bes: 0 g, og\u013chidr\u0101ti: 66 g, cukuri: 61 g, ciete: 5,3 g, \u0161\u0137iedrvielas: 0,05 g, olbaltumvielas: 0,6 g, s\u0101ls: 0,01 g.<\/p>\n<p>Neto svars<br \/>\n0,5 kg<\/p>\n<p>Ra\u017eot\u0101js: Rum\u0101nija<\/p>\n<p>&nbsp;<\/p>\n<p>&nbsp;<\/p>\n<p>&nbsp;<\/p>","protected":false},"excerpt":{"rendered":"<p>Termostabil\u0101 aug\u013cu pasta ar \u0137ir\u0161u gar\u0161u 0,5 kg Produkta apraksts \u0136ir\u0161u gar\u0161as aug\u013cu kr\u0113ms ir augstas kvalit\u0101tes produkts, kas paredz\u0113ts profesion\u0101lai lieto\u0161anai konditorejas un maizes izstr\u0101d\u0101jumos, k\u0101 ar\u012b lieliski piem\u0113rots \u0113diena gatavo\u0161anai m\u0101jas apst\u0101k\u013cos. Tam ir pat\u012bkams, intens\u012bvs \u0137ir\u0161u arom\u0101ts un gluda, vienm\u0113r\u012bga konsistence, kas atvieglo uzkl\u0101\u0161anu un vienm\u0113r\u012bgu sadali pild\u012bjumos. Pateicoties t\u0101 [\u2026]<\/p>","protected":false},"featured_media":14466,"template":"","meta":{"_seopress_robots_primary_cat":"none","_seopress_titles_title":"","_seopress_titles_desc":"","_seopress_robots_index":""},"product_brand":[],"product_cat":[15,99],"product_tag":[],"class_list":{"0":"post-14461","1":"product","2":"type-product","3":"status-publish","4":"has-post-thumbnail","6":"product_cat-all-products","7":"product_cat-fruit-purees","9":"first","10":"outofstock","11":"taxable","12":"shipping-taxable","13":"purchasable","14":"product-type-simple"},"_links":{"self":[{"href":"https:\/\/candeebaar.ee\/lv\/wp-json\/wp\/v2\/product\/14461","targetHints":{"allow":["GET"]}}],"collection":[{"href":"https:\/\/candeebaar.ee\/lv\/wp-json\/wp\/v2\/product"}],"about":[{"href":"https:\/\/candeebaar.ee\/lv\/wp-json\/wp\/v2\/types\/product"}],"version-history":[{"count":1,"href":"https:\/\/candeebaar.ee\/lv\/wp-json\/wp\/v2\/product\/14461\/revisions"}],"predecessor-version":[{"id":14467,"href":"https:\/\/candeebaar.ee\/lv\/wp-json\/wp\/v2\/product\/14461\/revisions\/14467"}],"wp:featuredmedia":[{"embeddable":true,"href":"https:\/\/candeebaar.ee\/lv\/wp-json\/wp\/v2\/media\/14466"}],"wp:attachment":[{"href":"https:\/\/candeebaar.ee\/lv\/wp-json\/wp\/v2\/media?parent=14461"}],"wp:term":[{"taxonomy":"product_brand","embeddable":true,"href":"https:\/\/candeebaar.ee\/lv\/wp-json\/wp\/v2\/product_brand?post=14461"},{"taxonomy":"product_cat","embeddable":true,"href":"https:\/\/candeebaar.ee\/lv\/wp-json\/wp\/v2\/product_cat?post=14461"},{"taxonomy":"product_tag","embeddable":true,"href":"https:\/\/candeebaar.ee\/lv\/wp-json\/wp\/v2\/product_tag?post=14461"}],"curies":[{"name":"wp","href":"https:\/\/api.w.org\/{rel}","templated":true}]}}