{"id":14475,"date":"2025-12-01T17:50:21","date_gmt":"2025-12-01T15:50:21","guid":{"rendered":"https:\/\/candeebaar.ee\/?post_type=product&#038;p=14475"},"modified":"2026-04-07T11:11:17","modified_gmt":"2026-04-07T09:11:17","slug":"karaliska-glazura-500-g-pulvera","status":"publish","type":"product","link":"https:\/\/candeebaar.ee\/lv\/veikals\/karaliska-glazura-500-g-pulvera\/","title":{"rendered":"Karalisk\u0101 glaz\u016bra 500g (pulveris)"},"content":{"rendered":"<div>Sast\u0101vda\u013cas: p\u016bdercukurs, p\u016bdercukurs <strong>olu<\/strong> baltumi (album\u012bns), citronsk\u0101be.<br \/>\nGlaz\u016bras pagatavo\u0161anas instrukcija uz 100 g produkta: Pievienojiet aptuveni 15\u201320 ml \u016bdens (s\u0101kum\u0101 maz\u0101k, p\u0113c tam, ja nepiecie\u0161ams, da\u017eus pilienus vair\u0101k). Ku\u013ciet aptuveni 5 min\u016btes, l\u012bdz masa ir gluda, sp\u012bd\u012bga un stingra. Varat pievienot \u017eelejveida kr\u0101svielu vai glicer\u012bnu (ja v\u0113laties elast\u012bg\u0101ku glaz\u016bru kont\u016br\u0101m). Instrukcija uz 1 kg saus\u0101 mais\u012bjuma: 150\u2013200 ml \u016bdens (atkar\u012bb\u0101 no v\u0113lam\u0101 bl\u012bvuma).<br \/>\nVienk\u0101r\u0161ota p\u0101rveido\u0161ana: biezs (kont\u016bra): 150 ml vid\u0113js (pild\u012bjums): 170\u2013180 ml \u0161\u0137idrs (glaz\u016bra): 190\u2013200 ml P\u0113c glaz\u016bras uzkl\u0101\u0161anas \u013cauj no\u017e\u016bt.<\/div>\n<div dir=\"auto\"><\/div>\n<div dir=\"auto\">Izcelsmes valsts: Polija<\/div>\n<div dir=\"auto\"><\/div>\n<div dir=\"auto\">Uzglab\u0101\u0161anas apst\u0101k\u013ci: Uzglab\u0101t cie\u0161i nosl\u0113gt\u0101 trauk\u0101.<\/div>\n<div dir=\"auto\"><\/div>\n<div dir=\"auto\">Ieteicams l\u012bdz: 14.07.2027.<\/div>","protected":false},"excerpt":{"rendered":"<p>Sast\u0101vda\u013cas: p\u016bdercukurs, olu baltumu pulveris (album\u012bns), citronsk\u0101be. Glaz\u016bras pagatavo\u0161anas instrukcija uz 100 g produkta: Pievienojiet aptuveni 15\u201320 ml \u016bdens (s\u0101kum\u0101 maz\u0101k, p\u0113c tam da\u017eus pilienus vair\u0101k, ja nepiecie\u0161ams). Ku\u013ciet aptuveni 5 min\u016btes, l\u012bdz masa ir gluda, sp\u012bd\u012bga un stingra. Varat pievienot \u017eelejveida kr\u0101svielu vai glicer\u012bnu (ja v\u0113laties elast\u012bg\u0101ku glaz\u016bru [\u2026]).<\/p>","protected":false},"featured_media":15742,"template":"","meta":{"_seopress_robots_primary_cat":"none","_seopress_titles_title":"","_seopress_titles_desc":"","_seopress_robots_index":""},"product_brand":[],"product_cat":[182,181,178,78,15,102,106],"product_tag":[],"class_list":{"0":"post-14475","1":"product","2":"type-product","3":"status-publish","4":"has-post-thumbnail","6":"product_cat-christmas","7":"product_cat-christmas-new-year","8":"product_cat-easter-products","9":"product_cat-deal-of-the-day","10":"product_cat-all-products","11":"product_cat-sugars","12":"product_cat-new","14":"first","15":"instock","16":"taxable","17":"shipping-taxable","18":"purchasable","19":"product-type-simple"},"_links":{"self":[{"href":"https:\/\/candeebaar.ee\/lv\/wp-json\/wp\/v2\/product\/14475","targetHints":{"allow":["GET"]}}],"collection":[{"href":"https:\/\/candeebaar.ee\/lv\/wp-json\/wp\/v2\/product"}],"about":[{"href":"https:\/\/candeebaar.ee\/lv\/wp-json\/wp\/v2\/types\/product"}],"version-history":[{"count":2,"href":"https:\/\/candeebaar.ee\/lv\/wp-json\/wp\/v2\/product\/14475\/revisions"}],"predecessor-version":[{"id":14481,"href":"https:\/\/candeebaar.ee\/lv\/wp-json\/wp\/v2\/product\/14475\/revisions\/14481"}],"wp:featuredmedia":[{"embeddable":true,"href":"https:\/\/candeebaar.ee\/lv\/wp-json\/wp\/v2\/media\/15742"}],"wp:attachment":[{"href":"https:\/\/candeebaar.ee\/lv\/wp-json\/wp\/v2\/media?parent=14475"}],"wp:term":[{"taxonomy":"product_brand","embeddable":true,"href":"https:\/\/candeebaar.ee\/lv\/wp-json\/wp\/v2\/product_brand?post=14475"},{"taxonomy":"product_cat","embeddable":true,"href":"https:\/\/candeebaar.ee\/lv\/wp-json\/wp\/v2\/product_cat?post=14475"},{"taxonomy":"product_tag","embeddable":true,"href":"https:\/\/candeebaar.ee\/lv\/wp-json\/wp\/v2\/product_tag?post=14475"}],"curies":[{"name":"wp","href":"https:\/\/api.w.org\/{rel}","templated":true}]}}