{"id":14520,"date":"2025-12-03T10:30:34","date_gmt":"2025-12-03T08:30:34","guid":{"rendered":"https:\/\/candeebaar.ee\/?post_type=product&#038;p=14520"},"modified":"2026-04-06T18:29:03","modified_gmt":"2026-04-06T16:29:03","slug":"meza-ogu-biezenis-1000g-menii","status":"publish","type":"product","link":"https:\/\/candeebaar.ee\/lv\/veikals\/meza-ogu-biezenis-1000g-menii\/","title":{"rendered":"Me\u017ea ogu biezenis 1000g Menii"},"content":{"rendered":"<p>Ogu biezenis, kas gatavots no dab\u012bg\u0101m og\u0101m. Lieliski piem\u0113rots musa k\u016bku, zef\u012bru, kr\u0113mu u.c. pagatavo\u0161anai.<br \/>\nMasa: 1000g<br \/>\nSast\u0101vs: Ogas (haskapa ogas, upenes, kazenes, avenes, zemenes, mellenes, mellenes) 90%, Cukurs 10%<br \/>\nNesatur gar\u0161as piedevas, kr\u0101svielas vai konservantus.<br \/>\nUzglab\u0101t tum\u0161\u0101, v\u0113s\u0101 viet\u0101.<br \/>\nDer\u012bguma termi\u0146\u0161: skat\u012bt uz iepakojuma<br \/>\nRa\u017eot\u0101js: Menii, Polija<\/p>\n<p>&nbsp;<\/p>\n<p>&nbsp;<\/p>\n<p>&nbsp;<\/p>","protected":false},"excerpt":{"rendered":"<p>Ogu biezenis, kas gatavots no dab\u012bg\u0101m og\u0101m. Lieliski piem\u0113rots musa k\u016bku, zef\u012bru, kr\u0113mu u.c. pagatavo\u0161anai. Svars: 1000g. Sast\u0101vs: Ogas (haskapa ogas, upenes, kazenes, avenes, zemenes, mellenes, mellenes) 90%, Cukurs 10%. Nesatur aromatiz\u0113t\u0101jus, kr\u0101svielas vai konservantus. Uzglab\u0101t tum\u0161\u0101, v\u0113s\u0101 viet\u0101. Der\u012bguma termi\u0146\u0161: skat\u012bt uz iepakojuma. Ra\u017eot\u0101js: Menii, Polija. &nbsp; &nbsp; &nbsp;<\/p>","protected":false},"featured_media":14427,"template":"","meta":{"_seopress_robots_primary_cat":"none","_seopress_titles_title":"","_seopress_titles_desc":"","_seopress_robots_index":""},"product_brand":[],"product_cat":[183,15,99,106],"product_tag":[],"class_list":{"0":"post-14520","1":"product","2":"type-product","3":"status-publish","4":"has-post-thumbnail","6":"product_cat-valentines-day","7":"product_cat-all-products","8":"product_cat-fruit-purees","9":"product_cat-new","11":"first","12":"instock","13":"taxable","14":"shipping-taxable","15":"purchasable","16":"product-type-simple"},"_links":{"self":[{"href":"https:\/\/candeebaar.ee\/lv\/wp-json\/wp\/v2\/product\/14520","targetHints":{"allow":["GET"]}}],"collection":[{"href":"https:\/\/candeebaar.ee\/lv\/wp-json\/wp\/v2\/product"}],"about":[{"href":"https:\/\/candeebaar.ee\/lv\/wp-json\/wp\/v2\/types\/product"}],"version-history":[{"count":1,"href":"https:\/\/candeebaar.ee\/lv\/wp-json\/wp\/v2\/product\/14520\/revisions"}],"predecessor-version":[{"id":14521,"href":"https:\/\/candeebaar.ee\/lv\/wp-json\/wp\/v2\/product\/14520\/revisions\/14521"}],"wp:featuredmedia":[{"embeddable":true,"href":"https:\/\/candeebaar.ee\/lv\/wp-json\/wp\/v2\/media\/14427"}],"wp:attachment":[{"href":"https:\/\/candeebaar.ee\/lv\/wp-json\/wp\/v2\/media?parent=14520"}],"wp:term":[{"taxonomy":"product_brand","embeddable":true,"href":"https:\/\/candeebaar.ee\/lv\/wp-json\/wp\/v2\/product_brand?post=14520"},{"taxonomy":"product_cat","embeddable":true,"href":"https:\/\/candeebaar.ee\/lv\/wp-json\/wp\/v2\/product_cat?post=14520"},{"taxonomy":"product_tag","embeddable":true,"href":"https:\/\/candeebaar.ee\/lv\/wp-json\/wp\/v2\/product_tag?post=14520"}],"curies":[{"name":"wp","href":"https:\/\/api.w.org\/{rel}","templated":true}]}}