{"id":14597,"date":"2025-12-08T09:52:01","date_gmt":"2025-12-08T07:52:01","guid":{"rendered":"https:\/\/candeebaar.ee\/?post_type=product&#038;p=14597"},"modified":"2026-04-06T19:00:52","modified_gmt":"2026-04-06T17:00:52","slug":"sniega-parslas","status":"publish","type":"product","link":"https:\/\/candeebaar.ee\/lv\/veikals\/sniega-parslas\/","title":{"rendered":"Sniegp\u0101rslu smidzin\u0101jumi 45g"},"content":{"rendered":"<p>Smidzin\u0101\u0161anas deserta dekor\u0113\u0161anai.<\/p>\n<p><strong>Sast\u0101vda\u013cas<\/strong>:<\/p>\n<p>Baltais cukurs, r\u012bsu milti, rafin\u0113ta dezodor\u0113ta palmu e\u013c\u013ca, kukur\u016bzas ciete, melase; biezin\u0101t\u0101js: karboksimetilceluloze (CMC) (E466); glaz\u016bras vielas: gumijarabiks (E414), talks (E553b); aromatiz\u0113t\u0101js: vani\u013ca.<br \/>\nVar satur\u0113t p\u0113das <strong>olas, piens un rieksti<\/strong>.<\/p>\n<p><strong>Uztura fakti:<\/strong><\/p>\n<table width=\"510\">\n<tbody>\n<tr>\n<td colspan=\"2\" width=\"510\">100 g satur vid\u0113jo v\u0113rt\u012bbu:<\/td>\n<\/tr>\n<tr>\n<td width=\"200\">Ener\u0123\u0113tisk\u0101 v\u0113rt\u012bba<\/td>\n<td width=\"310\">1544 kJ \/ 369 kcal<\/td>\n<\/tr>\n<tr>\n<td width=\"200\">Olbaltumvielas<\/td>\n<td width=\"310\">1,7 g<\/td>\n<\/tr>\n<tr>\n<td width=\"200\">Tauki<\/p>\n<p>\u2013 Pies\u0101tin\u0101ts<\/td>\n<td width=\"310\">3,8 g<\/p>\n<p>\u2013 1,6 g<\/td>\n<\/tr>\n<tr>\n<td width=\"200\">Kop\u0113jais og\u013chidr\u0101tu saturs - cukurs<\/td>\n<td width=\"310\">82\u00a0g\u201367\u00a0g<\/td>\n<\/tr>\n<tr>\n<td width=\"200\">S\u0101ls<\/td>\n<td width=\"310\">0 g<\/td>\n<\/tr>\n<\/tbody>\n<\/table>\n<p style=\"font-weight: 400;\">Nav piem\u0113rots b\u0113rniem l\u012bdz 3 gadu vecumam.<br \/>\nUzglab\u0101t nosl\u0113gtu istabas temperat\u016br\u0101 un norm\u0101l\u0101 (40-75%) mitrum\u0101.<br \/>\nRa\u017eot\u0101js: V\u0101cija<br \/>\nDer\u012bguma termi\u0146\u0161: 2027. gada janv\u0101ris<\/p>","protected":false},"excerpt":{"rendered":"<p>Desertu dekor\u0113\u0161anai paredz\u0113tas p\u0101rslas. Sast\u0101vda\u013cas: baltais cukurs, r\u012bsu milti, rafin\u0113ta dezodor\u0113ta palmu e\u013c\u013ca, kukur\u016bzas ciete, melase; biezin\u0101t\u0101js: karboksimetilceluloze (CMC) (E466); glaz\u016bras vielas: gumijarabiks (E414), talks (E553b); aromatiz\u0113t\u0101js: vani\u013ca. Var satur\u0113t olu, piena un riekstu p\u0113das. Uzturv\u0113rt\u012bbas inform\u0101cija: 100 g satur vid\u0113ji: ener\u0123\u0113tisk\u0101 v\u0113rt\u012bba 1544 kJ \/ 369 kcal; olbaltumvielas 1,7 g; tauki \u2013 pies\u0101tin\u0101t\u0101s tauksk\u0101bes [\u2026]<\/p>","protected":false},"featured_media":14598,"template":"","meta":{"_seopress_robots_primary_cat":"none","_seopress_titles_title":"","_seopress_titles_desc":"","_seopress_robots_index":""},"product_brand":[],"product_cat":[182,181,15,104,106],"product_tag":[],"class_list":{"0":"post-14597","1":"product","2":"type-product","3":"status-publish","4":"has-post-thumbnail","6":"product_cat-christmas","7":"product_cat-christmas-new-year","8":"product_cat-all-products","9":"product_cat-sprinkles","10":"product_cat-new","12":"first","13":"instock","14":"taxable","15":"shipping-taxable","16":"purchasable","17":"product-type-simple"},"_links":{"self":[{"href":"https:\/\/candeebaar.ee\/lv\/wp-json\/wp\/v2\/product\/14597","targetHints":{"allow":["GET"]}}],"collection":[{"href":"https:\/\/candeebaar.ee\/lv\/wp-json\/wp\/v2\/product"}],"about":[{"href":"https:\/\/candeebaar.ee\/lv\/wp-json\/wp\/v2\/types\/product"}],"version-history":[{"count":1,"href":"https:\/\/candeebaar.ee\/lv\/wp-json\/wp\/v2\/product\/14597\/revisions"}],"predecessor-version":[{"id":14599,"href":"https:\/\/candeebaar.ee\/lv\/wp-json\/wp\/v2\/product\/14597\/revisions\/14599"}],"wp:featuredmedia":[{"embeddable":true,"href":"https:\/\/candeebaar.ee\/lv\/wp-json\/wp\/v2\/media\/14598"}],"wp:attachment":[{"href":"https:\/\/candeebaar.ee\/lv\/wp-json\/wp\/v2\/media?parent=14597"}],"wp:term":[{"taxonomy":"product_brand","embeddable":true,"href":"https:\/\/candeebaar.ee\/lv\/wp-json\/wp\/v2\/product_brand?post=14597"},{"taxonomy":"product_cat","embeddable":true,"href":"https:\/\/candeebaar.ee\/lv\/wp-json\/wp\/v2\/product_cat?post=14597"},{"taxonomy":"product_tag","embeddable":true,"href":"https:\/\/candeebaar.ee\/lv\/wp-json\/wp\/v2\/product_tag?post=14597"}],"curies":[{"name":"wp","href":"https:\/\/api.w.org\/{rel}","templated":true}]}}