{"id":14600,"date":"2025-12-08T10:11:14","date_gmt":"2025-12-08T08:11:14","guid":{"rendered":"https:\/\/candeebaar.ee\/?post_type=product&#038;p=14600"},"modified":"2026-04-03T14:08:02","modified_gmt":"2026-04-03T12:08:02","slug":"sarkano-perlu-smidzinataji-45g","status":"publish","type":"product","link":"https:\/\/candeebaar.ee\/lv\/veikals\/sarkano-perlu-smidzinataji-45g\/","title":{"rendered":"Smidzin\u0101\u0161anas \u201cSarkan\u0101s p\u0113rles\u201d 45g (m\u012bkstas)"},"content":{"rendered":"<p>Smidzin\u0101t\u0101ji desertu dekor\u0113\u0161anai. P\u0113r\u013cu izm\u0113ri ir nejau\u0161i no 1 l\u012bdz 10 mm.<\/p>\n<p><strong>Sast\u0101vda\u013cas<\/strong>:<\/p>\n<p>Uzp\u016bsti r\u012bsi (10%), cukurs, p\u016bdercukurs, kukur\u016bzas ciete, p\u0101rtikas kr\u0101sviela: Ponceau 4R (E124); glaz\u016bras l\u012bdzeklis: karnaubas vasks (E903).<\/p>\n<p>Satur Ponzo 4R (E124) un t\u0101d\u0113\u013c var ietekm\u0113t b\u0113rnu aktivit\u0101ti un uzman\u012bbu.<\/p>\n<p>Var satur\u0113t p\u0113das <strong>olas, piens un rieksti<\/strong>.<\/p>\n<p><strong>Uztura fakti:<\/strong><\/p>\n<table width=\"510\">\n<tbody>\n<tr>\n<td colspan=\"2\" width=\"510\">100 g satur vid\u0113jo v\u0113rt\u012bbu:<\/td>\n<\/tr>\n<tr>\n<td width=\"200\">Kaloriju v\u0113rt\u012bba<\/td>\n<td width=\"310\">1660kJ \/ 392kcal<\/td>\n<\/tr>\n<tr>\n<td width=\"200\">Olbaltumvielas<\/td>\n<td width=\"310\">0,4 g<\/td>\n<\/tr>\n<tr>\n<td width=\"200\">Tauki<\/p>\n<p>\u2013 Pies\u0101tin\u0101ts<\/td>\n<td width=\"310\">0,1\u00a0g<\/p>\n<p>- 0 g<\/td>\n<\/tr>\n<tr>\n<td width=\"200\">Kop\u0113jais og\u013chidr\u0101tu saturs - cukurs<\/td>\n<td width=\"310\">95.9g-60g<\/td>\n<\/tr>\n<tr>\n<td width=\"200\">S\u0101ls<\/td>\n<td width=\"310\">0,00g<\/td>\n<\/tr>\n<\/tbody>\n<\/table>\n<p style=\"font-weight: 400;\">Nav piem\u0113rots b\u0113rniem l\u012bdz 3 gadu vecumam. Liel\u0101kajai da\u013cai elementu iek\u0161pus\u0113 ir m\u012bksta r\u012bsu pamatne, bet da\u017ei var b\u016bt cieti.<br \/>\nUzglab\u0101t nosl\u0113gtu istabas temperat\u016br\u0101 un norm\u0101l\u0101 (40-75%) mitrum\u0101.<br \/>\nRa\u017eot\u0101js: V\u0101cija<br \/>\nDer\u012bguma termi\u0146\u0161: 2027. gada marts<\/p>","protected":false},"excerpt":{"rendered":"<p>Desertu dekor\u0113\u0161anai paredz\u0113tas p\u0101rslas. P\u0113rl\u012b\u0161u izm\u0113rs ir nejau\u0161i izv\u0113l\u0113ts no 1 l\u012bdz 10 mm. Sast\u0101vda\u013cas: uzp\u016bsti r\u012bsi (10%), cukurs, p\u016bdercukurs, kukur\u016bzas ciete, p\u0101rtikas kr\u0101sviela: Ponceau 4R (E124); glaz\u016bras l\u012bdzeklis: karnaubas vasks (E903). Satur Ponzo 4R (E124) un t\u0101d\u0113\u013c var pasliktin\u0101t b\u0113rnu aktivit\u0101ti un uzman\u012bbu. Var satur\u0113t olu, piena un riekstu p\u0113das. Uzturv\u0113rt\u012bbas inform\u0101cija: 100 g [\u2026]<\/p>","protected":false},"featured_media":11992,"template":"","meta":{"_seopress_robots_primary_cat":"none","_seopress_titles_title":"","_seopress_titles_desc":"","_seopress_robots_index":""},"product_brand":[],"product_cat":[182,181,15,104,106],"product_tag":[],"class_list":{"0":"post-14600","1":"product","2":"type-product","3":"status-publish","4":"has-post-thumbnail","6":"product_cat-christmas","7":"product_cat-christmas-new-year","8":"product_cat-all-products","9":"product_cat-sprinkles","10":"product_cat-new","12":"first","13":"instock","14":"taxable","15":"shipping-taxable","16":"purchasable","17":"product-type-simple"},"_links":{"self":[{"href":"https:\/\/candeebaar.ee\/lv\/wp-json\/wp\/v2\/product\/14600","targetHints":{"allow":["GET"]}}],"collection":[{"href":"https:\/\/candeebaar.ee\/lv\/wp-json\/wp\/v2\/product"}],"about":[{"href":"https:\/\/candeebaar.ee\/lv\/wp-json\/wp\/v2\/types\/product"}],"version-history":[{"count":3,"href":"https:\/\/candeebaar.ee\/lv\/wp-json\/wp\/v2\/product\/14600\/revisions"}],"predecessor-version":[{"id":15177,"href":"https:\/\/candeebaar.ee\/lv\/wp-json\/wp\/v2\/product\/14600\/revisions\/15177"}],"wp:featuredmedia":[{"embeddable":true,"href":"https:\/\/candeebaar.ee\/lv\/wp-json\/wp\/v2\/media\/11992"}],"wp:attachment":[{"href":"https:\/\/candeebaar.ee\/lv\/wp-json\/wp\/v2\/media?parent=14600"}],"wp:term":[{"taxonomy":"product_brand","embeddable":true,"href":"https:\/\/candeebaar.ee\/lv\/wp-json\/wp\/v2\/product_brand?post=14600"},{"taxonomy":"product_cat","embeddable":true,"href":"https:\/\/candeebaar.ee\/lv\/wp-json\/wp\/v2\/product_cat?post=14600"},{"taxonomy":"product_tag","embeddable":true,"href":"https:\/\/candeebaar.ee\/lv\/wp-json\/wp\/v2\/product_tag?post=14600"}],"curies":[{"name":"wp","href":"https:\/\/api.w.org\/{rel}","templated":true}]}}