{"id":14622,"date":"2025-12-08T11:04:21","date_gmt":"2025-12-08T09:04:21","guid":{"rendered":"https:\/\/candeebaar.ee\/?post_type=product&#038;p=14622"},"modified":"2026-01-28T21:43:05","modified_gmt":"2026-01-28T19:43:05","slug":"jaungada-sapnu-smidzinajumi-45g-miksti","status":"publish","type":"product","link":"https:\/\/candeebaar.ee\/lv\/veikals\/jaungada-sapnu-smidzinajumi-45g-miksti\/","title":{"rendered":"Smidzin\u0101\u0161anas \u201cJaungada sapnis\u201d 45g (m\u012bkstas)"},"content":{"rendered":"<p>M\u012bkstas smidzin\u0101t\u0101jas deserta dekor\u0113\u0161anai.<br \/>\nIzm\u0113rs: apm. 5 mm<\/p>\n<p><strong>Sast\u0101vda\u013cas<\/strong>:<\/p>\n<p>uzp\u016bsti r\u012bsi, cukura s\u012brups, kukur\u016bzas ciete, p\u016bdercukurs, E174, E102, E124, E131, Capol\u00ae glaz\u016bras l\u012bdzeklis<\/p>\n<p>Satur E102, E124, kas var kait\u012bgi ietekm\u0113t b\u0113rnu aktivit\u0101ti un uzman\u012bbu.<\/p>\n<p>Var satur\u0113t p\u0113das <strong>olas, piens un rieksti<\/strong>.<\/p>\n<p><strong>Uztura fakti:<\/strong><\/p>\n<table width=\"510\">\n<tbody>\n<tr>\n<td colspan=\"2\" width=\"510\">100 g satur vid\u0113jo v\u0113rt\u012bbu:<\/td>\n<\/tr>\n<tr>\n<td width=\"200\">Ener\u0123\u0113tisk\u0101 v\u0113rt\u012bba<\/td>\n<td width=\"310\">1545 kJ \/ 369 kcal<\/td>\n<\/tr>\n<tr>\n<td width=\"200\">Olbaltumvielas<\/td>\n<td width=\"310\">3,4 g<\/td>\n<\/tr>\n<tr>\n<td width=\"200\">Tauki<\/p>\n<p>\u2013 Pies\u0101tin\u0101ts<\/td>\n<td width=\"310\">0,3 g<\/p>\n<p>\u2013 0,1 g<\/td>\n<\/tr>\n<tr>\n<td width=\"200\">Kop\u0113jais og\u013chidr\u0101tu saturs - cukurs<\/td>\n<td width=\"310\">91\u00a0g\u201372,4\u00a0g<\/td>\n<\/tr>\n<tr>\n<td width=\"200\">S\u0101ls<\/td>\n<td width=\"310\">0 g<\/td>\n<\/tr>\n<\/tbody>\n<\/table>\n<p style=\"font-weight: 400;\">\nUzglab\u0101t nosl\u0113gtu istabas temperat\u016br\u0101 un norm\u0101l\u0101 (40-75%) mitrum\u0101.<br \/>\nRa\u017eot\u0101js: V\u0101cija<br \/>\nDer\u012bguma termi\u0146\u0161: 2026.\u00a0gada decembris<\/p>","protected":false},"excerpt":{"rendered":"<p>M\u012bkstas p\u0101rslas deserta dekor\u0113\u0161anai. Izm\u0113rs: apm. 5 mm. Sast\u0101vda\u013cas: uzp\u016bsti r\u012bsi, cukura s\u012brups, kukur\u016bzas ciete, p\u016bdercukurs, E174, E102, E124, E131, Capol\u00ae glaz\u016bras l\u012bdzeklis. Satur E102, E124, kas var kait\u012bgi ietekm\u0113t b\u0113rnu aktivit\u0101ti un uzman\u012bbu. Var satur\u0113t olu, piena un riekstu p\u0113das. Uzturv\u0113rt\u012bbas inform\u0101cija: 100 g satur vid\u0113ji: [\u2026]<\/p>","protected":false},"featured_media":14623,"template":"","meta":{"_seopress_robots_primary_cat":"none","_seopress_titles_title":"","_seopress_titles_desc":"","_seopress_robots_index":""},"product_brand":[],"product_cat":[182,181,15,104,106],"product_tag":[],"class_list":{"0":"post-14622","1":"product","2":"type-product","3":"status-publish","4":"has-post-thumbnail","6":"product_cat-christmas","7":"product_cat-christmas-new-year","8":"product_cat-all-products","9":"product_cat-sprinkles","10":"product_cat-new","12":"first","13":"instock","14":"taxable","15":"shipping-taxable","16":"purchasable","17":"product-type-simple"},"_links":{"self":[{"href":"https:\/\/candeebaar.ee\/lv\/wp-json\/wp\/v2\/product\/14622","targetHints":{"allow":["GET"]}}],"collection":[{"href":"https:\/\/candeebaar.ee\/lv\/wp-json\/wp\/v2\/product"}],"about":[{"href":"https:\/\/candeebaar.ee\/lv\/wp-json\/wp\/v2\/types\/product"}],"version-history":[{"count":1,"href":"https:\/\/candeebaar.ee\/lv\/wp-json\/wp\/v2\/product\/14622\/revisions"}],"predecessor-version":[{"id":14624,"href":"https:\/\/candeebaar.ee\/lv\/wp-json\/wp\/v2\/product\/14622\/revisions\/14624"}],"wp:featuredmedia":[{"embeddable":true,"href":"https:\/\/candeebaar.ee\/lv\/wp-json\/wp\/v2\/media\/14623"}],"wp:attachment":[{"href":"https:\/\/candeebaar.ee\/lv\/wp-json\/wp\/v2\/media?parent=14622"}],"wp:term":[{"taxonomy":"product_brand","embeddable":true,"href":"https:\/\/candeebaar.ee\/lv\/wp-json\/wp\/v2\/product_brand?post=14622"},{"taxonomy":"product_cat","embeddable":true,"href":"https:\/\/candeebaar.ee\/lv\/wp-json\/wp\/v2\/product_cat?post=14622"},{"taxonomy":"product_tag","embeddable":true,"href":"https:\/\/candeebaar.ee\/lv\/wp-json\/wp\/v2\/product_tag?post=14622"}],"curies":[{"name":"wp","href":"https:\/\/api.w.org\/{rel}","templated":true}]}}