{"id":14764,"date":"2025-12-16T09:32:19","date_gmt":"2025-12-16T07:32:19","guid":{"rendered":"https:\/\/candeebaar.ee\/?post_type=product&#038;p=14764"},"modified":"2026-04-13T19:50:25","modified_gmt":"2026-04-13T17:50:25","slug":"kirsu-un-karamelu","status":"publish","type":"product","link":"https:\/\/candeebaar.ee\/lv\/veikals\/kirsu-un-karamelu\/","title":{"rendered":"Smidzin\u0101\u0161anas \u201c\u0136ir\u0161u un karame\u013cu\u201d 45g (m\u012bkstas)"},"content":{"rendered":"<p>M\u012bkstas smidzin\u0101t\u0101jas deserta dekor\u0113\u0161anai.<br \/>\nIzm\u0113rs: apm. 12 mm<\/p>\n<p><strong>Sast\u0101vda\u013cas<\/strong>:<\/p>\n<p>Uzp\u016bsti r\u012bsi (10%), cukurs, p\u016bdercukurs, kukur\u016bzas ciete, p\u0101rtikas kr\u0101svielas: tartraz\u012bns (E102), Ponceau 4R (E124), \u0113damais sudrabs (E174), glaz\u016bras l\u012bdzeklis: karnaubas vasks (E903).<\/p>\n<p>Satur tartraz\u012bnu (E102) un Ponceau 4R (E124), kas var pasliktin\u0101t b\u0113rnu aktivit\u0101ti un uzman\u012bbu.<\/p>\n<p>Var satur\u0113t p\u0113das <strong>olas, piens un rieksti<\/strong>.<\/p>\n<p><strong>Uztura fakti:<\/strong><\/p>\n<table width=\"510\">\n<tbody>\n<tr>\n<td colspan=\"2\" width=\"510\">100 g satur vid\u0113jo v\u0113rt\u012bbu:<\/td>\n<\/tr>\n<tr>\n<td width=\"200\">Ener\u0123\u0113tisk\u0101 v\u0113rt\u012bba<\/td>\n<td width=\"310\">1660kJ \/ 392kcal<\/td>\n<\/tr>\n<tr>\n<td width=\"200\">Olbaltumvielas<\/td>\n<td width=\"310\">0,8 g<\/td>\n<\/tr>\n<tr>\n<td width=\"200\">Tauki<\/p>\n<p>\u2013 Pies\u0101tin\u0101ts<\/td>\n<td width=\"310\">0,1\u00a0g<\/p>\n<p>\u2013 0,0 g<\/td>\n<\/tr>\n<tr>\n<td width=\"200\">Kop\u0113jais og\u013chidr\u0101tu saturs - cukurs<\/td>\n<td width=\"310\">95.9g-60g<\/td>\n<\/tr>\n<tr>\n<td width=\"200\">S\u0101ls<\/td>\n<td width=\"310\">0 g<\/td>\n<\/tr>\n<\/tbody>\n<\/table>\n<p style=\"font-weight: 400;\">Uzglab\u0101t nosl\u0113gtu istabas temperat\u016br\u0101 un norm\u0101l\u0101 (40-75%) mitrum\u0101.<br \/>\nRa\u017eot\u0101js: V\u0101cija<br \/>\nDer\u012bguma termi\u0146\u0161: 2027. gada decembris<\/p>","protected":false},"excerpt":{"rendered":"<p>M\u012bkstas p\u0101rslas deserta dekor\u0113\u0161anai. Izm\u0113rs: apm. 12 mm. Sast\u0101vda\u013cas: uzp\u016bsti r\u012bsi (10%), cukurs, p\u016bdercukurs, kukur\u016bzas ciete, p\u0101rtikas kr\u0101svielas: tartraz\u012bns (E102), Ponceau 4R (E124), p\u0101rtikas sudrabs (E174), glaz\u016bras l\u012bdzeklis: karnaubas vasks (E903). Satur tartraz\u012bnu (E102) un Ponceau 4R (E124), kas var pasliktin\u0101t b\u0113rnu aktivit\u0101ti un uzman\u012bbu. Var satur\u0113t olu, piena un riekstu p\u0113das. Uzturv\u0113rt\u012bba [\u2026]<\/p>","protected":false},"featured_media":14765,"template":"","meta":{"_seopress_robots_primary_cat":"none","_seopress_titles_title":"","_seopress_titles_desc":"","_seopress_robots_index":""},"product_brand":[],"product_cat":[182,181,15,104,106],"product_tag":[],"class_list":{"0":"post-14764","1":"product","2":"type-product","3":"status-publish","4":"has-post-thumbnail","6":"product_cat-christmas","7":"product_cat-christmas-new-year","8":"product_cat-all-products","9":"product_cat-sprinkles","10":"product_cat-new","12":"first","13":"instock","14":"taxable","15":"shipping-taxable","16":"purchasable","17":"product-type-simple"},"_links":{"self":[{"href":"https:\/\/candeebaar.ee\/lv\/wp-json\/wp\/v2\/product\/14764","targetHints":{"allow":["GET"]}}],"collection":[{"href":"https:\/\/candeebaar.ee\/lv\/wp-json\/wp\/v2\/product"}],"about":[{"href":"https:\/\/candeebaar.ee\/lv\/wp-json\/wp\/v2\/types\/product"}],"version-history":[{"count":1,"href":"https:\/\/candeebaar.ee\/lv\/wp-json\/wp\/v2\/product\/14764\/revisions"}],"predecessor-version":[{"id":14766,"href":"https:\/\/candeebaar.ee\/lv\/wp-json\/wp\/v2\/product\/14764\/revisions\/14766"}],"wp:featuredmedia":[{"embeddable":true,"href":"https:\/\/candeebaar.ee\/lv\/wp-json\/wp\/v2\/media\/14765"}],"wp:attachment":[{"href":"https:\/\/candeebaar.ee\/lv\/wp-json\/wp\/v2\/media?parent=14764"}],"wp:term":[{"taxonomy":"product_brand","embeddable":true,"href":"https:\/\/candeebaar.ee\/lv\/wp-json\/wp\/v2\/product_brand?post=14764"},{"taxonomy":"product_cat","embeddable":true,"href":"https:\/\/candeebaar.ee\/lv\/wp-json\/wp\/v2\/product_cat?post=14764"},{"taxonomy":"product_tag","embeddable":true,"href":"https:\/\/candeebaar.ee\/lv\/wp-json\/wp\/v2\/product_tag?post=14764"}],"curies":[{"name":"wp","href":"https:\/\/api.w.org\/{rel}","templated":true}]}}