{"id":14911,"date":"2026-01-05T10:49:47","date_gmt":"2026-01-05T08:49:47","guid":{"rendered":"https:\/\/candeebaar.ee\/?post_type=product&#038;p=14911"},"modified":"2026-03-11T14:55:26","modified_gmt":"2026-03-11T12:55:26","slug":"smidzinataji-melnas-sirdis-45g","status":"publish","type":"product","link":"https:\/\/candeebaar.ee\/lv\/veikals\/smidzinataji-melnas-sirdis-45g\/","title":{"rendered":"Smidzin\u0101\u0161anas \u201cMeln\u0101s sirdis\u201d 45g"},"content":{"rendered":"<p>Smidzin\u0101t\u0101ji desertu dekor\u0113\u0161anai.<br \/>\nSirds izm\u0113rs: 6 mm<br \/>\nMasa: 45g<br \/>\nSast\u0101vda\u013cas: baltais cukurs, r\u012bsu milti, rafin\u0113ta dezodor\u0113ta palmu e\u013c\u013ca, kukur\u016bzas ciete, melase, biezin\u0101t\u0101js: karboksimetilceluloze (CMC) (E466), glaz\u016bras vielas: gumijarabiks (E414), talks (E553b), aromatiz\u0113t\u0101js: vani\u013ca, p\u0101rtikas kr\u0101svielas: briljantmelnais BN (E151).<\/p>\n<p>Uzturv\u0113rt\u012bba: 1544 kJ\/369 kcal<br \/>\nTauki (pies\u0101tin\u0101tie): 3,8 (1,6) g<br \/>\nOg\u013chidr\u0101ti (cukuri): 82 (67) g<br \/>\nOlbaltumvielas: 1,7 g<br \/>\nS\u0101ls: 0 g<br \/>\nNav piem\u0113rots b\u0113rniem l\u012bdz 3 gadu vecumam.<\/p>\n<p><strong data-start=\"721\" data-end=\"733\">Uzglab\u0101\u0161ana:<\/strong><br data-start=\"733\" data-end=\"736\" \/>Uzglab\u0101t temperat\u016br\u0101, kas nep\u0101rsniedz 25\u00b0C, un relat\u012bvaj\u0101 mitrum\u0101, kas nep\u0101rsniedz 75%.<br \/>\nRa\u017eot\u0101js: V\u0101cija<\/p>","protected":false},"excerpt":{"rendered":"<p>Desertu dekor\u0113\u0161anai paredz\u0113tas p\u0101rslas. Sirds izm\u0113rs: 6 mm. Masa: 45 g. Sast\u0101vda\u013cas: baltais cukurs, r\u012bsu milti, rafin\u0113ta dezodor\u0113ta palmu e\u013c\u013ca, kukur\u016bzas ciete, melase, biezin\u0101t\u0101js: karboksimetilceluloze (CMC) (E466), glaz\u016bras vielas: gumijarabiks (E414), talks (E553b), aromatiz\u0113t\u0101js: vani\u013ca, p\u0101rtikas kr\u0101svielas: Briljantmelnais BN (E151). Uzturv\u0113rt\u012bba: 1544 kJ\/369 kcal. Tauki (pies\u0101tin\u0101tie): 3,8 (1,6) g. Og\u013chidr\u0101ti (cukuri): 82 (67) g. Olbaltumvielas: 1,7 g. S\u0101ls: 0 g. [\u2026]<\/p>","protected":false},"featured_media":14912,"template":"","meta":{"_seopress_robots_primary_cat":"none","_seopress_titles_title":"","_seopress_titles_desc":"","_seopress_robots_index":""},"product_brand":[],"product_cat":[183,15,104],"product_tag":[],"class_list":{"0":"post-14911","1":"product","2":"type-product","3":"status-publish","4":"has-post-thumbnail","6":"product_cat-valentines-day","7":"product_cat-all-products","8":"product_cat-sprinkles","10":"first","11":"instock","12":"taxable","13":"shipping-taxable","14":"purchasable","15":"product-type-simple"},"_links":{"self":[{"href":"https:\/\/candeebaar.ee\/lv\/wp-json\/wp\/v2\/product\/14911","targetHints":{"allow":["GET"]}}],"collection":[{"href":"https:\/\/candeebaar.ee\/lv\/wp-json\/wp\/v2\/product"}],"about":[{"href":"https:\/\/candeebaar.ee\/lv\/wp-json\/wp\/v2\/types\/product"}],"version-history":[{"count":1,"href":"https:\/\/candeebaar.ee\/lv\/wp-json\/wp\/v2\/product\/14911\/revisions"}],"predecessor-version":[{"id":14913,"href":"https:\/\/candeebaar.ee\/lv\/wp-json\/wp\/v2\/product\/14911\/revisions\/14913"}],"wp:featuredmedia":[{"embeddable":true,"href":"https:\/\/candeebaar.ee\/lv\/wp-json\/wp\/v2\/media\/14912"}],"wp:attachment":[{"href":"https:\/\/candeebaar.ee\/lv\/wp-json\/wp\/v2\/media?parent=14911"}],"wp:term":[{"taxonomy":"product_brand","embeddable":true,"href":"https:\/\/candeebaar.ee\/lv\/wp-json\/wp\/v2\/product_brand?post=14911"},{"taxonomy":"product_cat","embeddable":true,"href":"https:\/\/candeebaar.ee\/lv\/wp-json\/wp\/v2\/product_cat?post=14911"},{"taxonomy":"product_tag","embeddable":true,"href":"https:\/\/candeebaar.ee\/lv\/wp-json\/wp\/v2\/product_tag?post=14911"}],"curies":[{"name":"wp","href":"https:\/\/api.w.org\/{rel}","templated":true}]}}