{"id":15366,"date":"2026-02-10T10:04:56","date_gmt":"2026-02-10T08:04:56","guid":{"rendered":"https:\/\/candeebaar.ee\/?post_type=product&#038;p=15366"},"modified":"2026-04-06T18:13:22","modified_gmt":"2026-04-06T16:13:22","slug":"baltas-rozes-sprinkles-45g","status":"publish","type":"product","link":"https:\/\/candeebaar.ee\/lv\/veikals\/baltas-rozes-sprinkles-45g\/","title":{"rendered":"Smidzin\u0101\u0161anas \u201cBalt\u0101 roze\u201d 45g"},"content":{"rendered":"<p>Smidzin\u0101\u0161anas desertu dekor\u0113\u0161anai.<br \/>\nRozes izm\u0113rs: 12 mm<br \/>\nMasa: 45g<br \/>\nSast\u0101vda\u013cas: <span style=\"font-style: inherit; font-weight: inherit;\">uzp\u016bsti r\u012bsi, cukurs, cukura s\u012brups, kukur\u016bzas ciete,\u00a0<strong style=\"font-style: inherit; font-weight: 600;\">KVIE\u0160I\u00a0<\/strong>milti, gumiar\u0101biks, E170, E122, E131,\u00a0<\/span><span style=\"font-style: inherit; font-weight: inherit;\">\u0415<\/span><span style=\"font-style: inherit; font-weight: inherit;\">102, Capol\u00ae glaz\u016bras l\u012bdzeklis<\/span><span style=\"font-style: inherit; font-weight: inherit;\">Satur E122,\u00a0<\/span><span style=\"font-style: inherit; font-weight: inherit;\">\u0415<\/span><span style=\"font-style: inherit; font-weight: inherit;\">102, kam var b\u016bt kait\u012bga ietekme uz b\u0113rnu aktivit\u0101ti un uzman\u012bbu.<\/span><\/p>\n<p>Uzturv\u0113rt\u012bba: 1545 kJ\/369 kcal<br \/>\nTauki (pies\u0101tin\u0101tie): 0,3 (0,1) g<br \/>\nOg\u013chidr\u0101ti (cukuri): 91 (72,4) g<br \/>\nOlbaltumvielas: 3,4 g<br \/>\nS\u0101ls: 0 g<br \/>\nNav piem\u0113rots b\u0113rniem l\u012bdz 3 gadu vecumam.<\/p>\n<p><strong data-start=\"721\" data-end=\"733\">Uzglab\u0101\u0161ana:<\/strong><br data-start=\"733\" data-end=\"736\" \/>Uzglab\u0101t temperat\u016br\u0101, kas nep\u0101rsniedz 25\u00b0C, un relat\u012bvaj\u0101 mitrum\u0101, kas nep\u0101rsniedz 75%.<br \/>\nRa\u017eot\u0101js: V\u0101cija<\/p>","protected":false},"excerpt":{"rendered":"<p>Desertu dekor\u0113\u0161anai paredz\u0113tas p\u0101rslas. Rozes izm\u0113rs: 12 mm. Masa: 45 g. Sast\u0101vda\u013cas: uzp\u016bsti r\u012bsi, cukurs, cukura s\u012brups, kukur\u016bzas ciete, KVIE\u0160U milti, gumiar\u0101biks, E170, E122, E131, \u0415102, Capol\u00ae glaz\u016bras l\u012bdzeklis. Satur E122, \u0415102, kas var kait\u012bgi ietekm\u0113t b\u0113rnu aktivit\u0101ti un uzman\u012bbu. Uzturv\u0113rt\u012bba: 1545 kJ\/369 kcal. Tauki (pies\u0101tin\u0101tie): 0,3 (0,1) g. Og\u013chidr\u0101ti (cukuri): 91 (72,4) g. Olbaltumvielas: 3,4 g. S\u0101ls: 0 g. Nav piem\u0113rots b\u0113rniem [\u2026]<\/p>","protected":false},"featured_media":15367,"template":"","meta":{"_seopress_robots_primary_cat":"none","_seopress_titles_title":"","_seopress_titles_desc":"","_seopress_robots_index":""},"product_brand":[],"product_cat":[183,15,104,106],"product_tag":[],"class_list":{"0":"post-15366","1":"product","2":"type-product","3":"status-publish","4":"has-post-thumbnail","6":"product_cat-valentines-day","7":"product_cat-all-products","8":"product_cat-sprinkles","9":"product_cat-new","11":"first","12":"instock","13":"taxable","14":"shipping-taxable","15":"purchasable","16":"product-type-simple"},"_links":{"self":[{"href":"https:\/\/candeebaar.ee\/lv\/wp-json\/wp\/v2\/product\/15366","targetHints":{"allow":["GET"]}}],"collection":[{"href":"https:\/\/candeebaar.ee\/lv\/wp-json\/wp\/v2\/product"}],"about":[{"href":"https:\/\/candeebaar.ee\/lv\/wp-json\/wp\/v2\/types\/product"}],"version-history":[{"count":1,"href":"https:\/\/candeebaar.ee\/lv\/wp-json\/wp\/v2\/product\/15366\/revisions"}],"predecessor-version":[{"id":15368,"href":"https:\/\/candeebaar.ee\/lv\/wp-json\/wp\/v2\/product\/15366\/revisions\/15368"}],"wp:featuredmedia":[{"embeddable":true,"href":"https:\/\/candeebaar.ee\/lv\/wp-json\/wp\/v2\/media\/15367"}],"wp:attachment":[{"href":"https:\/\/candeebaar.ee\/lv\/wp-json\/wp\/v2\/media?parent=15366"}],"wp:term":[{"taxonomy":"product_brand","embeddable":true,"href":"https:\/\/candeebaar.ee\/lv\/wp-json\/wp\/v2\/product_brand?post=15366"},{"taxonomy":"product_cat","embeddable":true,"href":"https:\/\/candeebaar.ee\/lv\/wp-json\/wp\/v2\/product_cat?post=15366"},{"taxonomy":"product_tag","embeddable":true,"href":"https:\/\/candeebaar.ee\/lv\/wp-json\/wp\/v2\/product_tag?post=15366"}],"curies":[{"name":"wp","href":"https:\/\/api.w.org\/{rel}","templated":true}]}}