{"id":15464,"date":"2026-02-18T10:59:37","date_gmt":"2026-02-18T08:59:37","guid":{"rendered":"https:\/\/candeebaar.ee\/?post_type=product&#038;p=15464"},"modified":"2026-04-08T12:02:38","modified_gmt":"2026-04-08T10:02:38","slug":"smidzinams-zakis","status":"publish","type":"product","link":"https:\/\/candeebaar.ee\/lv\/veikals\/smidzinams-zakis\/","title":{"rendered":"Smidzin\u0101\u0161anas \u201cZa\u0137is\u201d 45g"},"content":{"rendered":"<p>Smidzin\u0101t\u0101ji desertu dekor\u0113\u0161anai.<br \/>\nSvars: 45g<br \/>\nCukurs, dekstroze, kukur\u016bzas ciete, dekstr\u012bns, uzp\u016bsti r\u012bsi, r\u012bsu milti, baltais cukurs, rafin\u0113ta dezodor\u0113ta palmu e\u013c\u013ca, melase, p\u016bdercukurs, nehidrogen\u0113ta palmu e\u013c\u013ca, kokosriekstu e\u013c\u013ca, lecit\u012bns, magnija stear\u0101ts, karnaubas vasks (E903), glaz\u016bras vielas: gumijarabiks (E414), talks (E553b), \u0161ellaka (E904), biezin\u0101t\u0101js: karboksimetilceluloze (CMC) (E466), aromatiz\u0113t\u0101js: vani\u013ca, p\u0101rtikas kr\u0101svielas: tartraz\u012bns (E102), saulrieta dzeltenais FCF (E110), Ponceau 4R (E124), patentzilais V (E131), kalcija karbon\u0101ts (E170), \u0113damais sudrabs (E174).<br \/>\nSast\u0101vs uz 100 g:<br \/>\nEner\u0123\u0113tisk\u0101 v\u0113rt\u012bba: 1653,33 kJ \/ 394,24 kcal<br data-start=\"1132\" data-end=\"1135\" \/>Tauki: 0,72 g<br data-start=\"1146\" data-end=\"1149\" \/>tostarp pies\u0101tin\u0101t\u0101s tauksk\u0101bes: 0,34 g<br data-start=\"1175\" data-end=\"1178\" \/>Og\u013chidr\u0101ti: 96,07 g<br data-start=\"1200\" data-end=\"1203\" \/>tostarp cukuri: 70,02 g<br data-start=\"1227\" data-end=\"1230\" \/>\u0160\u0137iedrvielas: 0,13 g<br data-start=\"1243\" data-end=\"1246\" \/>Olbaltumvielas: 0,33 g<br data-start=\"1261\" data-end=\"1264\" \/>S\u0101ls: 0,00 g<\/p>\n<p>Nav piem\u0113rots b\u0113rniem l\u012bdz 3 gadu vecumam.<br \/>\nRa\u017eot\u0101js: V\u0101cija<br \/>\nDer\u012bguma termi\u0146\u0161: 2027. gada febru\u0101ris<\/p>","protected":false},"excerpt":{"rendered":"<p>Desertu dekor\u0113\u0161anai paredz\u0113tas p\u0101rslas. Svars: 45 g. Cukurs, dekstroze, kukur\u016bzas ciete, dekstr\u012bns, uzp\u016bsti r\u012bsi, r\u012bsu milti, baltais cukurs, rafin\u0113ta dezodor\u0113ta palmu e\u013c\u013ca, melase, p\u016bdercukurs, nehidrogen\u0113ta palmu e\u013c\u013ca, kokosriekstu e\u013c\u013ca, lecit\u012bns, magnija stear\u0101ts, karnaubas vasks (E903), glaz\u016bras vielas: gumijarabika (E414), talks (E553b), \u0161ellaka (E904), biezin\u0101t\u0101js: karboksimetilceluloze (CMC) (E466), aromatiz\u0113t\u0101js: vani\u013ca, p\u0101rtikas kr\u0101svielas: tartraz\u012bns (E102), saulrieta [\u2026]<\/p>","protected":false},"featured_media":15465,"template":"","meta":{"_seopress_robots_primary_cat":"none","_seopress_titles_title":"","_seopress_titles_desc":"","_seopress_robots_index":""},"product_brand":[],"product_cat":[178,78,15,104,109,106],"product_tag":[175],"class_list":{"0":"post-15464","1":"product","2":"type-product","3":"status-publish","4":"has-post-thumbnail","6":"product_cat-easter-products","7":"product_cat-deal-of-the-day","8":"product_cat-all-products","9":"product_cat-sprinkles","10":"product_cat-sale","11":"product_cat-new","12":"product_tag-easter","14":"first","15":"instock","16":"sale","17":"taxable","18":"shipping-taxable","19":"purchasable","20":"product-type-simple"},"_links":{"self":[{"href":"https:\/\/candeebaar.ee\/lv\/wp-json\/wp\/v2\/product\/15464","targetHints":{"allow":["GET"]}}],"collection":[{"href":"https:\/\/candeebaar.ee\/lv\/wp-json\/wp\/v2\/product"}],"about":[{"href":"https:\/\/candeebaar.ee\/lv\/wp-json\/wp\/v2\/types\/product"}],"version-history":[{"count":1,"href":"https:\/\/candeebaar.ee\/lv\/wp-json\/wp\/v2\/product\/15464\/revisions"}],"predecessor-version":[{"id":15466,"href":"https:\/\/candeebaar.ee\/lv\/wp-json\/wp\/v2\/product\/15464\/revisions\/15466"}],"wp:featuredmedia":[{"embeddable":true,"href":"https:\/\/candeebaar.ee\/lv\/wp-json\/wp\/v2\/media\/15465"}],"wp:attachment":[{"href":"https:\/\/candeebaar.ee\/lv\/wp-json\/wp\/v2\/media?parent=15464"}],"wp:term":[{"taxonomy":"product_brand","embeddable":true,"href":"https:\/\/candeebaar.ee\/lv\/wp-json\/wp\/v2\/product_brand?post=15464"},{"taxonomy":"product_cat","embeddable":true,"href":"https:\/\/candeebaar.ee\/lv\/wp-json\/wp\/v2\/product_cat?post=15464"},{"taxonomy":"product_tag","embeddable":true,"href":"https:\/\/candeebaar.ee\/lv\/wp-json\/wp\/v2\/product_tag?post=15464"}],"curies":[{"name":"wp","href":"https:\/\/api.w.org\/{rel}","templated":true}]}}