{"id":15504,"date":"2026-02-20T09:45:01","date_gmt":"2026-02-20T07:45:01","guid":{"rendered":"https:\/\/candeebaar.ee\/?post_type=product&#038;p=15504"},"modified":"2026-04-07T13:56:24","modified_gmt":"2026-04-07T11:56:24","slug":"paipalu-olas-53-g","status":"publish","type":"product","link":"https:\/\/candeebaar.ee\/lv\/veikals\/paipalu-olas-53-g\/","title":{"rendered":"\u201cPaipalu olas ar raib\u0101m piedev\u0101m\u201d 53g"},"content":{"rendered":"<p>Desertu dekor\u0113\u0161anai paredz\u0113tas p\u0101rslas. Ol\u0101m (20*28mm, 7gab.) ir m\u012bksta un garda \u0161okol\u0101des pamatne.<br \/>\nSvars: 45g (+-3g)<br \/>\nKr\u0101sa: raiba, jaukta<br \/>\nSast\u0101vda\u013cas:<br \/>\nCukurs, <strong>pienu<\/strong>, modific\u0113tas palmu un augu e\u013c\u013cas, nesaldin\u0101ta \u0161okol\u0101de, kakao sviests,<strong> sojas<\/strong> lecit\u012bns, p\u0101rtikas kr\u0101svielas: indigo karm\u012bns (E132), kurkum\u012bns (E100), tartraz\u012bns (E102), ponceau 4R (E124), briljantzilais FCF (E131), glaz\u016bras l\u012bdzeklis: gumiar\u0101biks.<br \/>\nSatur tartraz\u012bnu (E102) un ponceau 4R (E124), kas var ietekm\u0113t b\u0113rnu aktivit\u0101ti un uzman\u012bbu.<br \/>\nSast\u0101vs uz 100 g:<br \/>\n<strong data-start=\"631\" data-end=\"642\">Ener\u0123ija:<\/strong> 2300 kJ \/ 550 kcal<br \/>\n<strong data-start=\"666\" data-end=\"674\">Tauki:<\/strong> 33,0 g, tostarp pies\u0101tin\u0101t\u0101s tauksk\u0101bes: 19,0 g<br \/>\n<strong data-start=\"719\" data-end=\"737\">Og\u013chidr\u0101ti:<\/strong> 55,0 g, tostarp cukuri: 50,0 g<br \/>\n<strong data-start=\"779\" data-end=\"791\">Olbaltumvielas:<\/strong>\u00a07,0 g<br \/>\n<strong data-start=\"802\" data-end=\"811\">S\u0101ls:<\/strong>\u00a00,2 g<\/p>\n<p>Nav piem\u0113rots b\u0113rniem l\u012bdz 3 gadu vecumam.<br \/>\nRa\u017eot\u0101js: V\u0101cija<br \/>\nDer\u012bguma termi\u0146\u0161: 2027. gada febru\u0101ris<\/p>","protected":false},"excerpt":{"rendered":"<p>Desertu dekor\u0113\u0161anai paredz\u0113tas p\u0101rslas. Ol\u0101m (20*28mm, 7gab.) ir m\u012bksta un garda \u0161okol\u0101des pamatne. Svars: 45g(+-3g). Kr\u0101sa: plankumaina, jaukta. Sast\u0101vda\u013cas: Cukurs, piens, modific\u0113tas palmu un augu e\u013c\u013cas, nesaldin\u0101ta \u0161okol\u0101de, kakao sviests, sojas lecit\u012bns, p\u0101rtikas kr\u0101svielas: indigo karm\u012bns (E132), kurkum\u012bns (E100), tartraz\u012bns (E102), ponceau 4R (E124), briljantzilais FCF (E131), glaz\u016bras l\u012bdzeklis: gumiar\u0101biks. Satur [\u2026]<\/p>","protected":false},"featured_media":15505,"template":"","meta":{"_seopress_robots_primary_cat":"none","_seopress_titles_title":"","_seopress_titles_desc":"","_seopress_robots_index":""},"product_brand":[],"product_cat":[178,15,104,106],"product_tag":[175],"class_list":{"0":"post-15504","1":"product","2":"type-product","3":"status-publish","4":"has-post-thumbnail","6":"product_cat-easter-products","7":"product_cat-all-products","8":"product_cat-sprinkles","9":"product_cat-new","10":"product_tag-easter","12":"first","13":"instock","14":"taxable","15":"shipping-taxable","16":"purchasable","17":"product-type-simple"},"_links":{"self":[{"href":"https:\/\/candeebaar.ee\/lv\/wp-json\/wp\/v2\/product\/15504","targetHints":{"allow":["GET"]}}],"collection":[{"href":"https:\/\/candeebaar.ee\/lv\/wp-json\/wp\/v2\/product"}],"about":[{"href":"https:\/\/candeebaar.ee\/lv\/wp-json\/wp\/v2\/types\/product"}],"version-history":[{"count":4,"href":"https:\/\/candeebaar.ee\/lv\/wp-json\/wp\/v2\/product\/15504\/revisions"}],"predecessor-version":[{"id":16265,"href":"https:\/\/candeebaar.ee\/lv\/wp-json\/wp\/v2\/product\/15504\/revisions\/16265"}],"wp:featuredmedia":[{"embeddable":true,"href":"https:\/\/candeebaar.ee\/lv\/wp-json\/wp\/v2\/media\/15505"}],"wp:attachment":[{"href":"https:\/\/candeebaar.ee\/lv\/wp-json\/wp\/v2\/media?parent=15504"}],"wp:term":[{"taxonomy":"product_brand","embeddable":true,"href":"https:\/\/candeebaar.ee\/lv\/wp-json\/wp\/v2\/product_brand?post=15504"},{"taxonomy":"product_cat","embeddable":true,"href":"https:\/\/candeebaar.ee\/lv\/wp-json\/wp\/v2\/product_cat?post=15504"},{"taxonomy":"product_tag","embeddable":true,"href":"https:\/\/candeebaar.ee\/lv\/wp-json\/wp\/v2\/product_tag?post=15504"}],"curies":[{"name":"wp","href":"https:\/\/api.w.org\/{rel}","templated":true}]}}