{"id":15517,"date":"2026-02-20T15:15:19","date_gmt":"2026-02-20T13:15:19","guid":{"rendered":"https:\/\/candeebaar.ee\/?post_type=product&#038;p=15517"},"modified":"2026-04-08T00:28:03","modified_gmt":"2026-04-07T22:28:03","slug":"glazetas-mandeles-50-g","status":"publish","type":"product","link":"https:\/\/candeebaar.ee\/lv\/veikals\/glazetas-mandeles-50-g\/","title":{"rendered":"Glaz\u0113tas mandeles 50g"},"content":{"rendered":"<p>Smidzin\u0101\u0161anas desertu dekor\u0113\u0161anai.<br \/>\nIzm\u0113rs: apm. 25 * 20 mm (apm. 14 gab.)<br \/>\nSvars: 50 g (+-3 g)<br \/>\nKr\u0101sa: mat\u0113ta, jaukta<br \/>\nSast\u0101vda\u013cas:<br \/>\nCukurs,\u00a0<strong>MANDELES<\/strong>, kakao masa, ciete (r\u012bsi), kakao sviests, glikozes s\u012brups, kr\u0101sviela (E100, E120, E132, E141, E163, E170), dab\u012bgs vani\u013cas aromatiz\u0113t\u0101js, vani\u013cas ekstrakts, biezin\u0101t\u0101js (E414), emulgators (lecit\u012bns (<strong>SOJAS<\/strong>)), \u017eelat\u012bns (c\u016bku), augu e\u013c\u013cas (rap\u0161u, kokosriekstu). Var satur\u0113t p\u0113das\u00a0<strong>GLUTENS<\/strong>,\u00a0<strong>RIEKSTI<\/strong>,\u00a0<strong>PIENS<\/strong>\u00a0un\u00a0<strong>ZEMESRIEKSTI<\/strong>.<br \/>\nSatur tartraz\u012bnu (E102) un ponceau 4R (E124), kas var ietekm\u0113t b\u0113rnu aktivit\u0101ti un uzman\u012bbu.<br \/>\nSast\u0101vs uz 100 g:<br \/>\nkcal: 495; kJ: 2073;<br \/>\ntauki: 24 g; tostarp pies\u0101tin\u0101t\u0101s tauksk\u0101bes: 4,3 g;<br \/>\nog\u013chidr\u0101ti: 59,5 g; tostarp cukuri: 49,5 g;<br \/>\nolbaltumvielas: 9 g;<br \/>\ns\u0101ls: 0 g<\/p>\n<p>Nav piem\u0113rots b\u0113rniem l\u012bdz 3 gadu vecumam. Var rad\u012bt gr\u016bt\u012bbas zobiem.<br \/>\nRa\u017eot\u0101js: V\u0101cija<br \/>\nDer\u012bguma termi\u0146\u0161: 2027. gada decembris<\/p>","protected":false},"excerpt":{"rendered":"<p>Desertu dekor\u0113\u0161anai paredz\u0113tas p\u0101rslas. Izm\u0113rs: apm. 25*20mm (apm. 14 gab.) Svars: 50g(+-3g) Kr\u0101sa: mat\u0113ta, jaukta Sast\u0101vda\u013cas: Cukurs, MANDELES, kakao masa, ciete (r\u012bsi), kakao sviests, glikozes s\u012brups, kr\u0101sviela (E100, E120, E132, E141, E163, E170), dab\u012bgs vani\u013cas aromatiz\u0113t\u0101js, vani\u013cas ekstrakts, biezin\u0101t\u0101js (E414), emulgators (lecit\u012bns (SOJA)), \u017eelat\u012bns (c\u016bkga\u013ca), augu e\u013c\u013cas (rap\u0161u, kokosriekstu). Var satur\u0113t GLUT\u0112NA, RIEKSTU, PIENA un ZEMESRIEKSTU p\u0113das. Satur tartraz\u012bnu (E102), [\u2026]<\/p>","protected":false},"featured_media":15518,"template":"","meta":{"_seopress_robots_primary_cat":"none","_seopress_titles_title":"","_seopress_titles_desc":"","_seopress_robots_index":""},"product_brand":[],"product_cat":[178,15,104,109,106],"product_tag":[175],"class_list":{"0":"post-15517","1":"product","2":"type-product","3":"status-publish","4":"has-post-thumbnail","6":"product_cat-easter-products","7":"product_cat-all-products","8":"product_cat-sprinkles","9":"product_cat-sale","10":"product_cat-new","11":"product_tag-easter","13":"first","14":"instock","15":"sale","16":"taxable","17":"shipping-taxable","18":"purchasable","19":"product-type-simple"},"_links":{"self":[{"href":"https:\/\/candeebaar.ee\/lv\/wp-json\/wp\/v2\/product\/15517","targetHints":{"allow":["GET"]}}],"collection":[{"href":"https:\/\/candeebaar.ee\/lv\/wp-json\/wp\/v2\/product"}],"about":[{"href":"https:\/\/candeebaar.ee\/lv\/wp-json\/wp\/v2\/types\/product"}],"version-history":[{"count":1,"href":"https:\/\/candeebaar.ee\/lv\/wp-json\/wp\/v2\/product\/15517\/revisions"}],"predecessor-version":[{"id":15519,"href":"https:\/\/candeebaar.ee\/lv\/wp-json\/wp\/v2\/product\/15517\/revisions\/15519"}],"wp:featuredmedia":[{"embeddable":true,"href":"https:\/\/candeebaar.ee\/lv\/wp-json\/wp\/v2\/media\/15518"}],"wp:attachment":[{"href":"https:\/\/candeebaar.ee\/lv\/wp-json\/wp\/v2\/media?parent=15517"}],"wp:term":[{"taxonomy":"product_brand","embeddable":true,"href":"https:\/\/candeebaar.ee\/lv\/wp-json\/wp\/v2\/product_brand?post=15517"},{"taxonomy":"product_cat","embeddable":true,"href":"https:\/\/candeebaar.ee\/lv\/wp-json\/wp\/v2\/product_cat?post=15517"},{"taxonomy":"product_tag","embeddable":true,"href":"https:\/\/candeebaar.ee\/lv\/wp-json\/wp\/v2\/product_tag?post=15517"}],"curies":[{"name":"wp","href":"https:\/\/api.w.org\/{rel}","templated":true}]}}