{"id":16466,"date":"2026-04-23T09:44:20","date_gmt":"2026-04-23T07:44:20","guid":{"rendered":"https:\/\/candeebaar.ee\/?post_type=product&#038;p=16466"},"modified":"2026-04-23T09:50:20","modified_gmt":"2026-04-23T07:50:20","slug":"13-13-7-bento-kaste","status":"publish","type":"product","link":"https:\/\/candeebaar.ee\/lv\/veikals\/13-13-7-bento-kaste\/","title":{"rendered":"Bento k\u016bkas k\u0101rba ar lodzi\u0146u 13*13*7cm"},"content":{"rendered":"<p>Divda\u013c\u012bg\u0101 kast\u012bte ir piem\u0113rota mini bento k\u016bk\u0101m.<br \/>\nMaterial: cardboard with plastic window<br \/>\nSize (lwh): 130*130*70mm<br \/>\nK\u016bkas diametrs: 11 cm<\/p>","protected":false},"excerpt":{"rendered":"<p>Divda\u013c\u012bg\u0101 kaste ir piem\u0113rota mini bento k\u016bk\u0101m. Materi\u0101ls: kartons ar plastmasas lodzi\u0146u. Izm\u0113rs (garums x platums x augstums): 130 x 130 x 70 mm. K\u016bkas diametrs: 11 cm.<\/p>","protected":false},"featured_media":16467,"template":"","meta":{"_seopress_robots_primary_cat":"none","_seopress_titles_title":"","_seopress_titles_desc":"","_seopress_robots_index":""},"product_brand":[],"product_cat":[78,15,129,93],"product_tag":[],"class_list":{"0":"post-16466","1":"product","2":"type-product","3":"status-publish","4":"has-post-thumbnail","6":"product_cat-deal-of-the-day","7":"product_cat-all-products","8":"product_cat-small-and-bento-size","9":"product_cat-gift-packaging","11":"first","12":"instock","13":"taxable","14":"shipping-taxable","15":"purchasable","16":"product-type-simple"},"_links":{"self":[{"href":"https:\/\/candeebaar.ee\/lv\/wp-json\/wp\/v2\/product\/16466","targetHints":{"allow":["GET"]}}],"collection":[{"href":"https:\/\/candeebaar.ee\/lv\/wp-json\/wp\/v2\/product"}],"about":[{"href":"https:\/\/candeebaar.ee\/lv\/wp-json\/wp\/v2\/types\/product"}],"version-history":[{"count":1,"href":"https:\/\/candeebaar.ee\/lv\/wp-json\/wp\/v2\/product\/16466\/revisions"}],"predecessor-version":[{"id":16468,"href":"https:\/\/candeebaar.ee\/lv\/wp-json\/wp\/v2\/product\/16466\/revisions\/16468"}],"wp:featuredmedia":[{"embeddable":true,"href":"https:\/\/candeebaar.ee\/lv\/wp-json\/wp\/v2\/media\/16467"}],"wp:attachment":[{"href":"https:\/\/candeebaar.ee\/lv\/wp-json\/wp\/v2\/media?parent=16466"}],"wp:term":[{"taxonomy":"product_brand","embeddable":true,"href":"https:\/\/candeebaar.ee\/lv\/wp-json\/wp\/v2\/product_brand?post=16466"},{"taxonomy":"product_cat","embeddable":true,"href":"https:\/\/candeebaar.ee\/lv\/wp-json\/wp\/v2\/product_cat?post=16466"},{"taxonomy":"product_tag","embeddable":true,"href":"https:\/\/candeebaar.ee\/lv\/wp-json\/wp\/v2\/product_tag?post=16466"}],"curies":[{"name":"wp","href":"https:\/\/api.w.org\/{rel}","templated":true}]}}