{"id":16479,"date":"2026-04-24T08:51:00","date_gmt":"2026-04-24T06:51:00","guid":{"rendered":"https:\/\/candeebaar.ee\/?post_type=product&#038;p=16479"},"modified":"2026-04-24T08:53:34","modified_gmt":"2026-04-24T06:53:34","slug":"white-macaroon-box-with-window-164-54-5cm","status":"publish","type":"product","link":"https:\/\/candeebaar.ee\/lv\/veikals\/white-macaroon-box-with-window-164-54-5cm\/","title":{"rendered":"Balta makar\u016bnu k\u0101rba ar lodzi\u0146u 16*4.5*4.5cm"},"content":{"rendered":"<p>Makar\u016bnu kast\u012bte.<br \/>\nLogs no caursp\u012bd\u012bgas plastmasas.<br \/>\nPlatums: 4,5 cm<br \/>\nGarums: 16 cm<br \/>\nAugstums: 4,5 cm<\/p>\n<p>Kr\u0101sa: balta<br \/>\nMateri\u0101ls: kartons<br \/>\nViegli saliekams.<\/p>\n<p>&nbsp;<\/p>","protected":false},"excerpt":{"rendered":"<p>Makar\u016bnu k\u0101rba. Logs izgatavots no caursp\u012bd\u012bgas plastmasas. Platums: 4,5 cm Garums: 16 cm Augstums: 4,5 cm Kr\u0101sa: balta Materi\u0101ls: kartons Viegli saliekams. &nbsp;<\/p>","protected":false},"featured_media":16481,"template":"","meta":{"_seopress_robots_primary_cat":"none","_seopress_titles_title":"","_seopress_titles_desc":"","_seopress_robots_index":""},"product_brand":[],"product_cat":[15,151,106],"product_tag":[],"class_list":{"0":"post-16479","1":"product","2":"type-product","3":"status-publish","4":"has-post-thumbnail","6":"product_cat-all-products","7":"product_cat-macaron","8":"product_cat-new","10":"first","11":"instock","12":"taxable","13":"shipping-taxable","14":"purchasable","15":"product-type-simple"},"_links":{"self":[{"href":"https:\/\/candeebaar.ee\/lv\/wp-json\/wp\/v2\/product\/16479","targetHints":{"allow":["GET"]}}],"collection":[{"href":"https:\/\/candeebaar.ee\/lv\/wp-json\/wp\/v2\/product"}],"about":[{"href":"https:\/\/candeebaar.ee\/lv\/wp-json\/wp\/v2\/types\/product"}],"version-history":[{"count":1,"href":"https:\/\/candeebaar.ee\/lv\/wp-json\/wp\/v2\/product\/16479\/revisions"}],"predecessor-version":[{"id":16482,"href":"https:\/\/candeebaar.ee\/lv\/wp-json\/wp\/v2\/product\/16479\/revisions\/16482"}],"wp:featuredmedia":[{"embeddable":true,"href":"https:\/\/candeebaar.ee\/lv\/wp-json\/wp\/v2\/media\/16481"}],"wp:attachment":[{"href":"https:\/\/candeebaar.ee\/lv\/wp-json\/wp\/v2\/media?parent=16479"}],"wp:term":[{"taxonomy":"product_brand","embeddable":true,"href":"https:\/\/candeebaar.ee\/lv\/wp-json\/wp\/v2\/product_brand?post=16479"},{"taxonomy":"product_cat","embeddable":true,"href":"https:\/\/candeebaar.ee\/lv\/wp-json\/wp\/v2\/product_cat?post=16479"},{"taxonomy":"product_tag","embeddable":true,"href":"https:\/\/candeebaar.ee\/lv\/wp-json\/wp\/v2\/product_tag?post=16479"}],"curies":[{"name":"wp","href":"https:\/\/api.w.org\/{rel}","templated":true}]}}