{"id":16728,"date":"2026-05-15T08:58:18","date_gmt":"2026-05-15T06:58:18","guid":{"rendered":"https:\/\/candeebaar.ee\/?post_type=product&#038;p=16728"},"modified":"2026-05-15T09:04:50","modified_gmt":"2026-05-15T07:04:50","slug":"kipras-citronu-smidzinataji","status":"publish","type":"product","link":"https:\/\/candeebaar.ee\/lv\/veikals\/kipras-citronu-smidzinataji\/","title":{"rendered":"Smidzin\u0101t\u0101ji \u201cKipras citrons\u201d 45g"},"content":{"rendered":"<p>Smidzin\u0101\u0161anas deserta dekor\u0113\u0161anai.<\/p>\n<p><strong>Sast\u0101vda\u013cas<\/strong>:<\/p>\n<p>Cukurs, ciete (KVIE\u0160I, kukur\u016bza, kartupe\u013ci, r\u012bsi), milti (KVIE\u0160I, iesaloti KVIE\u0160I, r\u012bsi), KVIE\u0160U manna, KVIE\u0160U glut\u0113ns, augu e\u013c\u013cas (rap\u0161u, piln\u012bb\u0101 hidrogen\u0113tas rap\u0161u, kokosriekstu), glikozes s\u012brups, pilnpiena pulveris, kakao sviests, kakao masa, kr\u0101sviela (E100, E101, E131, E160a, E174), aromatiz\u0113t\u0101js, dab\u012bgs vani\u013cas aromatiz\u0113t\u0101js, glaz\u016bras l\u012bdzeklis (E901, E903, E904), biezin\u0101t\u0101js (E406, E414), emulgators (lecit\u012bns (saulespu\u0137u, SOJAS), E473), atbr\u012bvo\u0161an\u0101s l\u012bdzeklis (E553b), sk\u0101bin\u0101t\u0101js (E330), s\u0101ls. Var satur\u0113t RIEKSTU p\u0113das.<\/p>\n<p>Var satur\u0113t p\u0113das <strong>olas, piens un rieksti<\/strong>.<\/p>\n<p>Satur kr\u0101svielas, kas var kait\u012bgi ietekm\u0113t b\u0113rnu aktivit\u0101ti un uzman\u012bbu.<\/p>\n<p><strong>Uztura fakti:<\/strong><\/p>\n<table width=\"510\">\n<tbody>\n<tr>\n<td colspan=\"2\" width=\"510\">100 g satur vid\u0113jo v\u0113rt\u012bbu:<\/td>\n<\/tr>\n<tr>\n<td width=\"200\">Ener\u0123\u0113tisk\u0101 v\u0113rt\u012bba<\/td>\n<td width=\"310\">1778 kJ \/ 420 kcal<\/td>\n<\/tr>\n<tr>\n<td width=\"200\">Olbaltumvielas<\/td>\n<td width=\"310\">1,3 g<\/td>\n<\/tr>\n<tr>\n<td width=\"200\">Tauki<\/p>\n<p>\u2013 Pies\u0101tin\u0101ts<\/td>\n<td width=\"310\">5,1\u00a0g<\/p>\n<p>\u2013 2,9 g<\/td>\n<\/tr>\n<tr>\n<td width=\"200\">Kop\u0113jais og\u013chidr\u0101tu saturs - cukurs<\/td>\n<td width=\"310\">91,7 g\u201384,9 g<\/td>\n<\/tr>\n<tr>\n<td width=\"200\">S\u0101ls<\/td>\n<td width=\"310\">0,1\u00a0g<\/td>\n<\/tr>\n<\/tbody>\n<\/table>\n<p style=\"font-weight: 400;\">Nav piem\u0113rots b\u0113rniem l\u012bdz 3 gadu vecumam. Liel\u0101kajai da\u013cai elementu iek\u0161pus\u0113 ir m\u012bksta r\u012bsu pamatne, bet da\u017ei var b\u016bt cieti.<br \/>\nUzglab\u0101t nosl\u0113gtu istabas temperat\u016br\u0101 un norm\u0101l\u0101 (40-75%) mitrum\u0101.<br \/>\nRa\u017eot\u0101js: V\u0101cija<br \/>\nDer\u012bguma termi\u0146\u0161: 2028. gada apr\u012blis<\/p>","protected":false},"excerpt":{"rendered":"<p>Desertu dekor\u0113\u0161anai paredz\u0113tas p\u0101rslas. Sast\u0101vda\u013cas: cukurs, ciete (KVIE\u0160I, kukur\u016bza, kartupe\u013ci, r\u012bsi), milti (KVIE\u0160I, iesaloti KVIE\u0160I, r\u012bsi), KVIE\u0160U manna, KVIE\u0160U glut\u0113ns, augu e\u013c\u013cas (rap\u0161u, piln\u012bb\u0101 hidrogen\u0113tas rap\u0161u, kokosriekstu), glikozes s\u012brups, pilnpiena pulveris, kakao sviests, kakao masa, kr\u0101sviela (E100, E101, E131, E160a, E174), aromatiz\u0113t\u0101js, dab\u012bgs vani\u013cas aromatiz\u0113t\u0101js, glaz\u016bras l\u012bdzeklis (E901, E903, E904), biezin\u0101t\u0101js (E406, E414), emulgators [\u2026]<\/p>","protected":false},"featured_media":16729,"template":"","meta":{"_seopress_robots_primary_cat":"none","_seopress_titles_title":"","_seopress_titles_desc":"","_seopress_robots_index":""},"product_brand":[],"product_cat":[182,181,78,15,104,106],"product_tag":[],"class_list":{"0":"post-16728","1":"product","2":"type-product","3":"status-publish","4":"has-post-thumbnail","6":"product_cat-christmas","7":"product_cat-christmas-new-year","8":"product_cat-deal-of-the-day","9":"product_cat-all-products","10":"product_cat-sprinkles","11":"product_cat-new","13":"first","14":"instock","15":"taxable","16":"shipping-taxable","17":"purchasable","18":"product-type-simple"},"_links":{"self":[{"href":"https:\/\/candeebaar.ee\/lv\/wp-json\/wp\/v2\/product\/16728","targetHints":{"allow":["GET"]}}],"collection":[{"href":"https:\/\/candeebaar.ee\/lv\/wp-json\/wp\/v2\/product"}],"about":[{"href":"https:\/\/candeebaar.ee\/lv\/wp-json\/wp\/v2\/types\/product"}],"version-history":[{"count":3,"href":"https:\/\/candeebaar.ee\/lv\/wp-json\/wp\/v2\/product\/16728\/revisions"}],"predecessor-version":[{"id":16732,"href":"https:\/\/candeebaar.ee\/lv\/wp-json\/wp\/v2\/product\/16728\/revisions\/16732"}],"wp:featuredmedia":[{"embeddable":true,"href":"https:\/\/candeebaar.ee\/lv\/wp-json\/wp\/v2\/media\/16729"}],"wp:attachment":[{"href":"https:\/\/candeebaar.ee\/lv\/wp-json\/wp\/v2\/media?parent=16728"}],"wp:term":[{"taxonomy":"product_brand","embeddable":true,"href":"https:\/\/candeebaar.ee\/lv\/wp-json\/wp\/v2\/product_brand?post=16728"},{"taxonomy":"product_cat","embeddable":true,"href":"https:\/\/candeebaar.ee\/lv\/wp-json\/wp\/v2\/product_cat?post=16728"},{"taxonomy":"product_tag","embeddable":true,"href":"https:\/\/candeebaar.ee\/lv\/wp-json\/wp\/v2\/product_tag?post=16728"}],"curies":[{"name":"wp","href":"https:\/\/api.w.org\/{rel}","templated":true}]}}