{"id":4848,"date":"2024-12-31T20:06:31","date_gmt":"2024-12-31T20:06:31","guid":{"rendered":"https:\/\/storetest.ivi.ee\/product\/almond-flour-lubeca-200g\/"},"modified":"2026-03-11T12:10:54","modified_gmt":"2026-03-11T10:10:54","slug":"mandelu-miltu-lubeca-200g","status":"publish","type":"product","link":"https:\/\/candeebaar.ee\/lv\/veikals\/mandelu-miltu-lubeca-200g\/","title":{"rendered":"Mande\u013cu milti Lubeca 200g"},"content":{"rendered":"<p>Augstas kvalit\u0101tes mande\u013cu milti.<br \/>\nLieliski piem\u0113rots makaronu cep\u0161anai un citiem m\u0113r\u0137iem.<br \/>\nIepakojums: 200g<br \/>\nSast\u0101vda\u013cas: salds <strong>mande\u013cu<br \/>\n<\/strong>Tauku saturs: 55%<br \/>\nMitruma saturs l\u012bdz 5%<br \/>\nUzglab\u0101t herm\u0113tisk\u0101 trauk\u0101 saus\u0101, tum\u0161\u0101 viet\u0101.<br \/>\nRa\u017eot\u0101js: LUBECA V\u0101cija<\/p>","protected":false},"excerpt":{"rendered":"<p>Augstas kvalit\u0101tes mande\u013cu milti. Lieliski piem\u0113rots makaronu cep\u0161anai un citiem m\u0113r\u0137iem. Iepakojums: 200g Sast\u0101vda\u013cas: sald\u0101s mandeles Tauku saturs: 55% Mitruma saturs l\u012bdz 5% Uzglab\u0101t herm\u0113tisk\u0101 trauk\u0101 saus\u0101, tum\u0161\u0101 viet\u0101. Ra\u017eot\u0101js: LUBECA V\u0101cija<\/p>","protected":false},"featured_media":4850,"template":"","meta":{"_seopress_robots_primary_cat":"none","_seopress_titles_title":"","_seopress_titles_desc":"","_seopress_robots_index":""},"product_brand":[],"product_cat":[15,101],"product_tag":[],"class_list":{"0":"post-4848","1":"product","2":"type-product","3":"status-publish","4":"has-post-thumbnail","6":"product_cat-all-products","7":"product_cat-nut-products","9":"first","10":"instock","11":"taxable","12":"shipping-taxable","13":"purchasable","14":"product-type-simple"},"_links":{"self":[{"href":"https:\/\/candeebaar.ee\/lv\/wp-json\/wp\/v2\/product\/4848","targetHints":{"allow":["GET"]}}],"collection":[{"href":"https:\/\/candeebaar.ee\/lv\/wp-json\/wp\/v2\/product"}],"about":[{"href":"https:\/\/candeebaar.ee\/lv\/wp-json\/wp\/v2\/types\/product"}],"version-history":[{"count":1,"href":"https:\/\/candeebaar.ee\/lv\/wp-json\/wp\/v2\/product\/4848\/revisions"}],"predecessor-version":[{"id":4849,"href":"https:\/\/candeebaar.ee\/lv\/wp-json\/wp\/v2\/product\/4848\/revisions\/4849"}],"wp:featuredmedia":[{"embeddable":true,"href":"https:\/\/candeebaar.ee\/lv\/wp-json\/wp\/v2\/media\/4850"}],"wp:attachment":[{"href":"https:\/\/candeebaar.ee\/lv\/wp-json\/wp\/v2\/media?parent=4848"}],"wp:term":[{"taxonomy":"product_brand","embeddable":true,"href":"https:\/\/candeebaar.ee\/lv\/wp-json\/wp\/v2\/product_brand?post=4848"},{"taxonomy":"product_cat","embeddable":true,"href":"https:\/\/candeebaar.ee\/lv\/wp-json\/wp\/v2\/product_cat?post=4848"},{"taxonomy":"product_tag","embeddable":true,"href":"https:\/\/candeebaar.ee\/lv\/wp-json\/wp\/v2\/product_tag?post=4848"}],"curies":[{"name":"wp","href":"https:\/\/api.w.org\/{rel}","templated":true}]}}