{"id":4851,"date":"2024-12-31T20:06:31","date_gmt":"2024-12-31T20:06:31","guid":{"rendered":"https:\/\/storetest.ivi.ee\/product\/callebaut-811-dark-chocolate-54-5-400g\/"},"modified":"2025-04-22T09:02:16","modified_gmt":"2025-04-22T07:02:16","slug":"callebaut-811-tumsa-sokolade-54-5-400g","status":"publish","type":"product","link":"https:\/\/candeebaar.ee\/lv\/veikals\/callebaut-811-tumsa-sokolade-54-5-400g\/","title":{"rendered":"Callebaut 811 tum\u0161\u0101 \u0161okol\u0101de (54.5%) 400g"},"content":{"rendered":"<p>Paz\u012bstam\u0101 \u0161okol\u0101de. Tam ir augst\u0101k\u0101 kvalit\u0101te.<br \/>\nSvars: 400g<br \/>\nSast\u0101vda\u013cas: cukurs, kakao sviests, lecit\u012bns (<strong>sojas<\/strong>), dab\u012bg\u0101 vani\u013cas gar\u0161a, <strong>pienu<\/strong>.<\/p>\n<table style=\"height: 160px; width: 409px;\" width=\"409\">\n<tbody>\n<tr>\n<td style=\"width: 244px;\">Saturs per<\/td>\n<td style=\"width: 150.4px;\">100g<\/td>\n<\/tr>\n<tr>\n<td style=\"width: 244px;\">Uzturv\u0113rt\u012bba<\/td>\n<td style=\"width: 150.4px;\">550 kcal 2303 kJ<\/td>\n<\/tr>\n<tr>\n<td style=\"width: 244px;\">Tauki (no tiem pies\u0101tin\u0101tie)<\/td>\n<td style=\"width: 150.4px;\">37\u00a0g (22\u00a0g)<\/td>\n<\/tr>\n<tr>\n<td style=\"width: 244px;\">Og\u013chidr\u0101ti (cukurs)<\/td>\n<td style=\"width: 150.4px;\">46\u00a0g (43\u00a0g)<\/td>\n<\/tr>\n<tr>\n<td style=\"width: 244px;\">Olbaltumvielas<\/td>\n<td style=\"width: 150.4px;\">5,1\u00a0g<\/td>\n<\/tr>\n<tr>\n<td style=\"width: 244px;\">S\u0101ls<\/td>\n<td style=\"width: 150.4px;\">0,01 g<\/td>\n<\/tr>\n<\/tbody>\n<\/table>\n<p>Uzglab\u0101\u0161anas temperat\u016bra: <strong>12 \u2013 20 \u00b0C<\/strong><br \/>\nRa\u017eot\u0101js: CALLEBAUT Belgium<br \/>\nTurkl\u0101t vietn\u0113 varat atrast daudzas jaunas receptes un iepaz\u012bties ar vi\u0146u produktiem <a href=\"https:\/\/www.callebaut.com\/\">callebaut.com<\/a>.<br \/>\n<strong><br \/>\n<\/strong><\/p>\n<p>&nbsp;<\/p>","protected":false},"excerpt":{"rendered":"<p>Paz\u012bstam\u0101 \u0161okol\u0101de. Tam ir augst\u0101k\u0101 kvalit\u0101te. Svars: 400g Sast\u0101vda\u013cas: cukurs, kakao sviests, lecit\u012bns (sojas), dab\u012bgs vani\u013cas arom\u0101ts, piens. Saturs uz 100g Uzturv\u0113rt\u012bba 550 kcal 2303 kJ Tauki (no tiem pies\u0101tin\u0101tie) 37g (22g) Og\u013chidr\u0101ti (cukurs) 46g (43g) Olbaltumvielas 5,1 g S\u0101ls 0,01g Uzglab\u0101\u0161anas temperat\u016bra: 12 \u2013 20 \u00b0C Cits, j\u016bs varat Be\u013c\u0123ija: Papildu VISI [\u2026]<\/p>","protected":false},"featured_media":4853,"template":"","meta":{"_seopress_robots_primary_cat":"none","_seopress_titles_title":"","_seopress_titles_desc":"","_seopress_robots_index":""},"product_brand":[],"product_cat":[15,110],"product_tag":[],"class_list":{"0":"post-4851","1":"product","2":"type-product","3":"status-publish","4":"has-post-thumbnail","6":"product_cat-all-products","7":"product_cat-callebaut","8":"brand-callebaut","10":"first","11":"instock","12":"taxable","13":"shipping-taxable","14":"purchasable","15":"product-type-simple"},"_links":{"self":[{"href":"https:\/\/candeebaar.ee\/lv\/wp-json\/wp\/v2\/product\/4851","targetHints":{"allow":["GET"]}}],"collection":[{"href":"https:\/\/candeebaar.ee\/lv\/wp-json\/wp\/v2\/product"}],"about":[{"href":"https:\/\/candeebaar.ee\/lv\/wp-json\/wp\/v2\/types\/product"}],"version-history":[{"count":2,"href":"https:\/\/candeebaar.ee\/lv\/wp-json\/wp\/v2\/product\/4851\/revisions"}],"predecessor-version":[{"id":11906,"href":"https:\/\/candeebaar.ee\/lv\/wp-json\/wp\/v2\/product\/4851\/revisions\/11906"}],"wp:featuredmedia":[{"embeddable":true,"href":"https:\/\/candeebaar.ee\/lv\/wp-json\/wp\/v2\/media\/4853"}],"wp:attachment":[{"href":"https:\/\/candeebaar.ee\/lv\/wp-json\/wp\/v2\/media?parent=4851"}],"wp:term":[{"taxonomy":"product_brand","embeddable":true,"href":"https:\/\/candeebaar.ee\/lv\/wp-json\/wp\/v2\/product_brand?post=4851"},{"taxonomy":"product_cat","embeddable":true,"href":"https:\/\/candeebaar.ee\/lv\/wp-json\/wp\/v2\/product_cat?post=4851"},{"taxonomy":"product_tag","embeddable":true,"href":"https:\/\/candeebaar.ee\/lv\/wp-json\/wp\/v2\/product_tag?post=4851"}],"curies":[{"name":"wp","href":"https:\/\/api.w.org\/{rel}","templated":true}]}}