{"id":4863,"date":"2024-12-31T20:06:31","date_gmt":"2024-12-31T20:06:31","guid":{"rendered":"https:\/\/storetest.ivi.ee\/product\/callebaut-823-milk-chocolate-33-6-400g\/"},"modified":"2025-05-06T09:12:04","modified_gmt":"2025-05-06T07:12:04","slug":"callebaut-823-piena-sokolade-33-6-400g","status":"publish","type":"product","link":"https:\/\/candeebaar.ee\/lv\/veikals\/callebaut-823-piena-sokolade-33-6-400g\/","title":{"rendered":"Piena \u0161okol\u0101de Callebaut 823 (33.6%) 400g"},"content":{"rendered":"<p>Paz\u012bstam\u0101 \u0161okol\u0101de. Ir augst\u0101k\u0101 kvalit\u0101te.<br \/>\nMasa: 400g<br \/>\nSast\u0101vda\u013cas: cukurs, kakao sviests, vesels <strong>PIENS<\/strong> pulveris, kakao masa, emulgators: lecit\u012bni (<strong>SOJA<\/strong>), dab\u012bgs vani\u013cas aromatiz\u0113t\u0101js.<\/p>\n<table style=\"height: 160px; width: 409px;\" width=\"409\">\n<tbody>\n<tr>\n<td style=\"width: 244px;\">Saturs per<\/td>\n<td style=\"width: 150.4px;\">100g<\/td>\n<\/tr>\n<tr>\n<td style=\"width: 244px;\">Uzturv\u0113rt\u012bba<\/td>\n<td style=\"width: 150.4px;\">563 kcal 2338 kJ<\/td>\n<\/tr>\n<tr>\n<td style=\"width: 244px;\">Tauki (no tiem pies\u0101tin\u0101tie)<\/td>\n<td style=\"width: 150.4px;\">36\u00a0g (22\u00a0g)<\/td>\n<\/tr>\n<tr>\n<td style=\"width: 244px;\">Og\u013chidr\u0101ti (cukurs)<\/td>\n<td style=\"width: 150.4px;\">51\u00a0g (50\u00a0g)<\/td>\n<\/tr>\n<tr>\n<td style=\"width: 244px;\">Olbaltumvielas<\/td>\n<td style=\"width: 150.4px;\">7g<\/td>\n<\/tr>\n<tr>\n<td style=\"width: 244px;\">S\u0101ls<\/td>\n<td style=\"width: 150.4px;\">0,21 g<\/td>\n<\/tr>\n<\/tbody>\n<\/table>\n<p>Ra\u017eot\u0101js: CALLEBAUT Belgium<br \/>\nUzglab\u0101\u0161anas temperat\u016bra: <strong>12 \u2013 20 \u00b0C<br \/>\n<\/strong>Var satur\u0113t <strong>pienu.<br \/>\n<\/strong>Turkl\u0101t vietn\u0113 varat atrast daudzas jaunas receptes un padomus <a href=\"https:\/\/www.callebaut.com\/\">callebaut.com<\/a>Iepaz\u012bstieties ar vi\u0146u produktiem.<\/p>\n<p>&nbsp;<\/p>","protected":false},"excerpt":{"rendered":"<p>Paz\u012bstam\u0101 \u0161okol\u0101de. Ir augst\u0101k\u0101 kvalit\u0101te. Masa: 400g Sast\u0101vs: cukurs, kakao sviests, pilnpiena pulveris, kakao masa, emulgators: lecit\u012bni (SOJA), dab\u012bgs vani\u013cas aromatiz\u0113t\u0101js. Saturs 100g Uzturv\u0113rt\u012bba 563 kcal 2338 kJ Tauki (no tiem pies\u0101tin\u0101tie) 36g (22g) Og\u013chidr\u0101ti (cukurs) 51g (50g) Olbaltumvielas 7g S\u0101ls 0,21g Ra\u017eot\u0101js: CALLEBAUT Be\u013c\u0123ija Uzglab\u0101\u0161anas temperat\u016bra: 20 \u00b0C \u2013 [\u2026]<\/p>","protected":false},"featured_media":4865,"template":"","meta":{"_seopress_robots_primary_cat":"none","_seopress_titles_title":"","_seopress_titles_desc":"","_seopress_robots_index":""},"product_brand":[],"product_cat":[15,110],"product_tag":[],"class_list":{"0":"post-4863","1":"product","2":"type-product","3":"status-publish","4":"has-post-thumbnail","6":"product_cat-all-products","7":"product_cat-callebaut","8":"brand-callebaut","10":"first","11":"instock","12":"taxable","13":"shipping-taxable","14":"purchasable","15":"product-type-simple"},"_links":{"self":[{"href":"https:\/\/candeebaar.ee\/lv\/wp-json\/wp\/v2\/product\/4863","targetHints":{"allow":["GET"]}}],"collection":[{"href":"https:\/\/candeebaar.ee\/lv\/wp-json\/wp\/v2\/product"}],"about":[{"href":"https:\/\/candeebaar.ee\/lv\/wp-json\/wp\/v2\/types\/product"}],"version-history":[{"count":3,"href":"https:\/\/candeebaar.ee\/lv\/wp-json\/wp\/v2\/product\/4863\/revisions"}],"predecessor-version":[{"id":11901,"href":"https:\/\/candeebaar.ee\/lv\/wp-json\/wp\/v2\/product\/4863\/revisions\/11901"}],"wp:featuredmedia":[{"embeddable":true,"href":"https:\/\/candeebaar.ee\/lv\/wp-json\/wp\/v2\/media\/4865"}],"wp:attachment":[{"href":"https:\/\/candeebaar.ee\/lv\/wp-json\/wp\/v2\/media?parent=4863"}],"wp:term":[{"taxonomy":"product_brand","embeddable":true,"href":"https:\/\/candeebaar.ee\/lv\/wp-json\/wp\/v2\/product_brand?post=4863"},{"taxonomy":"product_cat","embeddable":true,"href":"https:\/\/candeebaar.ee\/lv\/wp-json\/wp\/v2\/product_cat?post=4863"},{"taxonomy":"product_tag","embeddable":true,"href":"https:\/\/candeebaar.ee\/lv\/wp-json\/wp\/v2\/product_tag?post=4863"}],"curies":[{"name":"wp","href":"https:\/\/api.w.org\/{rel}","templated":true}]}}