{"id":4873,"date":"2024-12-31T20:06:31","date_gmt":"2024-12-31T20:06:31","guid":{"rendered":"https:\/\/storetest.ivi.ee\/product\/pastry-bags-16x27cm-100pcs\/"},"modified":"2026-04-13T14:49:31","modified_gmt":"2026-04-13T12:49:31","slug":"konditorejas-maisini-16x27cm-100gab","status":"publish","type":"product","link":"https:\/\/candeebaar.ee\/lv\/veikals\/konditorejas-maisini-16x27cm-100gab\/","title":{"rendered":"Konditorejas maisi\u0146i 16x27cm 100gab"},"content":{"rendered":"<ul>\n<li>Vienreizlietojamie maisi\u0146i kr\u0113mam, m\u012bklai, glaz\u016brai utt.<\/li>\n<li>Norm\u0101las lieto\u0161anas apst\u0101k\u013cos var atk\u0101rtoti izmantot vair\u0101kas reizes.<\/li>\n<li>Platums: 16 cm<\/li>\n<li>Garums: 27cm<\/li>\n<li>Iepakojum\u0101 ir 100 gab<\/li>\n<li>Materi\u0101ls: polietil\u0113ns<\/li>\n<li>Ra\u017eots: \u0136\u012bn\u0101<\/li>\n<\/ul>","protected":false},"excerpt":{"rendered":"<p>Vienreizlietojamie maisi\u0146i kr\u0113mam, m\u012bklai, glaz\u016brai utt. Norm\u0101las lieto\u0161anas laik\u0101 var izmantot vair\u0101kas reizes. Platums: 16 cm Garums: 27 cm Iepakojum\u0101 ir 100 gab. Materi\u0101ls: polietil\u0113ns Ra\u017eots: \u0136\u012bn\u0101<\/p>","protected":false},"featured_media":4869,"template":"","meta":{"_seopress_robots_primary_cat":"none","_seopress_titles_title":"","_seopress_titles_desc":"","_seopress_robots_index":""},"product_brand":[],"product_cat":[15,85],"product_tag":[],"class_list":{"0":"post-4873","1":"product","2":"type-product","3":"status-publish","4":"has-post-thumbnail","6":"product_cat-all-products","7":"product_cat-piping-bags","9":"first","10":"instock","11":"taxable","12":"shipping-taxable","13":"purchasable","14":"product-type-simple"},"_links":{"self":[{"href":"https:\/\/candeebaar.ee\/lv\/wp-json\/wp\/v2\/product\/4873","targetHints":{"allow":["GET"]}}],"collection":[{"href":"https:\/\/candeebaar.ee\/lv\/wp-json\/wp\/v2\/product"}],"about":[{"href":"https:\/\/candeebaar.ee\/lv\/wp-json\/wp\/v2\/types\/product"}],"version-history":[{"count":1,"href":"https:\/\/candeebaar.ee\/lv\/wp-json\/wp\/v2\/product\/4873\/revisions"}],"predecessor-version":[{"id":4874,"href":"https:\/\/candeebaar.ee\/lv\/wp-json\/wp\/v2\/product\/4873\/revisions\/4874"}],"wp:featuredmedia":[{"embeddable":true,"href":"https:\/\/candeebaar.ee\/lv\/wp-json\/wp\/v2\/media\/4869"}],"wp:attachment":[{"href":"https:\/\/candeebaar.ee\/lv\/wp-json\/wp\/v2\/media?parent=4873"}],"wp:term":[{"taxonomy":"product_brand","embeddable":true,"href":"https:\/\/candeebaar.ee\/lv\/wp-json\/wp\/v2\/product_brand?post=4873"},{"taxonomy":"product_cat","embeddable":true,"href":"https:\/\/candeebaar.ee\/lv\/wp-json\/wp\/v2\/product_cat?post=4873"},{"taxonomy":"product_tag","embeddable":true,"href":"https:\/\/candeebaar.ee\/lv\/wp-json\/wp\/v2\/product_tag?post=4873"}],"curies":[{"name":"wp","href":"https:\/\/api.w.org\/{rel}","templated":true}]}}