{"id":4875,"date":"2024-12-31T20:06:31","date_gmt":"2024-12-31T20:06:31","guid":{"rendered":"https:\/\/storetest.ivi.ee\/product\/ewald-gelatin-50g\/"},"modified":"2026-04-13T18:24:44","modified_gmt":"2026-04-13T16:24:44","slug":"ewald-zelatins-50g","status":"publish","type":"product","link":"https:\/\/candeebaar.ee\/lv\/veikals\/ewald-zelatins-50g\/","title":{"rendered":"Ewald \u017delat\u012bns 50g"},"content":{"rendered":"<p>Stiprums: 240 ziedi (plat\u012bns)<br \/>\n\u013boti sp\u0113c\u012bgas \u017eelat\u012bna loksnes.<br \/>\nProfesion\u0101lai lieto\u0161anai.<br \/>\nMasa: 50g<br \/>\nSast\u0101vs: \u017eelat\u012bns<br \/>\nDer\u012bguma termi\u0146\u0161: skat\u012bt uz iepakojuma<br \/>\nRa\u017eot\u0101js: V\u0101cija<\/p>\n<p>&nbsp;<\/p>\n<p>&nbsp;<\/p>","protected":false},"excerpt":{"rendered":"<p>Stiprums: 240 bloom (plat\u012bns) \u013boti sp\u0113c\u012bgas \u017eelat\u012bna loksnes. Profesion\u0101lai lieto\u0161anai. Masa: 50g Sast\u0101vs: \u017eelat\u012bns Der\u012bguma termi\u0146\u0161: skat\u012bt iepakojum\u0101 Ra\u017eot\u0101js: V\u0101cija &nbsp; &nbsp;<\/p>","protected":false},"featured_media":4877,"template":"","meta":{"_seopress_robots_primary_cat":"none","_seopress_titles_title":"","_seopress_titles_desc":"","_seopress_robots_index":""},"product_brand":[],"product_cat":[15,100],"product_tag":[],"class_list":{"0":"post-4875","1":"product","2":"type-product","3":"status-publish","4":"has-post-thumbnail","6":"product_cat-all-products","7":"product_cat-thickeners","9":"first","10":"instock","11":"taxable","12":"shipping-taxable","13":"purchasable","14":"product-type-simple"},"_links":{"self":[{"href":"https:\/\/candeebaar.ee\/lv\/wp-json\/wp\/v2\/product\/4875","targetHints":{"allow":["GET"]}}],"collection":[{"href":"https:\/\/candeebaar.ee\/lv\/wp-json\/wp\/v2\/product"}],"about":[{"href":"https:\/\/candeebaar.ee\/lv\/wp-json\/wp\/v2\/types\/product"}],"version-history":[{"count":2,"href":"https:\/\/candeebaar.ee\/lv\/wp-json\/wp\/v2\/product\/4875\/revisions"}],"predecessor-version":[{"id":10480,"href":"https:\/\/candeebaar.ee\/lv\/wp-json\/wp\/v2\/product\/4875\/revisions\/10480"}],"wp:featuredmedia":[{"embeddable":true,"href":"https:\/\/candeebaar.ee\/lv\/wp-json\/wp\/v2\/media\/4877"}],"wp:attachment":[{"href":"https:\/\/candeebaar.ee\/lv\/wp-json\/wp\/v2\/media?parent=4875"}],"wp:term":[{"taxonomy":"product_brand","embeddable":true,"href":"https:\/\/candeebaar.ee\/lv\/wp-json\/wp\/v2\/product_brand?post=4875"},{"taxonomy":"product_cat","embeddable":true,"href":"https:\/\/candeebaar.ee\/lv\/wp-json\/wp\/v2\/product_cat?post=4875"},{"taxonomy":"product_tag","embeddable":true,"href":"https:\/\/candeebaar.ee\/lv\/wp-json\/wp\/v2\/product_tag?post=4875"}],"curies":[{"name":"wp","href":"https:\/\/api.w.org\/{rel}","templated":true}]}}