{"id":4880,"date":"2024-12-31T20:06:31","date_gmt":"2024-12-31T20:06:31","guid":{"rendered":"https:\/\/storetest.ivi.ee\/product\/heat-resistant-silicone-mat-3040cm\/"},"modified":"2026-04-07T20:31:52","modified_gmt":"2026-04-07T18:31:52","slug":"karstumizturigs-silikona-paklajins-3040cm","status":"publish","type":"product","link":"https:\/\/candeebaar.ee\/lv\/veikals\/karstumizturigs-silikona-paklajins-3040cm\/","title":{"rendered":"Karstumiztur\u012bgs silikona pakl\u0101ji\u0146\u0161 30*40cm"},"content":{"rendered":"<p>Pastiprin\u0101ts silikona pakl\u0101ji\u0146\u0161, kas piem\u0113rots cep\u0161anai, bez\u0113 un zef\u012briem, k\u0101 ar\u012b konfek\u0161u pagatavo\u0161anai.<br \/>\nAizst\u0101j pergamenta pap\u012bru.<br \/>\nIzm\u0113rs 40x30cm<br \/>\nDarba temperat\u016bra: no -40\u00b0 l\u012bdz 240\u00b0C<br \/>\nMateri\u0101ls: p\u0101rtikas silikons, stikla \u0161\u0137iedra<\/p>","protected":false},"excerpt":{"rendered":"<p>Pastiprin\u0101ts silikona pakl\u0101ji\u0146\u0161, kas piem\u0113rots cep\u0161anai, bez\u0113 un zef\u012briem, k\u0101 ar\u012b konfek\u0161u pagatavo\u0161anai. Aizst\u0101j pergamenta pap\u012bru. Izm\u0113rs 40x30cm Darba temperat\u016bra: no -40\u00b0 l\u012bdz 240\u00b0C Materi\u0101ls: p\u0101rtikas silikons, stikla \u0161\u0137iedra<\/p>","protected":false},"featured_media":10491,"template":"","meta":{"_seopress_robots_primary_cat":"none","_seopress_titles_title":"","_seopress_titles_desc":"","_seopress_robots_index":""},"product_brand":[],"product_cat":[15,84],"product_tag":[],"class_list":{"0":"post-4880","1":"product","2":"type-product","3":"status-publish","4":"has-post-thumbnail","6":"product_cat-all-products","7":"product_cat-tools","9":"first","10":"instock","11":"taxable","12":"shipping-taxable","13":"purchasable","14":"product-type-simple"},"_links":{"self":[{"href":"https:\/\/candeebaar.ee\/lv\/wp-json\/wp\/v2\/product\/4880","targetHints":{"allow":["GET"]}}],"collection":[{"href":"https:\/\/candeebaar.ee\/lv\/wp-json\/wp\/v2\/product"}],"about":[{"href":"https:\/\/candeebaar.ee\/lv\/wp-json\/wp\/v2\/types\/product"}],"version-history":[{"count":1,"href":"https:\/\/candeebaar.ee\/lv\/wp-json\/wp\/v2\/product\/4880\/revisions"}],"predecessor-version":[{"id":4881,"href":"https:\/\/candeebaar.ee\/lv\/wp-json\/wp\/v2\/product\/4880\/revisions\/4881"}],"wp:featuredmedia":[{"embeddable":true,"href":"https:\/\/candeebaar.ee\/lv\/wp-json\/wp\/v2\/media\/10491"}],"wp:attachment":[{"href":"https:\/\/candeebaar.ee\/lv\/wp-json\/wp\/v2\/media?parent=4880"}],"wp:term":[{"taxonomy":"product_brand","embeddable":true,"href":"https:\/\/candeebaar.ee\/lv\/wp-json\/wp\/v2\/product_brand?post=4880"},{"taxonomy":"product_cat","embeddable":true,"href":"https:\/\/candeebaar.ee\/lv\/wp-json\/wp\/v2\/product_cat?post=4880"},{"taxonomy":"product_tag","embeddable":true,"href":"https:\/\/candeebaar.ee\/lv\/wp-json\/wp\/v2\/product_tag?post=4880"}],"curies":[{"name":"wp","href":"https:\/\/api.w.org\/{rel}","templated":true}]}}