{"id":4885,"date":"2024-12-31T20:06:31","date_gmt":"2024-12-31T20:06:31","guid":{"rendered":"https:\/\/storetest.ivi.ee\/product\/passion-fruit-puree-ravifruit-1000g\/"},"modified":"2026-03-11T09:33:18","modified_gmt":"2026-03-11T07:33:18","slug":"marakujas-biezenis-ravifruit-1000g","status":"publish","type":"product","link":"https:\/\/candeebaar.ee\/lv\/veikals\/marakujas-biezenis-ravifruit-1000g\/","title":{"rendered":"Marakujas aug\u013cu biezenis Ravifruit 1000g"},"content":{"rendered":"<p>Aug\u013cu biezenis no dab\u012bgiem aug\u013ciem. Lieliski piem\u0113rots putu k\u016bku, zef\u012bru, kr\u0113mu u.c. pagatavo\u0161anai.<br \/>\n Masa: 1000g<br \/>\n Sast\u0101vs: pasifloras auglis 90% cukurs 10%<br \/>\n Nesatur gar\u0161as piedevas, kr\u0101svielas vai konservantus.<br \/>\n Uzglab\u0101t tum\u0161\u0101, v\u0113s\u0101 viet\u0101.<br \/>\n Der\u012bguma termi\u0146\u0161: skat\u012bt uz iepakojuma<br \/>\n Ra\u017eot\u0101js: Ravifruit France<\/p>\n<p> <iframe src=\"\/\/www.youtube.com\/embed\/zjWpzJxaZic\" width=\"560\" height=\"314\" allowfullscreen=\"allowfullscreen\"><\/iframe><\/p>\n<p> &nbsp;<\/p>\n<p> &nbsp;<\/p>","protected":false},"excerpt":{"rendered":"<p>Aug\u013cu biezenis no dab\u012bgiem aug\u013ciem. Lieliski piem\u0113rots putu k\u016bku, zef\u012bru, kr\u0113mu uc pagatavo\u0161anai. Masa: 1000g Sast\u0101vs: Passion Fruit 90% Cukurs 10% Nesatur gar\u0161as piedevas, kr\u0101svielas vai konservantus. Uzglab\u0101t tum\u0161\u0101, v\u0113s\u0101 viet\u0101. Der\u012bguma termi\u0146\u0161: skat\u012bt uz iepakojuma Ra\u017eot\u0101js: Ravifruit France &nbsp; &nbsp;<\/p>","protected":false},"featured_media":4887,"template":"","meta":{"_seopress_robots_primary_cat":"","_seopress_titles_title":"","_seopress_titles_desc":"","_seopress_robots_index":""},"product_brand":[],"product_cat":[15,99],"product_tag":[],"class_list":{"0":"post-4885","1":"product","2":"type-product","3":"status-publish","4":"has-post-thumbnail","6":"product_cat-all-products","7":"product_cat-fruit-purees","9":"first","10":"outofstock","11":"taxable","12":"shipping-taxable","13":"purchasable","14":"product-type-simple"},"_links":{"self":[{"href":"https:\/\/candeebaar.ee\/lv\/wp-json\/wp\/v2\/product\/4885","targetHints":{"allow":["GET"]}}],"collection":[{"href":"https:\/\/candeebaar.ee\/lv\/wp-json\/wp\/v2\/product"}],"about":[{"href":"https:\/\/candeebaar.ee\/lv\/wp-json\/wp\/v2\/types\/product"}],"version-history":[{"count":1,"href":"https:\/\/candeebaar.ee\/lv\/wp-json\/wp\/v2\/product\/4885\/revisions"}],"predecessor-version":[{"id":4886,"href":"https:\/\/candeebaar.ee\/lv\/wp-json\/wp\/v2\/product\/4885\/revisions\/4886"}],"wp:featuredmedia":[{"embeddable":true,"href":"https:\/\/candeebaar.ee\/lv\/wp-json\/wp\/v2\/media\/4887"}],"wp:attachment":[{"href":"https:\/\/candeebaar.ee\/lv\/wp-json\/wp\/v2\/media?parent=4885"}],"wp:term":[{"taxonomy":"product_brand","embeddable":true,"href":"https:\/\/candeebaar.ee\/lv\/wp-json\/wp\/v2\/product_brand?post=4885"},{"taxonomy":"product_cat","embeddable":true,"href":"https:\/\/candeebaar.ee\/lv\/wp-json\/wp\/v2\/product_cat?post=4885"},{"taxonomy":"product_tag","embeddable":true,"href":"https:\/\/candeebaar.ee\/lv\/wp-json\/wp\/v2\/product_tag?post=4885"}],"curies":[{"name":"wp","href":"https:\/\/api.w.org\/{rel}","templated":true}]}}