{"id":4895,"date":"2024-12-31T20:06:31","date_gmt":"2024-12-31T20:06:31","guid":{"rendered":"https:\/\/storetest.ivi.ee\/product\/cake-box-30-30-20-5-cm\/"},"modified":"2026-04-15T11:47:25","modified_gmt":"2026-04-15T09:47:25","slug":"kuku-kaste-30-30-20-5-cm","status":"publish","type":"product","link":"https:\/\/candeebaar.ee\/lv\/veikals\/kuku-kaste-30-30-20-5-cm\/","title":{"rendered":"K\u016bku kaste 30 30 20,5 cm"},"content":{"rendered":"<p style=\"padding-left: 40px;\">K\u016bku kaste<br \/>\nPlatums: 30 cm<br \/>\nAugstums: 20,5 cm<br \/>\nKr\u0101sa: balta<br \/>\nMateri\u0101ls: mikro gofr\u0113ts kartons<\/p>\n<p>&nbsp;<\/p>","protected":false},"excerpt":{"rendered":"<p>K\u016bku kaste Platums: 30cm Augstums: 20,5cm Kr\u0101sa: balta Materi\u0101ls: mikrogofr\u0113ts kartons &nbsp;<\/p>","protected":false},"featured_media":4897,"template":"","meta":{"_seopress_robots_primary_cat":"none","_seopress_titles_title":"","_seopress_titles_desc":"","_seopress_robots_index":""},"product_brand":[],"product_cat":[15,134],"product_tag":[],"class_list":{"0":"post-4895","1":"product","2":"type-product","3":"status-publish","4":"has-post-thumbnail","6":"product_cat-all-products","7":"product_cat-30cm-base","9":"first","10":"instock","11":"taxable","12":"shipping-taxable","13":"purchasable","14":"product-type-simple"},"_links":{"self":[{"href":"https:\/\/candeebaar.ee\/lv\/wp-json\/wp\/v2\/product\/4895","targetHints":{"allow":["GET"]}}],"collection":[{"href":"https:\/\/candeebaar.ee\/lv\/wp-json\/wp\/v2\/product"}],"about":[{"href":"https:\/\/candeebaar.ee\/lv\/wp-json\/wp\/v2\/types\/product"}],"version-history":[{"count":3,"href":"https:\/\/candeebaar.ee\/lv\/wp-json\/wp\/v2\/product\/4895\/revisions"}],"predecessor-version":[{"id":11816,"href":"https:\/\/candeebaar.ee\/lv\/wp-json\/wp\/v2\/product\/4895\/revisions\/11816"}],"wp:featuredmedia":[{"embeddable":true,"href":"https:\/\/candeebaar.ee\/lv\/wp-json\/wp\/v2\/media\/4897"}],"wp:attachment":[{"href":"https:\/\/candeebaar.ee\/lv\/wp-json\/wp\/v2\/media?parent=4895"}],"wp:term":[{"taxonomy":"product_brand","embeddable":true,"href":"https:\/\/candeebaar.ee\/lv\/wp-json\/wp\/v2\/product_brand?post=4895"},{"taxonomy":"product_cat","embeddable":true,"href":"https:\/\/candeebaar.ee\/lv\/wp-json\/wp\/v2\/product_cat?post=4895"},{"taxonomy":"product_tag","embeddable":true,"href":"https:\/\/candeebaar.ee\/lv\/wp-json\/wp\/v2\/product_tag?post=4895"}],"curies":[{"name":"wp","href":"https:\/\/api.w.org\/{rel}","templated":true}]}}