{"id":4901,"date":"2024-12-31T20:06:31","date_gmt":"2024-12-31T20:06:31","guid":{"rendered":"https:\/\/storetest.ivi.ee\/product\/glucose-syrup-dan-sukker-400g\/"},"modified":"2026-04-13T12:03:17","modified_gmt":"2026-04-13T10:03:17","slug":"glikozes-sirups-un-sukkers-400g","status":"publish","type":"product","link":"https:\/\/candeebaar.ee\/lv\/veikals\/glikozes-sirups-un-sukkers-400g\/","title":{"rendered":"Glikozes s\u012brups Dan Sukker 400g"},"content":{"rendered":"<div class=\"product-content\">\n<div class=\"row-fluid\">\n<div class=\"span8\"><\/div>\n<\/div>\n<\/div>\n<div class=\"tab-content\">\n<div id=\"desc\" class=\"tab-pane active\" role=\"tabpanel\">\n<div id=\"product-full-desc\" class=\"user-inner\" data-ng-non-bindable=\"\">\n<p style=\"padding-left: 30px;\">Izmanto karame\u013cu, glaz\u016bru, putu u.c.<br \/>\nSast\u0101vs: glikozes s\u012brups.<br \/>\n100 g produkta satur:<br \/>\nOlbaltumvielas 0g<br \/>\nTauki 0g<br \/>\nOg\u013chidr\u0101ti 77g (no tiem cukuri 23g)<br \/>\n310 kCal<br \/>\n1300\u00a0kJ<br \/>\nDer\u012bguma termi\u0146\u0161: skat\u012bt uz iepakojuma<br \/>\nUzglab\u0101t istabas temperat\u016br\u0101.<br \/>\nNeto svars: 400g.<br \/>\nRa\u017eot\u0101js: Dan Sukker Sweden<\/p>\n<\/div>\n<\/div>\n<\/div>","protected":false},"excerpt":{"rendered":"<p>Izmanto karame\u013cu, glaz\u016bru, putu uc pagatavo\u0161anai Sast\u0101vs: glikozes s\u012brups. 100g produkta satur: Olbaltumvielas 0g Tauki 0g Og\u013chidr\u0101ti 77g (no tiem cukuri 23g) kCal 310 kJ 1300 Der\u012bguma termi\u0146\u0161: skat\u012bt uz iepakojuma Uzglab\u0101t istabas temperat\u016br\u0101. Neto svars: 400g. Ra\u017eot\u0101js: Dan Sukker Sweden<\/p>","protected":false},"featured_media":4903,"template":"","meta":{"_seopress_robots_primary_cat":"none","_seopress_titles_title":"","_seopress_titles_desc":"","_seopress_robots_index":""},"product_brand":[],"product_cat":[15,102],"product_tag":[],"class_list":{"0":"post-4901","1":"product","2":"type-product","3":"status-publish","4":"has-post-thumbnail","6":"product_cat-all-products","7":"product_cat-sugars","9":"first","10":"instock","11":"taxable","12":"shipping-taxable","13":"purchasable","14":"product-type-simple"},"_links":{"self":[{"href":"https:\/\/candeebaar.ee\/lv\/wp-json\/wp\/v2\/product\/4901","targetHints":{"allow":["GET"]}}],"collection":[{"href":"https:\/\/candeebaar.ee\/lv\/wp-json\/wp\/v2\/product"}],"about":[{"href":"https:\/\/candeebaar.ee\/lv\/wp-json\/wp\/v2\/types\/product"}],"version-history":[{"count":1,"href":"https:\/\/candeebaar.ee\/lv\/wp-json\/wp\/v2\/product\/4901\/revisions"}],"predecessor-version":[{"id":4902,"href":"https:\/\/candeebaar.ee\/lv\/wp-json\/wp\/v2\/product\/4901\/revisions\/4902"}],"wp:featuredmedia":[{"embeddable":true,"href":"https:\/\/candeebaar.ee\/lv\/wp-json\/wp\/v2\/media\/4903"}],"wp:attachment":[{"href":"https:\/\/candeebaar.ee\/lv\/wp-json\/wp\/v2\/media?parent=4901"}],"wp:term":[{"taxonomy":"product_brand","embeddable":true,"href":"https:\/\/candeebaar.ee\/lv\/wp-json\/wp\/v2\/product_brand?post=4901"},{"taxonomy":"product_cat","embeddable":true,"href":"https:\/\/candeebaar.ee\/lv\/wp-json\/wp\/v2\/product_cat?post=4901"},{"taxonomy":"product_tag","embeddable":true,"href":"https:\/\/candeebaar.ee\/lv\/wp-json\/wp\/v2\/product_tag?post=4901"}],"curies":[{"name":"wp","href":"https:\/\/api.w.org\/{rel}","templated":true}]}}