{"id":4915,"date":"2024-12-31T20:07:25","date_gmt":"2024-12-31T20:07:25","guid":{"rendered":"https:\/\/storetest.ivi.ee\/product\/callebaut-strawberry-chocolate-30-200g\/"},"modified":"2026-02-18T10:27:42","modified_gmt":"2026-02-18T08:27:42","slug":"callebaut-zemenu-sokolade-30-200g","status":"publish","type":"product","link":"https:\/\/candeebaar.ee\/lv\/veikals\/callebaut-zemenu-sokolade-30-200g\/","title":{"rendered":"Callebaut zeme\u0146u \u0161okol\u0101de (30%) 200g"},"content":{"rendered":"<p>Roz\u0101 \u0161okol\u0101de ar zeme\u0146u gar\u0161u. Lieliski piem\u0113rots dekor\u0113\u0161anai, gana\u0161iem un konfekt\u0113m.<br \/>\nIzgatavota no balt\u0101s \u0161okol\u0101des, t\u0101 ir r\u016bd\u012bta t\u0101pat k\u0101 parast\u0101 balt\u0101 \u0161okol\u0101de.<br \/>\nKakao saturs 30%.<br \/>\nSast\u0101vs: cukurs, kakao sviests (30%), pilnpiena pulveris, emulgators: sojas lecit\u012bns, aromatiz\u0113t\u0101js, kr\u0101sviela: E120, dab\u012bgs vani\u013cas aromatiz\u0113t\u0101js.<br \/>\n200g<\/p>\n<table style=\"height: 160px; width: 409px;\" width=\"409\">\n<tbody>\n<tr>\n<td style=\"width: 244px;\">Saturs per<\/td>\n<td style=\"width: 150.4px;\">100g<\/td>\n<\/tr>\n<tr>\n<td style=\"width: 244px;\">Uzturv\u0113rt\u012bba<\/td>\n<td style=\"width: 150.4px;\">567 kcal 2374 kJ<\/td>\n<\/tr>\n<tr>\n<td style=\"width: 244px;\">Tauki (no tiem pies\u0101tin\u0101tie)<\/td>\n<td style=\"width: 150.4px;\">36\u00a0g (22\u00a0g)<\/td>\n<\/tr>\n<tr>\n<td style=\"width: 244px;\">Og\u013chidr\u0101ti (cukurs)<\/td>\n<td style=\"width: 150.4px;\">55\u00a0g (55\u00a0g)<\/td>\n<\/tr>\n<tr>\n<td style=\"width: 244px;\">Olbaltumvielas<\/td>\n<td style=\"width: 150.4px;\">6,1\u00a0g<\/td>\n<\/tr>\n<tr>\n<td style=\"width: 244px;\">S\u0101ls<\/td>\n<td style=\"width: 150.4px;\">0,23 g<\/td>\n<\/tr>\n<\/tbody>\n<\/table>\n<p>Uzglab\u0101\u0161anas temperat\u016bra: <strong>12 \u2013 20 \u00b0C<br \/>\n<\/strong>Satur <strong>piens, soja,<\/strong> gar\u0161as piedevas, kr\u0101sviela E120<br \/>\nRa\u017eots: CALLEBAUT Be\u013c\u0123ija.<br \/>\nTurkl\u0101t vietn\u0113 varat atrast daudzas jaunas receptes un uzzin\u0101t par vi\u0146u produktiem <a href=\"https:\/\/www.callebaut.com\/\">callebaut.com<\/a>.<\/p>\n<p>&nbsp;<\/p>","protected":false},"excerpt":{"rendered":"<p>Roz\u0101 \u0161okol\u0101de ar zeme\u0146u gar\u0161u. Lieliski piem\u0113rota dekor\u0113\u0161anai, gana\u0161iem un konfekt\u0113m. Pagatavota no balt\u0101s \u0161okol\u0101des, t\u0101 ir temper\u0113ta t\u0101pat k\u0101 parast\u0101 balt\u0101 \u0161okol\u0101de. Kakao saturs 30%. Sast\u0101vda\u013cas: cukurs, kakao sviests (30%), pilnpiena pulveris, emulgators: sojas lecit\u012bns, aromatiz\u0113t\u0101js, kr\u0101sviela: E120, dab\u012bgs vani\u013cas aromatiz\u0113t\u0101js. 200 g Saturs uz 100 g Uzturv\u0113rt\u012bba 567 kcal 2374 kJ Tauki (no kuriem [\u2026]<\/p>","protected":false},"featured_media":4861,"template":"","meta":{"_seopress_robots_primary_cat":"none","_seopress_titles_title":"","_seopress_titles_desc":"","_seopress_robots_index":""},"product_brand":[],"product_cat":[183,15,110],"product_tag":[],"class_list":{"0":"post-4915","1":"product","2":"type-product","3":"status-publish","4":"has-post-thumbnail","6":"product_cat-valentines-day","7":"product_cat-all-products","8":"product_cat-callebaut","9":"brand-callebaut","11":"first","12":"instock","13":"taxable","14":"shipping-taxable","15":"purchasable","16":"product-type-simple"},"_links":{"self":[{"href":"https:\/\/candeebaar.ee\/lv\/wp-json\/wp\/v2\/product\/4915","targetHints":{"allow":["GET"]}}],"collection":[{"href":"https:\/\/candeebaar.ee\/lv\/wp-json\/wp\/v2\/product"}],"about":[{"href":"https:\/\/candeebaar.ee\/lv\/wp-json\/wp\/v2\/types\/product"}],"version-history":[{"count":3,"href":"https:\/\/candeebaar.ee\/lv\/wp-json\/wp\/v2\/product\/4915\/revisions"}],"predecessor-version":[{"id":11921,"href":"https:\/\/candeebaar.ee\/lv\/wp-json\/wp\/v2\/product\/4915\/revisions\/11921"}],"wp:featuredmedia":[{"embeddable":true,"href":"https:\/\/candeebaar.ee\/lv\/wp-json\/wp\/v2\/media\/4861"}],"wp:attachment":[{"href":"https:\/\/candeebaar.ee\/lv\/wp-json\/wp\/v2\/media?parent=4915"}],"wp:term":[{"taxonomy":"product_brand","embeddable":true,"href":"https:\/\/candeebaar.ee\/lv\/wp-json\/wp\/v2\/product_brand?post=4915"},{"taxonomy":"product_cat","embeddable":true,"href":"https:\/\/candeebaar.ee\/lv\/wp-json\/wp\/v2\/product_cat?post=4915"},{"taxonomy":"product_tag","embeddable":true,"href":"https:\/\/candeebaar.ee\/lv\/wp-json\/wp\/v2\/product_tag?post=4915"}],"curies":[{"name":"wp","href":"https:\/\/api.w.org\/{rel}","templated":true}]}}