{"id":4924,"date":"2024-12-31T20:07:25","date_gmt":"2024-12-31T20:07:25","guid":{"rendered":"https:\/\/storetest.ivi.ee\/product\/salliselta-edible-pearls-80g-soft\/"},"modified":"2025-06-08T15:27:38","modified_gmt":"2025-06-08T13:27:38","slug":"salliselta-edamas-perles-80g-mikstas","status":"publish","type":"product","link":"https:\/\/candeebaar.ee\/lv\/veikals\/salliselta-edamas-perles-80g-mikstas\/","title":{"rendered":"Salliselta \u0113dam\u0101s p\u0113rles 80g (m\u012bkstas)"},"content":{"rendered":"<p>\u0112damo p\u0113r\u013cu rot\u0101jumi.<br \/>\nIzm\u0113rs: \u22484 mm<br \/>\nKr\u0101sa: met\u0101liska p\u0113rle<br \/>\nSast\u0101vs: dekstroze, cukurs, r\u012bsu milti, glikozes s\u012brups, E173, aromatiz\u0113t\u0101ji, E330, s\u0101ls, \u017eelat\u012bns, E903<br \/>\nNeto svars: 80g<br \/>\nIepakots Somij\u0101.<\/p>","protected":false},"excerpt":{"rendered":"<p>\u0112damo p\u0113r\u013cu rot\u0101jumi. Izm\u0113rs: \u22484mm Kr\u0101sa: met\u0101liska p\u0113rle Sast\u0101vs: dekstroze, cukurs, r\u012bsu milti, glikozes s\u012brups, E173, aromatiz\u0113t\u0101ji, E330, s\u0101ls, \u017eelat\u012bns, E903 Neto svars: 80g Iepakots Somij\u0101.<\/p>","protected":false},"featured_media":4926,"template":"","meta":{"_seopress_robots_primary_cat":"","_seopress_titles_title":"","_seopress_titles_desc":"","_seopress_robots_index":""},"product_brand":[],"product_cat":[15,104],"product_tag":[],"class_list":{"0":"post-4924","1":"product","2":"type-product","3":"status-publish","4":"has-post-thumbnail","6":"product_cat-all-products","7":"product_cat-sprinkles","9":"first","10":"outofstock","11":"taxable","12":"shipping-taxable","13":"purchasable","14":"product-type-simple"},"_links":{"self":[{"href":"https:\/\/candeebaar.ee\/lv\/wp-json\/wp\/v2\/product\/4924","targetHints":{"allow":["GET"]}}],"collection":[{"href":"https:\/\/candeebaar.ee\/lv\/wp-json\/wp\/v2\/product"}],"about":[{"href":"https:\/\/candeebaar.ee\/lv\/wp-json\/wp\/v2\/types\/product"}],"version-history":[{"count":1,"href":"https:\/\/candeebaar.ee\/lv\/wp-json\/wp\/v2\/product\/4924\/revisions"}],"predecessor-version":[{"id":4925,"href":"https:\/\/candeebaar.ee\/lv\/wp-json\/wp\/v2\/product\/4924\/revisions\/4925"}],"wp:featuredmedia":[{"embeddable":true,"href":"https:\/\/candeebaar.ee\/lv\/wp-json\/wp\/v2\/media\/4926"}],"wp:attachment":[{"href":"https:\/\/candeebaar.ee\/lv\/wp-json\/wp\/v2\/media?parent=4924"}],"wp:term":[{"taxonomy":"product_brand","embeddable":true,"href":"https:\/\/candeebaar.ee\/lv\/wp-json\/wp\/v2\/product_brand?post=4924"},{"taxonomy":"product_cat","embeddable":true,"href":"https:\/\/candeebaar.ee\/lv\/wp-json\/wp\/v2\/product_cat?post=4924"},{"taxonomy":"product_tag","embeddable":true,"href":"https:\/\/candeebaar.ee\/lv\/wp-json\/wp\/v2\/product_tag?post=4924"}],"curies":[{"name":"wp","href":"https:\/\/api.w.org\/{rel}","templated":true}]}}