{"id":4946,"date":"2024-12-31T20:07:25","date_gmt":"2024-12-31T20:07:25","guid":{"rendered":"https:\/\/storetest.ivi.ee\/product\/corn-starch-ruf-400g\/"},"modified":"2026-04-23T08:09:23","modified_gmt":"2026-04-23T06:09:23","slug":"kukuruzas-ciete-ruf-400g","status":"publish","type":"product","link":"https:\/\/candeebaar.ee\/lv\/veikals\/kukuruzas-ciete-ruf-400g\/","title":{"rendered":"Kukur\u016bzas ciete Ruf 400g"},"content":{"rendered":"<p>Kukur\u016bzas cieti k\u0101 p\u0101rtikas piedevu izmanto daudzu p\u0101rtikas produktu biezin\u0101\u0161anai, \u017eeleju, m\u0113r\u010du un m\u0113r\u010du pagatavo\u0161anai.<br \/>\nSast\u0101vs uz 100 g:<br \/>\n1488kJ 350kcal<br \/>\nTauki (pies\u0101tin\u0101tie): 0,5 g (0 g)<br \/>\nOg\u013chidr\u0101ti (cukuri): 87g (0g)<br \/>\nOlbaltumvielas: 0,5 g<br \/>\nS\u0101ls: 0,09 g<br \/>\nMasa: 400g<br \/>\nVar satur\u0113t p\u0113das <strong>lipeklis<\/strong> un <strong>laktoze<\/strong>.<br \/>\nUzglab\u0101t saus\u0101 viet\u0101 nosl\u0113gt\u0101 iepakojum\u0101.<\/p>","protected":false},"excerpt":{"rendered":"<p>Kukur\u016bzas cieti k\u0101 p\u0101rtikas piedevu izmanto daudzu p\u0101rtikas produktu biezin\u0101\u0161anai, \u017eeleju, m\u0113r\u010du un m\u0113r\u010du pagatavo\u0161anai. Saturs uz 100g: 1488kJ 350kcal Tauki (pies\u0101tin\u0101tie): 0,5g (0g) Og\u013chidr\u0101ti (cukuri): 87g (0g) Olbaltumvielas: 0,5g S\u0101ls: 0,09g Masa: 400g Var satur\u0113t glut\u0113na un laktozes p\u0113das. Uzglab\u0101t saus\u0101 viet\u0101 nosl\u0113gt\u0101 iepakojum\u0101.<\/p>","protected":false},"featured_media":4948,"template":"","meta":{"_seopress_robots_primary_cat":"","_seopress_titles_title":"","_seopress_titles_desc":"","_seopress_robots_index":""},"product_brand":[],"product_cat":[15,100,109],"product_tag":[],"class_list":{"0":"post-4946","1":"product","2":"type-product","3":"status-publish","4":"has-post-thumbnail","6":"product_cat-all-products","7":"product_cat-thickeners","8":"product_cat-sale","10":"first","11":"instock","12":"sale","13":"taxable","14":"shipping-taxable","15":"purchasable","16":"product-type-simple"},"_links":{"self":[{"href":"https:\/\/candeebaar.ee\/lv\/wp-json\/wp\/v2\/product\/4946","targetHints":{"allow":["GET"]}}],"collection":[{"href":"https:\/\/candeebaar.ee\/lv\/wp-json\/wp\/v2\/product"}],"about":[{"href":"https:\/\/candeebaar.ee\/lv\/wp-json\/wp\/v2\/types\/product"}],"version-history":[{"count":1,"href":"https:\/\/candeebaar.ee\/lv\/wp-json\/wp\/v2\/product\/4946\/revisions"}],"predecessor-version":[{"id":4947,"href":"https:\/\/candeebaar.ee\/lv\/wp-json\/wp\/v2\/product\/4946\/revisions\/4947"}],"wp:featuredmedia":[{"embeddable":true,"href":"https:\/\/candeebaar.ee\/lv\/wp-json\/wp\/v2\/media\/4948"}],"wp:attachment":[{"href":"https:\/\/candeebaar.ee\/lv\/wp-json\/wp\/v2\/media?parent=4946"}],"wp:term":[{"taxonomy":"product_brand","embeddable":true,"href":"https:\/\/candeebaar.ee\/lv\/wp-json\/wp\/v2\/product_brand?post=4946"},{"taxonomy":"product_cat","embeddable":true,"href":"https:\/\/candeebaar.ee\/lv\/wp-json\/wp\/v2\/product_cat?post=4946"},{"taxonomy":"product_tag","embeddable":true,"href":"https:\/\/candeebaar.ee\/lv\/wp-json\/wp\/v2\/product_tag?post=4946"}],"curies":[{"name":"wp","href":"https:\/\/api.w.org\/{rel}","templated":true}]}}